{"id":15,"date":"2015-06-16T11:05:16","date_gmt":"2015-06-16T16:05:16","guid":{"rendered":"http:\/\/www.stormwaterinspections.org\/?page_id=15"},"modified":"2020-05-28T18:15:49","modified_gmt":"2020-05-28T22:15:49","slug":"miami-bankruptcy-law-firm-contact","status":"publish","type":"page","link":"https:\/\/roblespa.com\/es\/miami-bankruptcy-law-firm-contact\/","title":{"rendered":"Cont\u00e1ctenos"},"content":{"rendered":"<p><div class=\"fusion-fullwidth fullwidth-box fusion-builder-row-1 fusion-flex-container nonhundred-percent-fullwidth non-hundred-percent-height-scrolling\" style=\"--awb-border-radius-top-left:0px;--awb-border-radius-top-right:0px;--awb-border-radius-bottom-right:0px;--awb-border-radius-bottom-left:0px;--awb-padding-top:0px;--awb-padding-right:0px;--awb-padding-bottom:0px;--awb-padding-left:0px;--awb-margin-top:0px;--awb-margin-bottom:0px;--awb-flex-wrap:wrap;\" ><div class=\"fusion-builder-row fusion-row fusion-flex-align-items-flex-start fusion-flex-content-wrap\" style=\"max-width:calc( 1200px + 0px );margin-left: calc(-0px \/ 2 );margin-right: calc(-0px \/ 2 );\"><div class=\"fusion-layout-column fusion_builder_column fusion-builder-column-0 fusion_builder_column_1_1 1_1 fusion-flex-column\" style=\"--awb-bg-size:cover;--awb-width-large:100%;--awb-margin-top-large:0px;--awb-spacing-right-large:0px;--awb-margin-bottom-large:0px;--awb-spacing-left-large:0px;--awb-width-medium:100%;--awb-spacing-right-medium:0px;--awb-spacing-left-medium:0px;--awb-width-small:100%;--awb-spacing-right-small:0px;--awb-spacing-left-small:0px;\"><div class=\"fusion-column-wrapper fusion-flex-justify-content-flex-start fusion-content-layout-column\"><div class=\"shortcode-map fusion-google-map fusion-maps-embed-type\"><iframe width=\"100%\" height=\"700px\" frameborder=\"0\" style=\"border:0\" src=\"https:\/\/www.google.com\/maps\/embed\/v1\/place?key=AIzaSyD9drFLjdftc32lRvDcLon2hptWvrYzvoU&language=es&q=905+Brickell+Bay+Drive+Miami,+Florida+33131&maptype=roadmap&zoom=14\" allowfullscreen><\/iframe><\/div><\/div><\/div><\/div><\/div><div class=\"fusion-fullwidth fullwidth-box fusion-builder-row-2 fusion-flex-container nonhundred-percent-fullwidth non-hundred-percent-height-scrolling\" style=\"--awb-border-radius-top-left:0px;--awb-border-radius-top-right:0px;--awb-border-radius-bottom-right:0px;--awb-border-radius-bottom-left:0px;--awb-padding-top:0px;--awb-padding-right:0px;--awb-padding-bottom:0px;--awb-padding-left:0px;--awb-margin-top:-7px;--awb-margin-bottom:0px;--awb-background-color:#4183ce;--awb-flex-wrap:wrap;\" ><div class=\"fusion-builder-row fusion-row fusion-flex-align-items-flex-start fusion-flex-content-wrap\" style=\"max-width:1248px;margin-left: calc(-4% \/ 2 );margin-right: calc(-4% \/ 2 );\"><div class=\"fusion-layout-column fusion_builder_column fusion-builder-column-1 fusion_builder_column_1_2 1_2 fusion-flex-column contact_col1\" style=\"--awb-padding-top:0px;--awb-padding-right:0px;--awb-padding-bottom:0px;--awb-padding-left:0px;--awb-bg-size:cover;--awb-width-large:50%;--awb-margin-top-large:0px;--awb-spacing-right-large:3.84%;--awb-margin-bottom-large:0px;--awb-spacing-left-large:3.84%;--awb-width-medium:50%;--awb-spacing-right-medium:3.84%;--awb-spacing-left-medium:3.84%;--awb-width-small:50%;--awb-spacing-right-small:3.84%;--awb-spacing-left-small:3.84%;\" id=\"contact_col_id\"><div class=\"fusion-column-wrapper fusion-column-has-shadow fusion-flex-justify-content-flex-start fusion-content-layout-column\"><div class=\"fusion-text fusion-text-1 Col1x\"><h3 style=\"text-align: left;\"><span style=\"font-family: Prata; color: #ffffff; font-size: 32px;\">Richard R. Robles, P.A.<\/span><\/h3>\n<p style=\"font-weight: 400; text-align: justify;\"><span style=\"font-family: Prata; color: #ffffff; font-size: 16px;\">Lea por favor el siguiente aviso antes de enviar alg\u00fan email a nuestra firma. La mejor manera para que usted investigue sobre una posible representacion es llam\u00e1ndonos.\nDespu\u00e9s de que determinemos que podemos representarle, estaremos listos para atender sus necesidades. <a style=\"color: #ffffff;\" href=\"\/es\/service\/Bankruptcy\/\">Ley de quiebra<\/a>, <a style=\"color: #ffffff;\" href=\"\/es\/service\/personal-injury\/\">Lesiones Personales<\/a>, <a style=\"color: #ffffff;\" href=\"\/es\/service\/commercial-litigation\/\">Litigios Comerciales<\/a>, <a style=\"color: #ffffff;\" href=\"\/es\/service\/foreclosures\/\">Servicios Inmobiliarios<\/a>, <a style=\"color: #ffffff;\" href=\"\/es\/service\/loan-modifications\/\">Modificaciones de pr\u00e9stamos,<\/a> <a style=\"color: #ffffff;\" href=\"\/es\/service\/real-estate-Services\/\">Litios de Bienes Raices<\/a>, <a style=\"color: #ffffff;\" href=\"\/es\/service\/corporate-and-business-law\/\">Derecho Corporativo y Comercial<\/a>.<\/span><\/p>\n<\/div><div class=\"fusion-separator seperator_contact\" style=\"align-self: center;margin-left: auto;margin-right: auto;margin-bottom:30px;width:100%;max-width:63%;\" id=\"seperator_contact1\"><div class=\"fusion-separator-border sep-single sep-solid\" style=\"--awb-height:20px;--awb-amount:20px;border-color:#e0dede;border-top-width:1px;\"><\/div><\/div><div class=\"fusion-text fusion-text-2 Col13\"><p><span style=\"font-family: Prata; color: #ffffff;\"><b><strong>905 Brickell Bay Drive<\/strong><\/b><\/span><\/p>\n<p><span style=\"font-family: Prata; color: #ffffff;\"><b><strong>Four Ambassadors<\/strong><\/b><\/span><\/p>\n<p><span style=\"font-family: Prata; color: #ffffff;\"><b><strong>Tower II, Mezzanine, Suite 228<\/strong><\/b><\/span><\/p>\n<p><span style=\"font-family: Prata; color: #ffffff;\"><b><strong>Miami, Florida 33131<\/strong><\/b><\/span><\/p>\n<p><span style=\"font-family: Prata; color: #ffffff;\"><b><strong>El correo electr\u00f3nico:\u00a0<a style=\"color: #ffffff;\" href=\"mailto:info@roblespa.com\">info@roblespa.com<\/a><\/strong><\/b><\/span><\/p>\n<p><span style=\"font-family: Prata; color: #ffffff;\"><b><strong>Miami:\u00a0<a style=\"color: #ffffff;\" href=\"tel:305-755-9200\">(305) 755-9200<\/a><\/strong><\/b><\/span><\/p>\n<p><span style=\"font-family: Prata; color: #ffffff;\"><b><strong>Broward:\u00a0<a style=\"color: #ffffff;\" href=\"tel:954-359-6700\">(954) 359-6700<\/a><\/strong><\/b><\/span><\/p>\n<p><span style=\"font-family: Prata; color: #ffffff;\"><b><strong>Puerto Rico:\u00a0<a style=\"color: #ffffff;\" href=\"tel:787-281-9200\">(787) 281-9200<\/a><\/strong><\/b><\/span><\/p>\n<p><span style=\"font-family: Prata; color: #ffffff;\"><b><strong>Facsimile: (305) 755-9270<\/strong><\/b><\/span><\/p>\n<\/div><\/div><\/div><div class=\"fusion-layout-column fusion_builder_column fusion-builder-column-2 fusion_builder_column_1_2 1_2 fusion-flex-column Col2x\" style=\"--awb-padding-top:20px;--awb-padding-right:0px;--awb-padding-bottom:0px;--awb-padding-left:0px;--awb-bg-color:#000000;--awb-bg-color-hover:#000000;--awb-bg-size:cover;--awb-width-large:50%;--awb-margin-top-large:0px;--awb-spacing-right-large:3.84%;--awb-margin-bottom-large:0px;--awb-spacing-left-large:3.84%;--awb-width-medium:50%;--awb-spacing-right-medium:3.84%;--awb-spacing-left-medium:3.84%;--awb-width-small:50%;--awb-spacing-right-small:3.84%;--awb-spacing-left-small:3.84%;\"><div class=\"fusion-column-wrapper fusion-column-has-shadow fusion-flex-justify-content-flex-start fusion-content-layout-column\"><div class=\"fusion-text fusion-text-3 Col12\"><div class=\"form-title\" style=\"text-align: left;\"><span id=\"Cnt_Body_Cnt_Content_element_4319_labelTitle\" style=\"font-family: Prata; font-size: 28px; color: #ffffff;\">Env\u00edenos un mensaje<\/span><\/div>\n<div><\/div>\n<div class=\"form-description\" style=\"text-align: justify;\"><span id=\"Cnt_Body_Cnt_Content_element_4319_labelDescription\" style=\"font-family: Prata; font-size: 16px; color: #ffffff;\">Si usted tiene alguna pregunta o sugerencia, puede contactarnos. El env\u00edo de un email no lo(a) har\u00e1 un cliente oficial nuestro, cualquier cosa que usted nos env\u00ede no ser\u00e1 confidencial o de caracter privilegiado hasta que hayamos acordado representarle.<\/span><\/div>\n<div><\/div>\n<div>\n\n<div class=\"wpcf7 no-js\" id=\"wpcf7-f14-o1\" lang=\"en-US\" dir=\"ltr\" data-wpcf7-id=\"14\">\n<div class=\"screen-reader-response\"><p role=\"status\" aria-live=\"polite\" aria-atomic=\"true\"><\/p> <ul><\/ul><\/div>\n<form action=\"\/es\/wp-json\/wp\/v2\/pages\/15#wpcf7-f14-o1\" method=\"post\" class=\"wpcf7-form init\" aria-label=\"Contact form\" novalidate=\"novalidate\" data-status=\"init\" data-trp-original-action=\"\/es\/wp-json\/wp\/v2\/pages\/15#wpcf7-f14-o1\">\n<fieldset class=\"hidden-fields-container\"><input type=\"hidden\" name=\"_wpcf7\" value=\"14\" \/><input type=\"hidden\" name=\"_wpcf7_version\" value=\"6.1.3\" \/><input type=\"hidden\" name=\"_wpcf7_locale\" value=\"en_US\" \/><input type=\"hidden\" name=\"_wpcf7_unit_tag\" value=\"wpcf7-f14-o1\" \/><input type=\"hidden\" name=\"_wpcf7_container_post\" value=\"0\" \/><input type=\"hidden\" name=\"_wpcf7_posted_data_hash\" value=\"\" \/><input type=\"hidden\" name=\"_wpcf7_recaptcha_response\" value=\"\" \/>\n<\/fieldset>\n<p>Nombre\n<\/p>\n<p><span class=\"wpcf7-form-control-wrap\" data-name=\"your-name\"><input size=\"40\" maxlength=\"400\" class=\"wpcf7-form-control wpcf7-text wpcf7-validates-as-required\" aria-required=\"true\" aria-invalid=\"false\" value=\"\" type=\"text\" name=\"your-name\" \/><\/span>\n<\/p>\n<p>Electr\u00f3nico\n<\/p>\n<p><span class=\"wpcf7-form-control-wrap\" data-name=\"your-email\"><input size=\"40\" maxlength=\"400\" class=\"wpcf7-form-control wpcf7-email wpcf7-validates-as-required wpcf7-text wpcf7-validates-as-email\" aria-required=\"true\" aria-invalid=\"false\" value=\"\" type=\"email\" name=\"your-email\" \/><\/span>\n<\/p>\n<p>Tel\u00e9fono\n<\/p>\n<p><span class=\"wpcf7-form-control-wrap\" data-name=\"your-phone\"><input size=\"40\" maxlength=\"400\" class=\"wpcf7-form-control wpcf7-tel wpcf7-text wpcf7-validates-as-tel\" aria-invalid=\"false\" value=\"\" type=\"tel\" name=\"your-phone\" \/><\/span>\n<\/p>\n<p>Comentarios\n<\/p>\n<p><span class=\"wpcf7-form-control-wrap\" data-name=\"your-message\"><textarea cols=\"40\" rows=\"10\" maxlength=\"2000\" class=\"wpcf7-form-control wpcf7-textarea\" aria-invalid=\"false\" name=\"your-message\"><\/textarea><\/span>\n<\/p>\n<p><input class=\"wpcf7-form-control wpcf7-submit has-spinner\" type=\"submit\" value=\"ENVIAR\" \/>\n<\/p><p style=\"display: none !important;\" class=\"akismet-fields-container\" data-prefix=\"_wpcf7_ak_\"><label>&#916;<textarea name=\"_wpcf7_ak_hp_textarea\" cols=\"45\" rows=\"8\" maxlength=\"100\"><\/textarea><\/label><input type=\"hidden\" id=\"ak_js_1\" name=\"_wpcf7_ak_js\" value=\"27\"\/><script>document.getElementById( \"ak_js_1\" ).setAttribute( \"value\", ( new Date() ).getTime() );<\/script><\/p><div class=\"fusion-alert alert custom alert-custom fusion-alert-center wpcf7-response-output fusion-alert-capitalize awb-alert-native-link-color alert-dismissable awb-alert-close-boxed\" style=\"--awb-border-size:1px;--awb-border-top-left-radius:0px;--awb-border-top-right-radius:0px;--awb-border-bottom-left-radius:0px;\" role=\"alert\"><div class=\"fusion-alert-content-wrapper\"><span class=\"fusion-alert-content\"><\/span><\/div><button type=\"button\" class=\"close toggle-alert\" data-dismiss=\"alert\" aria-label=\"Close\">&times;<\/button><\/div>\n<input type=\"hidden\" name=\"trp-form-language\" value=\"es\"\/><\/form>\n<\/div>\n\n<\/div>\n<div><\/div>\n<\/div><\/div><\/div><\/div><\/div><\/p>","protected":false},"excerpt":{"rendered":"","protected":false},"author":3,"featured_media":0,"parent":0,"menu_order":0,"comment_status":"closed","ping_status":"closed","template":"100-width.php","meta":{"footnotes":""},"class_list":["post-15","page","type-page","status-publish","hentry"],"_links":{"self":[{"href":"https:\/\/roblespa.com\/es\/wp-json\/wp\/v2\/pages\/15","targetHints":{"allow":["GET"]}}],"collection":[{"href":"https:\/\/roblespa.com\/es\/wp-json\/wp\/v2\/pages"}],"about":[{"href":"https:\/\/roblespa.com\/es\/wp-json\/wp\/v2\/types\/page"}],"author":[{"embeddable":true,"href":"https:\/\/roblespa.com\/es\/wp-json\/wp\/v2\/users\/3"}],"replies":[{"embeddable":true,"href":"https:\/\/roblespa.com\/es\/wp-json\/wp\/v2\/comments?post=15"}],"version-history":[{"count":1,"href":"https:\/\/roblespa.com\/es\/wp-json\/wp\/v2\/pages\/15\/revisions"}],"predecessor-version":[{"id":5508,"href":"https:\/\/roblespa.com\/es\/wp-json\/wp\/v2\/pages\/15\/revisions\/5508"}],"wp:attachment":[{"href":"https:\/\/roblespa.com\/es\/wp-json\/wp\/v2\/media?parent=15"}],"curies":[{"name":"wp","href":"https:\/\/api.w.org\/{rel}","templated":true}]}}