{"id":1815,"date":"2019-09-27T09:59:03","date_gmt":"2019-09-27T13:59:03","guid":{"rendered":"https:\/\/rbspa.acaspro.com\/?page_id=1815"},"modified":"2020-05-28T18:00:37","modified_gmt":"2020-05-28T22:00:37","slug":"news","status":"publish","type":"page","link":"https:\/\/roblespa.com\/es\/noticias\/","title":{"rendered":"Noticias"},"content":{"rendered":"<p><div class=\"fusion-fullwidth fullwidth-box fusion-builder-row-1 fusion-flex-container nonhundred-percent-fullwidth non-hundred-percent-height-scrolling\" style=\"--awb-border-radius-top-left:0px;--awb-border-radius-top-right:0px;--awb-border-radius-bottom-right:0px;--awb-border-radius-bottom-left:0px;--awb-padding-top:0px;--awb-padding-right:0px;--awb-padding-bottom:0px;--awb-padding-left:0px;--awb-margin-top:0px;--awb-margin-bottom:0px;--awb-background-color:#4183ce;--awb-flex-wrap:wrap;\" ><div class=\"fusion-builder-row fusion-row fusion-flex-align-items-flex-start fusion-flex-content-wrap\" style=\"max-width:calc( 1200px + 0px );margin-left: calc(-0px \/ 2 );margin-right: calc(-0px \/ 2 );\"><div class=\"fusion-layout-column fusion_builder_column fusion-builder-column-0 fusion_builder_column_1_1 1_1 fusion-flex-column Col1\" style=\"--awb-padding-top:0px;--awb-padding-right:0px;--awb-padding-bottom:0px;--awb-padding-left:0px;--awb-bg-size:cover;--awb-width-large:100%;--awb-margin-top-large:0px;--awb-spacing-right-large:0px;--awb-margin-bottom-large:0px;--awb-spacing-left-large:0px;--awb-width-medium:100%;--awb-spacing-right-medium:0px;--awb-spacing-left-medium:0px;--awb-width-small:100%;--awb-spacing-right-small:0px;--awb-spacing-left-small:0px;\"><div class=\"fusion-column-wrapper fusion-column-has-shadow fusion-flex-justify-content-flex-start fusion-content-layout-column\"><div class=\"fusion-text fusion-text-1\"><h1><span style=\"font-family: Prata; font-size: 48px; color: #ffffff;\">Noticias y Notas<\/span><\/h1>\n<p style=\"text-align: justify;\" class=\"translation-block\"><span style=\"font-family: Prata;font-size: 18px;color: #ffffff\">Consulte noticias destacadas art\u00edculos, notas y anuncios sobre nuestro bufete de abogados. Por favor, si\u00e9ntase libre de enviarnos sus comentarios. Para ver la lista de nuestros servicios jur\u00eddicos por favor\u00a0<span style=\"color: #00ccff\"><a style=\"color: #00ccff\" href=\"\/es\/services\" target=\"_self\">haz clic aqu\u00ed<\/a>,<\/span> Para obtener m\u00e1s informaci\u00f3n acerca de nuestra informaci\u00f3n de contacto, visite nuestra\u00a0<span style=\"color: #00ccff\"><a style=\"color: #00ccff\" href=\"\/es\/Contact-Us\" target=\"_self\">contactar con nosotros\n<\/a><\/span> secci\u00f3n. Las Oficinas Legales de Richard R. Robles est\u00e1 preparado para ayudarle, si usted necesita un abogado de bancarrota en Miami, una lesi\u00f3n personal abogado en Miami, un abogado de bienes ra\u00edces en Miami o en otra \u00e1rea de pr\u00e1ctica.<\/span><\/p>\n<\/div><\/div><\/div><\/div><\/div><div class=\"fusion-fullwidth fullwidth-box fusion-builder-row-2 fusion-flex-container nonhundred-percent-fullwidth non-hundred-percent-height-scrolling\" style=\"--awb-border-radius-top-left:0px;--awb-border-radius-top-right:0px;--awb-border-radius-bottom-right:0px;--awb-border-radius-bottom-left:0px;--awb-padding-top:50px;--awb-flex-wrap:wrap;\" ><div class=\"fusion-builder-row fusion-row fusion-flex-align-items-flex-start fusion-flex-content-wrap\" style=\"max-width:calc( 1200px + 0px );margin-left: calc(-0px \/ 2 );margin-right: calc(-0px \/ 2 );\"><div class=\"fusion-layout-column fusion_builder_column fusion-builder-column-1 fusion_builder_column_1_1 1_1 fusion-flex-column\" style=\"--awb-bg-size:cover;--awb-width-large:100%;--awb-margin-top-large:0px;--awb-spacing-right-large:0px;--awb-margin-bottom-large:20px;--awb-spacing-left-large:0px;--awb-width-medium:100%;--awb-spacing-right-medium:0px;--awb-spacing-left-medium:0px;--awb-width-small:100%;--awb-spacing-right-small:0px;--awb-spacing-left-small:0px;\"><div class=\"fusion-column-wrapper fusion-column-has-shadow fusion-flex-justify-content-flex-start fusion-content-layout-column\"><div class=\"fusion-blog-shortcode fusion-blog-shortcode-1 fusion-blog-archive fusion-blog-layout-grid-wrapper fusion-blog-pagination\"><style type=\"text\/css\">.fusion-blog-shortcode-1 .fusion-blog-layout-grid .fusion-post-grid{padding:10px;}.fusion-blog-shortcode-1 .fusion-posts-container{margin-left: -10px !important; margin-right:-10px !important;}<\/style><div class=\"fusion-posts-container fusion-posts-container-pagination fusion-blog-layout-grid fusion-blog-layout-grid-4 isotope fusion-blog-equal-heights\" data-pages=\"3\" data-grid-col-space=\"20\" style=\"margin: -10px -10px 0;min-height:500px;\"><article id=\"blog-1-post-5500\" class=\"fusion-post-grid post-5500 post type-post status-publish format-standard has-post-thumbnail hentry category-news category-news2\">\n<div class=\"fusion-post-wrapper\" style=\"background-color:rgba(255,255,255,0);border:1px solid #ebeaea;border-bottom-width:3px;\">\n\n\t\t\t<div class=\"fusion-flexslider flexslider fusion-flexslider-loading fusion-post-slideshow\" style=\"border-color:#ebeaea;\">\n\t\t<ul class=\"slides\">\n\t\t\t\n\t\t\t\t\t\t\t\t\t\t\t\t\t\t<li><div  class=\"fusion-image-wrapper\" aria-haspopup=\"true\">\n\t\t\t\t\t\t\t<a href=\"https:\/\/roblespa.com\/es\/congratulations-to-the-house-on-the-river\/\" aria-label=\"Congratulations to The House on the River\">\n\t\t\t\t\t\t\t<img decoding=\"async\" width=\"1081\" height=\"572\" src=\"https:\/\/roblespa.com\/wp-content\/uploads\/2024\/05\/DecoDrive.png\" class=\"attachment-full size-full wp-post-image\" alt=\"\" srcset=\"https:\/\/roblespa.com\/wp-content\/uploads\/2024\/05\/DecoDrive-200x106.png 200w, https:\/\/roblespa.com\/wp-content\/uploads\/2024\/05\/DecoDrive-400x212.png 400w, https:\/\/roblespa.com\/wp-content\/uploads\/2024\/05\/DecoDrive-600x317.png 600w, https:\/\/roblespa.com\/wp-content\/uploads\/2024\/05\/DecoDrive-800x423.png 800w, https:\/\/roblespa.com\/wp-content\/uploads\/2024\/05\/DecoDrive.png 1081w\" sizes=\"(min-width: 2200px) 100vw, (min-width: 856px) 285px, (min-width: 784px) 380px, (min-width: 712px) 570px, (min-width: 640px) 712px, \" title=\"\">\t\t\t<\/a>\n\t\t\t\t\t\t\t<\/div>\n<\/li>\n\t\t\t\n\t\t\t\n\t\t\t\t\t\t\t\t\t\t\t\t\t\t\t\t\t\t\t\t\t\t\t\t\t\t\t\t\t\t\t\t\t\t\t\t\t\t\t\t\t\t\t\t\t\t\t\t\t\t\t\t\t\t\t\t\t\t\t\t\t\t\t\t\t\t\t\t<\/ul>\n\t<\/div>\n\t<div class=\"fusion-post-content-wrapper\" style=\"padding:0 0 0 0;\"><div class=\"fusion-post-content post-content\"><h2 class=\"blog-shortcode-post-title entry-title\"><a href=\"https:\/\/roblespa.com\/es\/congratulations-to-the-house-on-the-river\/\">Congratulations to The House on the River<\/a><\/h2><p class=\"fusion-single-line-meta\"><span class=\"vcard\" style=\"display: none;\"><span class=\"fn\"><a href=\"https:\/\/roblespa.com\/es\/author\/kpadmin\/\" title=\"Entradas de kpadmin\" rel=\"author\">Mensajes de %s<\/a><\/span><\/span><span class=\"updated\" style=\"display:none;\">2024-05-15T09:00:45-04:00<\/span><span>mayo 15th, 2024<\/span><span class=\"fusion-inline-sep\">|<\/span><\/p><div class=\"fusion-content-sep sep-double sep-solid\"><\/div><\/div><div class=\"fusion-meta-info\"><div class=\"fusion-alignleft\"><a class=\"fusion-read-more\" href=\"https:\/\/roblespa.com\/es\/congratulations-to-the-house-on-the-river\/\" aria-label=\"More on Congratulations to The House on the River\">Ver m\u00e1s<\/a><\/div><\/div><\/div><div class=\"fusion-clearfix\"><\/div><\/div>\n<\/article>\n<article id=\"blog-1-post-1829\" class=\"fusion-post-grid post-1829 post type-post status-publish format-standard has-post-thumbnail hentry category-news category-news2\">\n<div class=\"fusion-post-wrapper\" style=\"background-color:rgba(255,255,255,0);border:1px solid #ebeaea;border-bottom-width:3px;\">\n\n\t\t\t<div class=\"fusion-flexslider flexslider fusion-flexslider-loading fusion-post-slideshow\" style=\"border-color:#ebeaea;\">\n\t\t<ul class=\"slides\">\n\t\t\t\n\t\t\t\t\t\t\t\t\t\t\t\t\t\t<li><div  class=\"fusion-image-wrapper\" aria-haspopup=\"true\">\n\t\t\t\t\t\t\t<a href=\"https:\/\/roblespa.com\/es\/extending-a-hand\/\" aria-label=\"Extendiendo una mano.\">\n\t\t\t\t\t\t\t<img decoding=\"async\" width=\"560\" height=\"255\" src=\"https:\/\/roblespa.com\/wp-content\/uploads\/2018\/01\/2944_1_52_Thumb-1-1200x547-1.jpg\" class=\"attachment-full size-full wp-post-image\" alt=\"\" srcset=\"https:\/\/roblespa.com\/wp-content\/uploads\/2018\/01\/2944_1_52_Thumb-1-1200x547-1-200x91.jpg 200w, https:\/\/roblespa.com\/wp-content\/uploads\/2018\/01\/2944_1_52_Thumb-1-1200x547-1-400x182.jpg 400w, https:\/\/roblespa.com\/wp-content\/uploads\/2018\/01\/2944_1_52_Thumb-1-1200x547-1.jpg 560w\" sizes=\"(min-width: 2200px) 100vw, (min-width: 856px) 285px, (min-width: 784px) 380px, (min-width: 712px) 570px, (min-width: 640px) 712px, \" title=\"\">\t\t\t<\/a>\n\t\t\t\t\t\t\t<\/div>\n<\/li>\n\t\t\t\n\t\t\t\n\t\t\t\t\t\t\t\t\t\t\t\t\t\t\t\t\t\t\t\t\t\t\t\t\t\t\t\t\t\t\t\t\t\t\t\t\t\t\t\t\t\t\t\t\t\t\t\t\t\t\t\t\t\t\t\t\t\t\t\t\t\t\t\t\t\t\t\t<\/ul>\n\t<\/div>\n\t<div class=\"fusion-post-content-wrapper\" style=\"padding:0 0 0 0;\"><div class=\"fusion-post-content post-content\"><h2 class=\"blog-shortcode-post-title entry-title\"><a href=\"https:\/\/roblespa.com\/es\/extending-a-hand\/\">Extendiendo una mano.<\/a><\/h2><p class=\"fusion-single-line-meta\"><span class=\"vcard\" style=\"display: none;\"><span class=\"fn\"><a href=\"https:\/\/roblespa.com\/es\/author\/kpadmin\/\" title=\"Entradas de kpadmin\" rel=\"author\">Mensajes de %s<\/a><\/span><\/span><span class=\"updated\" style=\"display:none;\">2020-08-11T12:13:00-04:00<\/span><span>enero 1st, 2018<\/span><span class=\"fusion-inline-sep\">|<\/span><\/p><div class=\"fusion-content-sep sep-double sep-solid\"><\/div><\/div><div class=\"fusion-meta-info\"><div class=\"fusion-alignleft\"><a class=\"fusion-read-more\" href=\"https:\/\/roblespa.com\/es\/extending-a-hand\/\" aria-label=\"More on Extending A Hand\">Ver m\u00e1s<\/a><\/div><\/div><\/div><div class=\"fusion-clearfix\"><\/div><\/div>\n<\/article>\n<article id=\"blog-1-post-1823\" class=\"fusion-post-grid post-1823 post type-post status-publish format-standard has-post-thumbnail hentry category-news category-news2 tag-bankruptcy\">\n<div class=\"fusion-post-wrapper\" style=\"background-color:rgba(255,255,255,0);border:1px solid #ebeaea;border-bottom-width:3px;\">\n\n\t\t\t<div class=\"fusion-flexslider flexslider fusion-flexslider-loading fusion-post-slideshow\" style=\"border-color:#ebeaea;\">\n\t\t<ul class=\"slides\">\n\t\t\t\n\t\t\t\t\t\t\t\t\t\t\t\t\t\t<li><div  class=\"fusion-image-wrapper\" aria-haspopup=\"true\">\n\t\t\t\t\t\t\t<a href=\"https:\/\/roblespa.com\/es\/hialeah-condo-association-revived-in-bankruptcy\/\" aria-label=\"Asociaci\u00f3n de Condominio en Hialeah se Resucita en Proceso de Bancarrota\">\n\t\t\t\t\t\t\t<img decoding=\"async\" width=\"755\" height=\"234\" src=\"https:\/\/roblespa.com\/wp-content\/uploads\/2019\/09\/2882_1_52_Thumb-1.jpg\" class=\"attachment-full size-full wp-post-image\" alt=\"\" srcset=\"https:\/\/roblespa.com\/wp-content\/uploads\/2019\/09\/2882_1_52_Thumb-1-200x62.jpg 200w, https:\/\/roblespa.com\/wp-content\/uploads\/2019\/09\/2882_1_52_Thumb-1-400x124.jpg 400w, https:\/\/roblespa.com\/wp-content\/uploads\/2019\/09\/2882_1_52_Thumb-1-600x186.jpg 600w, https:\/\/roblespa.com\/wp-content\/uploads\/2019\/09\/2882_1_52_Thumb-1.jpg 755w\" sizes=\"(min-width: 2200px) 100vw, (min-width: 856px) 285px, (min-width: 784px) 380px, (min-width: 712px) 570px, (min-width: 640px) 712px, \" title=\"\">\t\t\t<\/a>\n\t\t\t\t\t\t\t<\/div>\n<\/li>\n\t\t\t\n\t\t\t\n\t\t\t\t\t\t\t\t\t\t\t\t\t\t\t\t\t\t\t\t\t\t\t\t\t\t\t\t\t\t\t\t\t\t\t\t\t\t\t\t\t\t\t\t\t\t\t\t\t\t\t\t\t\t\t\t\t\t\t\t\t\t\t\t\t\t\t\t<\/ul>\n\t<\/div>\n\t<div class=\"fusion-post-content-wrapper\" style=\"padding:0 0 0 0;\"><div class=\"fusion-post-content post-content\"><h2 class=\"blog-shortcode-post-title entry-title\"><a href=\"https:\/\/roblespa.com\/es\/hialeah-condo-association-revived-in-bankruptcy\/\">Asociaci\u00f3n de Condominio en Hialeah se Resucita en Proceso de Bancarrota<\/a><\/h2><p class=\"fusion-single-line-meta\"><span class=\"vcard\" style=\"display: none;\"><span class=\"fn\"><a href=\"https:\/\/roblespa.com\/es\/author\/kpadmin\/\" title=\"Entradas de kpadmin\" rel=\"author\">Mensajes de %s<\/a><\/span><\/span><span class=\"updated\" style=\"display:none;\">2024-05-15T08:50:44-04:00<\/span><span>noviembre 21st, 2014<\/span><span class=\"fusion-inline-sep\">|<\/span><\/p><div class=\"fusion-content-sep sep-double sep-solid\"><\/div><\/div><div class=\"fusion-meta-info\"><div class=\"fusion-alignleft\"><a class=\"fusion-read-more\" href=\"https:\/\/roblespa.com\/es\/hialeah-condo-association-revived-in-bankruptcy\/\" aria-label=\"More on Hialeah Condo Association Revived in Bankruptcy\">Ver m\u00e1s<\/a><\/div><\/div><\/div><div class=\"fusion-clearfix\"><\/div><\/div>\n<\/article>\n<article id=\"blog-1-post-1826\" class=\"fusion-post-grid post-1826 post type-post status-publish format-standard has-post-thumbnail hentry category-news category-news2 tag-bankruptcy tag-case\">\n<div class=\"fusion-post-wrapper\" style=\"background-color:rgba(255,255,255,0);border:1px solid #ebeaea;border-bottom-width:3px;\">\n\n\t\t\t<div class=\"fusion-flexslider flexslider fusion-flexslider-loading fusion-post-slideshow\" style=\"border-color:#ebeaea;\">\n\t\t<ul class=\"slides\">\n\t\t\t\n\t\t\t\t\t\t\t\t\t\t\t\t\t\t<li><div  class=\"fusion-image-wrapper\" aria-haspopup=\"true\">\n\t\t\t\t\t\t\t<a href=\"https:\/\/roblespa.com\/es\/bankruptcy-court-dismisses-chapter-11-case-in-favor-of-minority-members\/\" aria-label=\"Corte de bancarrota desestima caso de cap\u00edtulo 11 en favor de miembros de la minor\u00eda.\">\n\t\t\t\t\t\t\t<img decoding=\"async\" width=\"750\" height=\"233\" src=\"https:\/\/roblespa.com\/wp-content\/uploads\/2019\/09\/2883_1_52_Thumb-1.jpg\" class=\"attachment-full size-full wp-post-image\" alt=\"\" srcset=\"https:\/\/roblespa.com\/wp-content\/uploads\/2019\/09\/2883_1_52_Thumb-1-200x62.jpg 200w, https:\/\/roblespa.com\/wp-content\/uploads\/2019\/09\/2883_1_52_Thumb-1-400x124.jpg 400w, https:\/\/roblespa.com\/wp-content\/uploads\/2019\/09\/2883_1_52_Thumb-1-600x186.jpg 600w, https:\/\/roblespa.com\/wp-content\/uploads\/2019\/09\/2883_1_52_Thumb-1.jpg 750w\" sizes=\"(min-width: 2200px) 100vw, (min-width: 856px) 285px, (min-width: 784px) 380px, (min-width: 712px) 570px, (min-width: 640px) 712px, \" title=\"\">\t\t\t<\/a>\n\t\t\t\t\t\t\t<\/div>\n<\/li>\n\t\t\t\n\t\t\t\n\t\t\t\t\t\t\t\t\t\t\t\t\t\t\t\t\t\t\t\t\t\t\t\t\t\t\t\t\t\t\t\t\t\t\t\t\t\t\t\t\t\t\t\t\t\t\t\t\t\t\t\t\t\t\t\t\t\t\t\t\t\t\t\t\t\t\t\t<\/ul>\n\t<\/div>\n\t<div class=\"fusion-post-content-wrapper\" style=\"padding:0 0 0 0;\"><div class=\"fusion-post-content post-content\"><h2 class=\"blog-shortcode-post-title entry-title\"><a href=\"https:\/\/roblespa.com\/es\/bankruptcy-court-dismisses-chapter-11-case-in-favor-of-minority-members\/\">Corte de bancarrota desestima caso de cap\u00edtulo 11 en favor de miembros de la minor\u00eda.<\/a><\/h2><p class=\"fusion-single-line-meta\"><span class=\"vcard\" style=\"display: none;\"><span class=\"fn\"><a href=\"https:\/\/roblespa.com\/es\/author\/kpadmin\/\" title=\"Entradas de kpadmin\" rel=\"author\">Mensajes de %s<\/a><\/span><\/span><span class=\"updated\" style=\"display:none;\">2020-07-15T21:45:06-04:00<\/span><span>agosto 7th, 2014<\/span><span class=\"fusion-inline-sep\">|<\/span><\/p><div class=\"fusion-content-sep sep-double sep-solid\"><\/div><\/div><div class=\"fusion-meta-info\"><div class=\"fusion-alignleft\"><a class=\"fusion-read-more\" href=\"https:\/\/roblespa.com\/es\/bankruptcy-court-dismisses-chapter-11-case-in-favor-of-minority-members\/\" aria-label=\"More on Bankruptcy Court Dismisses Chapter 11 Case in Favor of Minority Members\">Ver m\u00e1s<\/a><\/div><\/div><\/div><div class=\"fusion-clearfix\"><\/div><\/div>\n<\/article>\n<article id=\"blog-1-post-1832\" class=\"fusion-post-grid post-1832 post type-post status-publish format-standard has-post-thumbnail hentry category-news category-news2 tag-anniversary tag-bankruptcy tag-debt\">\n<div class=\"fusion-post-wrapper\" style=\"background-color:rgba(255,255,255,0);border:1px solid #ebeaea;border-bottom-width:3px;\">\n\n\t\t\t<div class=\"fusion-flexslider flexslider fusion-flexslider-loading fusion-post-slideshow\" style=\"border-color:#ebeaea;\">\n\t\t<ul class=\"slides\">\n\t\t\t\n\t\t\t\t\t\t\t\t\t\t\t\t\t\t<li><div  class=\"fusion-image-wrapper\" aria-haspopup=\"true\">\n\t\t\t\t\t\t\t<a href=\"https:\/\/roblespa.com\/es\/confirmed-plan-of-rookery-bay-business-park-llc-eliminates-9920000-of-debt\/\" aria-label=\"Plan de Rookery Bay Business Park, LLC Confirmado, Eliminando $9,920,000.00 de deuda\">\n\t\t\t\t\t\t\t<img decoding=\"async\" width=\"639\" height=\"230\" src=\"https:\/\/roblespa.com\/wp-content\/uploads\/2019\/09\/2918_1_52_Thumb-1.jpg\" class=\"attachment-full size-full wp-post-image\" alt=\"\" srcset=\"https:\/\/roblespa.com\/wp-content\/uploads\/2019\/09\/2918_1_52_Thumb-1-200x72.jpg 200w, https:\/\/roblespa.com\/wp-content\/uploads\/2019\/09\/2918_1_52_Thumb-1-400x144.jpg 400w, https:\/\/roblespa.com\/wp-content\/uploads\/2019\/09\/2918_1_52_Thumb-1-600x216.jpg 600w, https:\/\/roblespa.com\/wp-content\/uploads\/2019\/09\/2918_1_52_Thumb-1.jpg 639w\" sizes=\"(min-width: 2200px) 100vw, (min-width: 856px) 285px, (min-width: 784px) 380px, (min-width: 712px) 570px, (min-width: 640px) 712px, \" title=\"\">\t\t\t<\/a>\n\t\t\t\t\t\t\t<\/div>\n<\/li>\n\t\t\t\n\t\t\t\n\t\t\t\t\t\t\t\t\t\t\t\t\t\t\t\t\t\t\t\t\t\t\t\t\t\t\t\t\t\t\t\t\t\t\t\t\t\t\t\t\t\t\t\t\t\t\t\t\t\t\t\t\t\t\t\t\t\t\t\t\t\t\t\t\t\t\t\t<\/ul>\n\t<\/div>\n\t<div class=\"fusion-post-content-wrapper\" style=\"padding:0 0 0 0;\"><div class=\"fusion-post-content post-content\"><h2 class=\"blog-shortcode-post-title entry-title\"><a href=\"https:\/\/roblespa.com\/es\/confirmed-plan-of-rookery-bay-business-park-llc-eliminates-9920000-of-debt\/\">Plan de Rookery Bay Business Park, LLC Confirmado, Eliminando $9,920,000.00 de deuda<\/a><\/h2><p class=\"fusion-single-line-meta\"><span class=\"vcard\" style=\"display: none;\"><span class=\"fn\"><a href=\"https:\/\/roblespa.com\/es\/author\/kpadmin\/\" title=\"Entradas de kpadmin\" rel=\"author\">Mensajes de %s<\/a><\/span><\/span><span class=\"updated\" style=\"display:none;\">2020-07-15T21:45:36-04:00<\/span><span>marzo 20th, 2014<\/span><span class=\"fusion-inline-sep\">|<\/span><\/p><div class=\"fusion-content-sep sep-double sep-solid\"><\/div><\/div><div class=\"fusion-meta-info\"><div class=\"fusion-alignleft\"><a class=\"fusion-read-more\" href=\"https:\/\/roblespa.com\/es\/confirmed-plan-of-rookery-bay-business-park-llc-eliminates-9920000-of-debt\/\" aria-label=\"More on Confirmed Plan of Rookery Bay Business Park, LLC Eliminates $9,920,000 of Debt\">Ver m\u00e1s<\/a><\/div><\/div><\/div><div class=\"fusion-clearfix\"><\/div><\/div>\n<\/article>\n<article id=\"blog-1-post-1950\" class=\"fusion-post-grid post-1950 post type-post status-publish format-standard has-post-thumbnail hentry category-news\">\n<div class=\"fusion-post-wrapper\" style=\"background-color:rgba(255,255,255,0);border:1px solid #ebeaea;border-bottom-width:3px;\">\n\n\t\t\t<div class=\"fusion-flexslider flexslider fusion-flexslider-loading fusion-post-slideshow\" style=\"border-color:#ebeaea;\">\n\t\t<ul class=\"slides\">\n\t\t\t\n\t\t\t\t\t\t\t\t\t\t\t\t\t\t<li><div  class=\"fusion-image-wrapper\" aria-haspopup=\"true\">\n\t\t\t\t\t\t\t<a href=\"https:\/\/roblespa.com\/es\/puerto-ricans-and-others-denied-voting-rights\/\" aria-label=\"Puertorrique\u00f1os y otros denegaron el derecho de voto.\">\n\t\t\t\t\t\t\t<img decoding=\"async\" width=\"755\" height=\"237\" src=\"https:\/\/roblespa.com\/wp-content\/uploads\/2019\/09\/2892_1_52_Thumb-1.jpg\" class=\"attachment-full size-full wp-post-image\" alt=\"\" srcset=\"https:\/\/roblespa.com\/wp-content\/uploads\/2019\/09\/2892_1_52_Thumb-1-200x63.jpg 200w, https:\/\/roblespa.com\/wp-content\/uploads\/2019\/09\/2892_1_52_Thumb-1-400x126.jpg 400w, https:\/\/roblespa.com\/wp-content\/uploads\/2019\/09\/2892_1_52_Thumb-1-600x188.jpg 600w, https:\/\/roblespa.com\/wp-content\/uploads\/2019\/09\/2892_1_52_Thumb-1.jpg 755w\" sizes=\"(min-width: 2200px) 100vw, (min-width: 856px) 285px, (min-width: 784px) 380px, (min-width: 712px) 570px, (min-width: 640px) 712px, \" title=\"\">\t\t\t<\/a>\n\t\t\t\t\t\t\t<\/div>\n<\/li>\n\t\t\t\n\t\t\t\n\t\t\t\t\t\t\t\t\t\t\t\t\t\t\t\t\t\t\t\t\t\t\t\t\t\t\t\t\t\t\t\t\t\t\t\t\t\t\t\t\t\t\t\t\t\t\t\t\t\t\t\t\t\t\t\t\t\t\t\t\t\t\t\t\t\t\t\t<\/ul>\n\t<\/div>\n\t<div class=\"fusion-post-content-wrapper\" style=\"padding:0 0 0 0;\"><div class=\"fusion-post-content post-content\"><h2 class=\"blog-shortcode-post-title entry-title\"><a href=\"https:\/\/roblespa.com\/es\/puerto-ricans-and-others-denied-voting-rights\/\">Puertorrique\u00f1os y otros denegaron el derecho de voto.<\/a><\/h2><p class=\"fusion-single-line-meta\"><span class=\"vcard\" style=\"display: none;\"><span class=\"fn\"><a href=\"https:\/\/roblespa.com\/es\/author\/kpadmin\/\" title=\"Entradas de kpadmin\" rel=\"author\">Mensajes de %s<\/a><\/span><\/span><span class=\"updated\" style=\"display:none;\">2020-07-15T21:46:05-04:00<\/span><span>enero 16th, 2014<\/span><span class=\"fusion-inline-sep\">|<\/span><\/p><div class=\"fusion-content-sep sep-double sep-solid\"><\/div><\/div><div class=\"fusion-meta-info\"><div class=\"fusion-alignleft\"><a class=\"fusion-read-more\" href=\"https:\/\/roblespa.com\/es\/puerto-ricans-and-others-denied-voting-rights\/\" aria-label=\"More on Puerto Ricans, and others denied voting rights\">Ver m\u00e1s<\/a><\/div><\/div><\/div><div class=\"fusion-clearfix\"><\/div><\/div>\n<\/article>\n<div class=\"fusion-clearfix\"><\/div><\/div><div class=\"pagination clearfix\"><span class=\"current\">1<\/span><a href=\"https:\/\/roblespa.com\/es\/wp-json\/wp\/v2\/pages\/1815\/page\/2\/\" class=\"inactive\">2<\/a><a class=\"pagination-next\" rel=\"next\" href=\"https:\/\/roblespa.com\/es\/wp-json\/wp\/v2\/pages\/1815\/page\/2\/\"><span class=\"page-text\">Next<\/span><span class=\"page-next\"><\/span><\/a><\/div><div class=\"fusion-clearfix\"><\/div><\/div><\/div><\/div><\/div><\/div><\/p>","protected":false},"excerpt":{"rendered":"","protected":false},"author":3,"featured_media":0,"parent":0,"menu_order":0,"comment_status":"closed","ping_status":"closed","template":"100-width.php","meta":{"footnotes":""},"class_list":["post-1815","page","type-page","status-publish","hentry"],"_links":{"self":[{"href":"https:\/\/roblespa.com\/es\/wp-json\/wp\/v2\/pages\/1815","targetHints":{"allow":["GET"]}}],"collection":[{"href":"https:\/\/roblespa.com\/es\/wp-json\/wp\/v2\/pages"}],"about":[{"href":"https:\/\/roblespa.com\/es\/wp-json\/wp\/v2\/types\/page"}],"author":[{"embeddable":true,"href":"https:\/\/roblespa.com\/es\/wp-json\/wp\/v2\/users\/3"}],"replies":[{"embeddable":true,"href":"https:\/\/roblespa.com\/es\/wp-json\/wp\/v2\/comments?post=1815"}],"version-history":[{"count":0,"href":"https:\/\/roblespa.com\/es\/wp-json\/wp\/v2\/pages\/1815\/revisions"}],"wp:attachment":[{"href":"https:\/\/roblespa.com\/es\/wp-json\/wp\/v2\/media?parent=1815"}],"curies":[{"name":"wp","href":"https:\/\/api.w.org\/{rel}","templated":true}]}}