{"id":1913,"date":"2019-09-27T13:12:57","date_gmt":"2019-09-27T17:12:57","guid":{"rendered":"https:\/\/rbspa.acaspro.com\/?page_id=1913"},"modified":"2020-07-15T09:45:27","modified_gmt":"2020-07-15T13:45:27","slug":"about-us","status":"publish","type":"page","link":"https:\/\/roblespa.com\/es\/about-us\/","title":{"rendered":"Nosotros"},"content":{"rendered":"<p><div class=\"fusion-fullwidth fullwidth-box fusion-builder-row-1 fusion-flex-container nonhundred-percent-fullwidth non-hundred-percent-height-scrolling\" style=\"--awb-border-radius-top-left:0px;--awb-border-radius-top-right:0px;--awb-border-radius-bottom-right:0px;--awb-border-radius-bottom-left:0px;--awb-padding-top:0px;--awb-padding-right:0px;--awb-padding-bottom:150px;--awb-padding-left:0px;--awb-margin-top:0px;--awb-margin-bottom:0px;--awb-background-color:#4f80cd;--awb-flex-wrap:wrap;\" ><div class=\"fusion-builder-row fusion-row fusion-flex-align-items-flex-start fusion-flex-content-wrap\" style=\"max-width:calc( 1200px + 0px );margin-left: calc(-0px \/ 2 );margin-right: calc(-0px \/ 2 );\"><div class=\"fusion-layout-column fusion_builder_column fusion-builder-column-0 fusion_builder_column_1_1 1_1 fusion-flex-column Col1\" style=\"--awb-padding-top:0px;--awb-padding-right:0px;--awb-padding-bottom:0px;--awb-padding-left:0px;--awb-bg-size:cover;--awb-width-large:100%;--awb-margin-top-large:0px;--awb-spacing-right-large:0px;--awb-margin-bottom-large:0px;--awb-spacing-left-large:0px;--awb-width-medium:100%;--awb-spacing-right-medium:0px;--awb-spacing-left-medium:0px;--awb-width-small:100%;--awb-spacing-right-small:0px;--awb-spacing-left-small:0px;\"><div class=\"fusion-column-wrapper fusion-column-has-shadow fusion-flex-justify-content-flex-start fusion-content-layout-column\"><div class=\"fusion-text fusion-text-1\"><h1 style=\"text-align: justify;\"><span style=\"font-family: Prata; font-size: 40px; color: #ffffff;\">Quienes Somos<\/span><\/h1>\n<p style=\"text-align: justify;\"><span style=\"font-family: Prata; font-size: 16px; color: #ffffff;\">Las Oficinas Legales de Richard R. Robles, P.A. fue fundada el 26 de febrero de 1998 en Miami, Florida. Servimos en Puerto Rico y en la Florida.El \u00c1rea principal de pr\u00e1ctica de nuestra firma en Puerto Rico son quiebras, la ley federal de bancarrota y litigio comercial federal. Hemos estado practicando quiebras y la ley de bancarrota desde hace muchos a\u00f1os y en todos los aspectos de la ley federal deqiebras-bancarrota bajo el T\u00edtulo 11 del C\u00f3digo de Bancarrota de Estados Unidos. Las leyes federales de bancarrota est\u00e1n aqu\u00ed para ayudarle. Deje que la diversidad, flexibilidad y la experiencia de nuestra empresa sea su gu\u00eda.Es nuestra comprensi\u00f3n del panorama legal que nos distingue.<\/span><\/p>\n<p style=\"text-align: justify;\" class=\"translation-block\"><span style=\"font-family: Prata;font-size: 20px;color: #ffffff\">Para obtener m\u00e1s informaci\u00f3n acerca de c\u00f3mo llegar a nuestra oficina ubicada en Miami, visite nuestra <span style=\"color: #00ccff\"><a style=\"color: #00ccff\" href=\"\/es\/Contact-Us\" target=\"_self\">contactar con nosotros<\/a><\/span> seccionar.<\/span><\/p>\n<\/div><\/div><\/div><\/div><\/div><div class=\"fusion-fullwidth fullwidth-box fusion-builder-row-2 fusion-flex-container nonhundred-percent-fullwidth non-hundred-percent-height-scrolling\" style=\"--awb-border-radius-top-left:0px;--awb-border-radius-top-right:0px;--awb-border-radius-bottom-right:0px;--awb-border-radius-bottom-left:0px;--awb-padding-top:0px;--awb-padding-right:0px;--awb-padding-bottom:0px;--awb-padding-left:0px;--awb-margin-top:-125px;--awb-margin-bottom:0px;--awb-flex-wrap:wrap;\" ><div class=\"fusion-builder-row fusion-row fusion-flex-align-items-flex-start fusion-flex-content-wrap\" style=\"max-width:calc( 1200px + 0px );margin-left: calc(-0px \/ 2 );margin-right: calc(-0px \/ 2 );\"><div class=\"fusion-layout-column fusion_builder_column fusion-builder-column-1 fusion_builder_column_1_1 1_1 fusion-flex-column Col2\" style=\"--awb-padding-top:0px;--awb-padding-right:0px;--awb-padding-bottom:0px;--awb-padding-left:0px;--awb-bg-size:cover;--awb-width-large:100%;--awb-margin-top-large:0px;--awb-spacing-right-large:0px;--awb-margin-bottom-large:0px;--awb-spacing-left-large:0px;--awb-width-medium:100%;--awb-spacing-right-medium:0px;--awb-spacing-left-medium:0px;--awb-width-small:100%;--awb-spacing-right-small:0px;--awb-spacing-left-small:0px;\"><div class=\"fusion-column-wrapper fusion-column-has-shadow fusion-flex-justify-content-flex-start fusion-content-layout-column\"><div class=\"fusion-image-element\" style=\"text-align:left;--awb-caption-title-font-family:var(--h2_typography-font-family);--awb-caption-title-font-weight:var(--h2_typography-font-weight);--awb-caption-title-font-style:var(--h2_typography-font-style);--awb-caption-title-size:var(--h2_typography-font-size);--awb-caption-title-transform:var(--h2_typography-text-transform);--awb-caption-title-line-height:var(--h2_typography-line-height);--awb-caption-title-letter-spacing:var(--h2_typography-letter-spacing);\"><span class=\"fusion-imageframe imageframe-none imageframe-1 hover-type-none\"><img decoding=\"async\" width=\"2000\" height=\"912\" title=\"Richard R. Robles\" src=\"https:\/\/rbspa.acaspro.com\/wp-content\/uploads\/2019\/09\/2944_1_52_Thumb-1.jpg\" class=\"img-responsive wp-image-1830\" srcset=\"https:\/\/roblespa.com\/wp-content\/uploads\/2019\/09\/2944_1_52_Thumb-1-200x91.jpg 200w, https:\/\/roblespa.com\/wp-content\/uploads\/2019\/09\/2944_1_52_Thumb-1-400x182.jpg 400w, https:\/\/roblespa.com\/wp-content\/uploads\/2019\/09\/2944_1_52_Thumb-1-600x274.jpg 600w, https:\/\/roblespa.com\/wp-content\/uploads\/2019\/09\/2944_1_52_Thumb-1-800x365.jpg 800w, https:\/\/roblespa.com\/wp-content\/uploads\/2019\/09\/2944_1_52_Thumb-1-1200x547.jpg 1200w, https:\/\/roblespa.com\/wp-content\/uploads\/2019\/09\/2944_1_52_Thumb-1.jpg 2000w\" sizes=\"2000px\" alt=\"\"><\/span><\/div><\/div><\/div><\/div><\/div><div class=\"fusion-fullwidth fullwidth-box fusion-builder-row-3 fusion-flex-container nonhundred-percent-fullwidth non-hundred-percent-height-scrolling\" style=\"--awb-border-radius-top-left:0px;--awb-border-radius-top-right:0px;--awb-border-radius-bottom-right:0px;--awb-border-radius-bottom-left:0px;--awb-padding-top:0px;--awb-padding-right:0px;--awb-padding-bottom:0px;--awb-padding-left:0px;--awb-margin-top:0px;--awb-margin-bottom:0px;--awb-flex-wrap:wrap;\" ><div class=\"fusion-builder-row fusion-row fusion-flex-align-items-flex-start fusion-flex-content-wrap\" style=\"max-width:calc( 1200px + 0px );margin-left: calc(-0px \/ 2 );margin-right: calc(-0px \/ 2 );\"><div class=\"fusion-layout-column fusion_builder_column fusion-builder-column-2 fusion_builder_column_1_1 1_1 fusion-flex-column Col3\" style=\"--awb-padding-top:0px;--awb-padding-right:0px;--awb-padding-bottom:0px;--awb-padding-left:0px;--awb-bg-size:cover;--awb-width-large:100%;--awb-margin-top-large:0px;--awb-spacing-right-large:0px;--awb-margin-bottom-large:0px;--awb-spacing-left-large:0px;--awb-width-medium:100%;--awb-spacing-right-medium:0px;--awb-spacing-left-medium:0px;--awb-width-small:100%;--awb-spacing-right-small:0px;--awb-spacing-left-small:0px;\"><div class=\"fusion-column-wrapper fusion-column-has-shadow fusion-flex-justify-content-flex-start fusion-content-layout-column\"><div class=\"fusion-text fusion-text-2\"><h2><span style=\"font-family: Prata; color: #4f80cd; font-size: 32px;\">Nuestra Misi\u00f3n<\/span><\/h2>\n<p style=\"text-align: justify;\"><span style=\"font-family: Prata; font-size: 20px;\">Nuestra misi\u00f3n en la oficina legal de Ricardo R. Robles, PA. es lograr los m\u00e1ximos resultados de manera eficiente para nuestros clientes. Nos esforzamos en ofrecer la excelencia a un precio razonable. Estamos orgullosos de nuestro trabajo y nuestros clientes.Creemos firmemente en las causas que decidimos participar.<\/span><\/p>\n<\/div><\/div><\/div><\/div><\/div><div class=\"fusion-fullwidth fullwidth-box fusion-builder-row-4 fusion-flex-container nonhundred-percent-fullwidth non-hundred-percent-height-scrolling\" style=\"--awb-border-radius-top-left:0px;--awb-border-radius-top-right:0px;--awb-border-radius-bottom-right:0px;--awb-border-radius-bottom-left:0px;--awb-flex-wrap:wrap;\" ><div class=\"fusion-builder-row fusion-row fusion-flex-align-items-flex-start fusion-flex-content-wrap\" style=\"max-width:calc( 1200px + 0px );margin-left: calc(-0px \/ 2 );margin-right: calc(-0px \/ 2 );\"><div class=\"fusion-layout-column fusion_builder_column fusion-builder-column-3 fusion_builder_column_1_1 1_1 fusion-flex-column\" style=\"--awb-padding-top:0px;--awb-padding-right:0px;--awb-padding-bottom:0px;--awb-padding-left:0px;--awb-bg-size:cover;--awb-width-large:100%;--awb-margin-top-large:0px;--awb-spacing-right-large:0px;--awb-margin-bottom-large:0px;--awb-spacing-left-large:0px;--awb-width-medium:100%;--awb-spacing-right-medium:0px;--awb-spacing-left-medium:0px;--awb-width-small:100%;--awb-spacing-right-small:0px;--awb-spacing-left-small:0px;\"><div class=\"fusion-column-wrapper fusion-column-has-shadow fusion-flex-justify-content-flex-start fusion-content-layout-column\"><div class=\"fusion-text fusion-text-3 Col10\"><h2 style=\"text-align: center;\"><span style=\"font-family: Prata; color: #4f80cd; font-size: 32px;\">Nuestras ventajas<\/span><\/h2>\n<\/div><\/div><\/div><\/div><\/div><div class=\"fusion-fullwidth fullwidth-box fusion-builder-row-5 fusion-flex-container nonhundred-percent-fullwidth non-hundred-percent-height-scrolling\" style=\"--awb-border-radius-top-left:0px;--awb-border-radius-top-right:0px;--awb-border-radius-bottom-right:0px;--awb-border-radius-bottom-left:0px;--awb-padding-top:0px;--awb-padding-right:0px;--awb-padding-bottom:0px;--awb-padding-left:0px;--awb-margin-top:0px;--awb-margin-bottom:0px;--awb-flex-wrap:wrap;\" ><div class=\"fusion-builder-row fusion-row fusion-flex-align-items-stretch fusion-flex-content-wrap\" style=\"max-width:calc( 1200px + 0px );margin-left: calc(-0px \/ 2 );margin-right: calc(-0px \/ 2 );\"><div class=\"fusion-layout-column fusion_builder_column fusion-builder-column-4 fusion_builder_column_1_3 1_3 fusion-flex-column Col4\" style=\"--awb-padding-top:0px;--awb-padding-right:0px;--awb-padding-bottom:0px;--awb-padding-left:0px;--awb-bg-color:#4f80cd;--awb-bg-color-hover:#4f80cd;--awb-bg-size:cover;--awb-width-large:33.333333333333%;--awb-margin-top-large:0px;--awb-spacing-right-large:0;--awb-margin-bottom-large:0px;--awb-spacing-left-large:0px;--awb-width-medium:33.333333333333%;--awb-spacing-right-medium:0;--awb-spacing-left-medium:0px;--awb-width-small:33.333333333333%;--awb-spacing-right-small:0;--awb-spacing-left-small:0px;\"><div class=\"fusion-column-wrapper fusion-column-has-shadow fusion-flex-justify-content-flex-start fusion-content-layout-column\"><div class=\"fusion-separator fusion-full-width-sep\" style=\"align-self: center;margin-left: auto;margin-right: auto;width:100%;\"><\/div><div class=\"fusion-text fusion-text-4 Col7\"><h4><span style=\"font-family: Prata; font-size: 28px; color: #ffffff;\">Filosof\u00eda 1<\/span><\/h4>\n<p style=\"font-weight: 400;\"><span style=\"font-family: Prata; color: #ffffff;\">La estrategia es todo en un caso de litigio.  Pensamos fuera de lo com\u00fan y sin l\u00edmites.  Nuestra manera de solucionar sus problemas es notable por nuestro an\u00e1lisis profundo y la comprensi\u00f3n de la cuesti\u00f3n jur\u00eddica espec\u00edfica.  Disfrutamos nuestro trabajo y nos da orgullo y satisfacci\u00f3n proveer los resultados que podemos lograr para nuestros clientes.<\/span><\/p>\n<\/div><\/div><\/div><div class=\"fusion-layout-column fusion_builder_column fusion-builder-column-5 fusion_builder_column_1_3 1_3 fusion-flex-column Col5\" style=\"--awb-padding-top:0px;--awb-padding-right:0px;--awb-padding-bottom:0px;--awb-padding-left:0px;--awb-bg-color:#000000;--awb-bg-color-hover:#000000;--awb-bg-size:cover;--awb-width-large:33.333333333333%;--awb-margin-top-large:0px;--awb-spacing-right-large:0;--awb-margin-bottom-large:0px;--awb-spacing-left-large:0;--awb-width-medium:33.333333333333%;--awb-spacing-right-medium:0;--awb-spacing-left-medium:0;--awb-width-small:33.333333333333%;--awb-spacing-right-small:0;--awb-spacing-left-small:0;\"><div class=\"fusion-column-wrapper fusion-column-has-shadow fusion-flex-justify-content-flex-start fusion-content-layout-column\"><div class=\"fusion-separator fusion-full-width-sep\" style=\"align-self: center;margin-left: auto;margin-right: auto;width:100%;\"><\/div><div class=\"fusion-text fusion-text-5 Col8\"><h4><span style=\"font-family: Prata; font-size: 28px; color: #ffffff;\">Filosof\u00eda 2<\/span><\/h4>\n<p style=\"font-weight: 400; text-align: justify;\"><span style=\"font-family: Prata; color: #ffffff;\">Cada caso se trata con el mismo grado de excelencia y atenci\u00f3n a detalles, sea un caso de reclamos menores \u201csmall claims\u201d o un caso complejo de litigio comercial sobre millones de d\u00f3lares, o de responsabilidad de productos defectuoso.<\/span><\/p>\n<\/div><\/div><\/div><div class=\"fusion-layout-column fusion_builder_column fusion-builder-column-6 fusion_builder_column_1_3 1_3 fusion-flex-column Col6\" style=\"--awb-padding-top:0px;--awb-padding-right:0px;--awb-padding-bottom:0px;--awb-padding-left:0px;--awb-bg-size:cover;--awb-width-large:33.333333333333%;--awb-margin-top-large:0px;--awb-spacing-right-large:0px;--awb-margin-bottom-large:0px;--awb-spacing-left-large:0;--awb-width-medium:33.333333333333%;--awb-spacing-right-medium:0px;--awb-spacing-left-medium:0;--awb-width-small:33.333333333333%;--awb-spacing-right-small:0px;--awb-spacing-left-small:0;\"><div class=\"fusion-column-wrapper fusion-column-has-shadow fusion-flex-justify-content-flex-start fusion-content-layout-column\"><div class=\"fusion-separator fusion-full-width-sep\" style=\"align-self: center;margin-left: auto;margin-right: auto;width:100%;\"><\/div><div class=\"fusion-text fusion-text-6 Col9\"><h4><span style=\"font-family: Prata; font-size: 28px;\">Filosof\u00eda 3<\/span><\/h4>\n<p style=\"font-weight: 400;\"><span style=\"font-family: Prata;\">Nos preocupamos por nuestros clientes. Tratamos a nuestros clientes como lo har\u00edamos con nuestras propias familias. Nuestro bufete valora las relaciones con nuestros clientes, muchos que son de por vida. Siempre nos tomamos el tiempo para estar disponibles para nuestros clientes para cualquier pregunta.<\/span><\/p>\n<\/div><\/div><\/div><\/div><\/div><\/p>","protected":false},"excerpt":{"rendered":"","protected":false},"author":3,"featured_media":0,"parent":0,"menu_order":0,"comment_status":"closed","ping_status":"closed","template":"100-width.php","meta":{"footnotes":""},"class_list":["post-1913","page","type-page","status-publish","hentry"],"_links":{"self":[{"href":"https:\/\/roblespa.com\/es\/wp-json\/wp\/v2\/pages\/1913","targetHints":{"allow":["GET"]}}],"collection":[{"href":"https:\/\/roblespa.com\/es\/wp-json\/wp\/v2\/pages"}],"about":[{"href":"https:\/\/roblespa.com\/es\/wp-json\/wp\/v2\/types\/page"}],"author":[{"embeddable":true,"href":"https:\/\/roblespa.com\/es\/wp-json\/wp\/v2\/users\/3"}],"replies":[{"embeddable":true,"href":"https:\/\/roblespa.com\/es\/wp-json\/wp\/v2\/comments?post=1913"}],"version-history":[{"count":0,"href":"https:\/\/roblespa.com\/es\/wp-json\/wp\/v2\/pages\/1913\/revisions"}],"wp:attachment":[{"href":"https:\/\/roblespa.com\/es\/wp-json\/wp\/v2\/media?parent=1913"}],"curies":[{"name":"wp","href":"https:\/\/api.w.org\/{rel}","templated":true}]}}