{"id":1938,"date":"2019-09-27T14:31:08","date_gmt":"2019-09-27T18:31:08","guid":{"rendered":"https:\/\/rbspa.acaspro.com\/?page_id=1938"},"modified":"2021-11-04T16:55:36","modified_gmt":"2021-11-04T20:55:36","slug":"miami-bankruptcy-law-firm-our-team","status":"publish","type":"page","link":"https:\/\/roblespa.com\/es\/miami-bankruptcy-law-firm-our-team\/","title":{"rendered":"Equipo"},"content":{"rendered":"<p><div class=\"fusion-fullwidth fullwidth-box fusion-builder-row-1 fusion-flex-container nonhundred-percent-fullwidth non-hundred-percent-height-scrolling\" style=\"--awb-border-radius-top-left:0px;--awb-border-radius-top-right:0px;--awb-border-radius-bottom-right:0px;--awb-border-radius-bottom-left:0px;--awb-padding-top:0px;--awb-padding-right:0px;--awb-padding-bottom:150px;--awb-padding-left:0px;--awb-margin-top:0px;--awb-margin-bottom:0px;--awb-background-color:#4183ce;--awb-flex-wrap:wrap;\" ><div class=\"fusion-builder-row fusion-row fusion-flex-align-items-flex-start fusion-flex-content-wrap\" style=\"max-width:1248px;margin-left: calc(-4% \/ 2 );margin-right: calc(-4% \/ 2 );\"><div class=\"fusion-layout-column fusion_builder_column fusion-builder-column-0 fusion_builder_column_1_1 1_1 fusion-flex-column Col3\" style=\"--awb-padding-top:0px;--awb-padding-right:0px;--awb-padding-bottom:0px;--awb-padding-left:0px;--awb-bg-size:cover;--awb-width-large:100%;--awb-margin-top-large:0px;--awb-spacing-right-large:1.92%;--awb-margin-bottom-large:0px;--awb-spacing-left-large:1.92%;--awb-width-medium:100%;--awb-spacing-right-medium:1.92%;--awb-spacing-left-medium:1.92%;--awb-width-small:100%;--awb-spacing-right-small:1.92%;--awb-spacing-left-small:1.92%;\"><div class=\"fusion-column-wrapper fusion-column-has-shadow fusion-flex-justify-content-flex-start fusion-content-layout-column\"><div class=\"fusion-text fusion-text-1\"><div class=\"netro-split horizontal\">\n<div class=\"netro-element\" data-marginx=\"0\">\n<div class=\"netro-align-nw\" data-area=\"4838\">\n<h1><span style=\"font-family: Prata; font-size: 48px; color: #ffffff;\">Conoce a nuestro equipo<\/span><\/h1>\n<\/div>\n<\/div>\n<\/div>\n<div class=\"netro-split horizontal\">\n<div class=\"netro-element\" data-marginx=\"0\">\n<div class=\"netro-align-nw\" data-area=\"4839\">\n<p style=\"text-align: justify;\"><span style=\"font-family: Prata; color: #ffffff; font-size: 20px;\">Nuestro equipo de abogados experimentados est\u00e1 listo para hacer frente a sus circunstancias espec\u00edficas. Nos esforzamos en el pensamiento y la estrategia creativa. Nuestros abogados trabajan como un equipo integrado centr\u00e1ndose en la eficiencia y la resoluci\u00f3n oportuna de las tareas dadas. Tomamos el cuidado personal de nuestros clientes y valoramos nuestra relaci\u00f3n con cada uno de ellos.<\/span><\/p>\n<\/div>\n<\/div>\n<\/div>\n<\/div><\/div><\/div><\/div><\/div><div class=\"fusion-fullwidth fullwidth-box fusion-builder-row-2 fusion-flex-container team2 nonhundred-percent-fullwidth non-hundred-percent-height-scrolling\" style=\"--awb-border-radius-top-left:0px;--awb-border-radius-top-right:0px;--awb-border-radius-bottom-right:0px;--awb-border-radius-bottom-left:0px;--awb-padding-top:0px;--awb-padding-right:0px;--awb-padding-bottom:0px;--awb-padding-left:0px;--awb-margin-top:-125px;--awb-margin-bottom:0px;--awb-flex-wrap:wrap;\" id=\"team21\" ><div class=\"fusion-builder-row fusion-row fusion-flex-align-items-stretch fusion-flex-content-wrap\" style=\"max-width:1248px;margin-left: calc(-4% \/ 2 );margin-right: calc(-4% \/ 2 );\"><div class=\"fusion-layout-column fusion_builder_column fusion-builder-column-1 fusion_builder_column_1_1 1_1 fusion-flex-column Col2\" style=\"--awb-padding-top:0px;--awb-padding-right:0px;--awb-padding-bottom:0px;--awb-padding-left:0px;--awb-bg-size:cover;--awb-width-large:100%;--awb-margin-top-large:0px;--awb-spacing-right-large:1.92%;--awb-margin-bottom-large:0px;--awb-spacing-left-large:1.92%;--awb-width-medium:100%;--awb-spacing-right-medium:1.92%;--awb-spacing-left-medium:1.92%;--awb-width-small:100%;--awb-spacing-right-small:1.92%;--awb-spacing-left-small:1.92%;\"><div class=\"fusion-column-wrapper fusion-column-has-shadow fusion-flex-justify-content-center fusion-content-layout-column\"><div class=\"fusion-image-element\" style=\"text-align:center;--awb-caption-title-font-family:var(--h2_typography-font-family);--awb-caption-title-font-weight:var(--h2_typography-font-weight);--awb-caption-title-font-style:var(--h2_typography-font-style);--awb-caption-title-size:var(--h2_typography-font-size);--awb-caption-title-transform:var(--h2_typography-text-transform);--awb-caption-title-line-height:var(--h2_typography-line-height);--awb-caption-title-letter-spacing:var(--h2_typography-letter-spacing);\"><span class=\"fusion-imageframe imageframe-none imageframe-1 hover-type-none\"><a class=\"fusion-no-lightbox\" href=\"\/es\/miami-bankruptcy-law-firm-our-team\/richard-r-robles\/\" target=\"_self\" aria-label=\"2917_1_r2\"><img decoding=\"async\" width=\"300\" height=\"169\" src=\"https:\/\/roblespa.com\/wp-content\/uploads\/2020\/06\/2917_1_r2-300x169.png\" class=\"img-responsive wp-image-3822\" srcset=\"https:\/\/roblespa.com\/wp-content\/uploads\/2020\/06\/2917_1_r2-200x113.png 200w, https:\/\/roblespa.com\/wp-content\/uploads\/2020\/06\/2917_1_r2.png 355w\" sizes=\"300px\" alt=\"\" title=\"\"><\/a><\/span><\/div><div class=\"fusion-text fusion-text-2\"><h2 id=\"Cnt_Body_Cnt_Content_element_4282_rptUsers_H1_0\" class=\"row\" style=\"text-align: center;\"><span style=\"font-family: Prata; color: #597ccc; font-size: 28px;\"><a id=\"Cnt_Body_Cnt_Content_element_4282_rptUsers_NameNavigation_0\" style=\"color: #597ccc;\" href=\"\/es\/miami-bankruptcy-law-firm-our-team\/richard-r-robles\/\">Richard R. Robles<\/a><\/span><\/h2>\n<\/div><div class=\"fusion-text fusion-text-3\"><p id=\"Cnt_Body_Cnt_Content_element_4282_rptUsers_H1_0\" class=\"row\" style=\"text-align: center;\"><span style=\"font-family: Prata; color: #000000; font-size: 16px;\"><a id=\"Cnt_Body_Cnt_Content_element_4282_rptUsers_HyperLink1_0\" style=\"color: #000000;\" href=\"\/es\/miami-bankruptcy-law-firm-our-team\/richard-r-robles\/\">Presidente y Director jur\u00eddico<\/a><\/span><\/p>\n<\/div><\/div><\/div><\/div><\/div><\/p>","protected":false},"excerpt":{"rendered":"","protected":false},"author":3,"featured_media":0,"parent":0,"menu_order":0,"comment_status":"closed","ping_status":"closed","template":"100-width.php","meta":{"footnotes":""},"class_list":["post-1938","page","type-page","status-publish","hentry"],"_links":{"self":[{"href":"https:\/\/roblespa.com\/es\/wp-json\/wp\/v2\/pages\/1938","targetHints":{"allow":["GET"]}}],"collection":[{"href":"https:\/\/roblespa.com\/es\/wp-json\/wp\/v2\/pages"}],"about":[{"href":"https:\/\/roblespa.com\/es\/wp-json\/wp\/v2\/types\/page"}],"author":[{"embeddable":true,"href":"https:\/\/roblespa.com\/es\/wp-json\/wp\/v2\/users\/3"}],"replies":[{"embeddable":true,"href":"https:\/\/roblespa.com\/es\/wp-json\/wp\/v2\/comments?post=1938"}],"version-history":[{"count":0,"href":"https:\/\/roblespa.com\/es\/wp-json\/wp\/v2\/pages\/1938\/revisions"}],"wp:attachment":[{"href":"https:\/\/roblespa.com\/es\/wp-json\/wp\/v2\/media?parent=1938"}],"curies":[{"name":"wp","href":"https:\/\/api.w.org\/{rel}","templated":true}]}}