{"id":2267,"date":"2019-09-29T17:14:40","date_gmt":"2019-09-29T21:14:40","guid":{"rendered":"https:\/\/rbspa.acaspro.com\/?page_id=2267"},"modified":"2020-07-17T16:03:13","modified_gmt":"2020-07-17T20:03:13","slug":"general-practice","status":"publish","type":"page","link":"https:\/\/roblespa.com\/es\/general-practice\/","title":{"rendered":"Derecho General"},"content":{"rendered":"<p><div class=\"fusion-fullwidth fullwidth-box fusion-builder-row-1 fusion-flex-container nonhundred-percent-fullwidth non-hundred-percent-height-scrolling\" style=\"--awb-border-radius-top-left:0px;--awb-border-radius-top-right:0px;--awb-border-radius-bottom-right:0px;--awb-border-radius-bottom-left:0px;--awb-padding-top:0px;--awb-padding-right:0px;--awb-padding-bottom:0px;--awb-padding-left:0px;--awb-margin-top:0px;--awb-margin-bottom:0px;--awb-background-color:#4f80cd;--awb-flex-wrap:wrap;\" ><div class=\"fusion-builder-row fusion-row fusion-flex-align-items-flex-start fusion-flex-content-wrap\" style=\"max-width:calc( 1200px + 0px );margin-left: calc(-0px \/ 2 );margin-right: calc(-0px \/ 2 );\"><div class=\"fusion-layout-column fusion_builder_column fusion-builder-column-0 fusion_builder_column_1_1 1_1 fusion-flex-column Col1\" style=\"--awb-padding-top:0px;--awb-padding-right:0px;--awb-padding-bottom:0px;--awb-padding-left:0px;--awb-bg-size:cover;--awb-width-large:100%;--awb-margin-top-large:0px;--awb-spacing-right-large:0px;--awb-margin-bottom-large:0px;--awb-spacing-left-large:0px;--awb-width-medium:100%;--awb-spacing-right-medium:0px;--awb-spacing-left-medium:0px;--awb-width-small:100%;--awb-spacing-right-small:0px;--awb-spacing-left-small:0px;\"><div class=\"fusion-column-wrapper fusion-column-has-shadow fusion-flex-justify-content-flex-start fusion-content-layout-column\"><div class=\"fusion-text fusion-text-1\"><h1><span style=\"font-family: Prata; font-size: 36px; color: #ffffff;\">FAQ<\/span><\/h1>\n<p style=\"text-align: justify;\"><span style=\"font-family: Prata; font-size: 18px; color: #ffffff;\">Esta secci\u00f3n proporciona informaci\u00f3n relacionada con las preguntas m\u00e1s frecuentes y sus respuestas correspondientes en nuestras diversas \u00e1reas de pr\u00e1ctica. Si tiene alguna pregunta adicional, por favor no dude en ponerse en contacto con nosotros.\u00a0<span style=\"color: #00ccff;\"><a style=\"color: #00ccff;\" href=\"\/es\/services\/\">aqu\u00ed<\/a><\/span><\/span><\/p>\n<p style=\"text-align: justify;\" class=\"translation-block\"><span style=\"font-family: Prata;font-size: 20px;color: #ffffff\">En esta secci\u00f3n se proporciona informaci\u00f3n sobre las preguntas m\u00e1s frecuentes y sus correspondientes respuestas en nuestras diversas \u00e1reas de pr\u00e1ctica para nuestros clientes en Miami y Puerto Rico. Si usted tiene alguna pregunta adicional - sobre nuestra quiebra abogados en Miami o sobre cualquiera de nuestras \u00e1reas de pr\u00e1ctica, por favor no dude en\u00a0<a style=\"color: #ffffff\" href=\"\/es\/miami-bankruptcy-law-firm-contact\/\" target=\"_self\"><span style=\"color: #00ccff\">contactar con nosotros<\/span><\/a>.<\/span><\/p>\n<\/div><\/div><\/div><\/div><\/div><div class=\"fusion-fullwidth fullwidth-box fusion-builder-row-2 fusion-flex-container nonhundred-percent-fullwidth non-hundred-percent-height-scrolling\" style=\"--awb-border-radius-top-left:0px;--awb-border-radius-top-right:0px;--awb-border-radius-bottom-right:0px;--awb-border-radius-bottom-left:0px;--awb-flex-wrap:wrap;\" ><div class=\"fusion-builder-row fusion-row fusion-flex-align-items-flex-start fusion-flex-content-wrap\" style=\"max-width:calc( 1200px + 0px );margin-left: calc(-0px \/ 2 );margin-right: calc(-0px \/ 2 );\"><div class=\"fusion-layout-column fusion_builder_column fusion-builder-column-1 fusion_builder_column_1_1 1_1 fusion-flex-column colfaqs\" style=\"--awb-padding-top:0px;--awb-padding-right:0px;--awb-padding-bottom:0px;--awb-padding-left:0px;--awb-bg-size:cover;--awb-width-large:100%;--awb-margin-top-large:0px;--awb-spacing-right-large:0px;--awb-margin-bottom-large:0px;--awb-spacing-left-large:0px;--awb-width-medium:100%;--awb-spacing-right-medium:0px;--awb-spacing-left-medium:0px;--awb-width-small:100%;--awb-spacing-right-small:0px;--awb-spacing-left-small:0px;\"><div class=\"fusion-column-wrapper fusion-column-has-shadow fusion-flex-justify-content-flex-start fusion-content-layout-column\"><div class=\"fusion-widget-area awb-widget-area-element fusion-widget-area-1 fusion-content-widget-area\" style=\"--awb-title-size:20px;--awb-background-color:#f0f0f0;--awb-title-color:#000000;--awb-padding:0px 0px 0px 0px;\"><div id=\"menu-widget-2\" class=\"widget menu\" style=\"border-style: solid;border-color:transparent;border-width:0px;\"><style type=\"text\/css\">#menu-widget-2{text-align:left;}#fusion-menu-widget-2 li{display:inline-block;}#fusion-menu-widget-2 ul li a{display:inline-block;padding:0;border:0;color:#000;font-size:14px;}#fusion-menu-widget-2 ul li a:after{content:\"\";color:#000;padding-right:5px;padding-left:5px;font-size:14px;}#fusion-menu-widget-2 ul li a:hover,#fusion-menu-widget-2 ul .menu-item.current-menu-item a{color:#4f80cd;}#fusion-menu-widget-2 ul li:last-child a:after{display:none;}#fusion-menu-widget-2 ul li .fusion-widget-cart-number{margin:0 7px;background-color:#4f80cd;color:#000;}#fusion-menu-widget-2 ul li.fusion-active-cart-icon .fusion-widget-cart-icon:after{color:#4f80cd;}<\/style><nav id=\"fusion-menu-widget-2\" class=\"fusion-widget-menu\" aria-label=\"Secondary navigation\"><ul id=\"menu-faq_list\" class=\"menu\"><li id=\"menu-item-2055\" class=\"menu-item menu-item-type-post_type menu-item-object-page menu-item-2055\"><a href=\"https:\/\/roblespa.com\/es\/faq\/\">All<\/a><\/li><li id=\"menu-item-2248\" class=\"menu-item menu-item-type-post_type menu-item-object-page menu-item-2248\"><a href=\"https:\/\/roblespa.com\/es\/bankruptcy\/\">Bancarrota<\/a><\/li><li id=\"menu-item-2252\" class=\"menu-item menu-item-type-post_type menu-item-object-page menu-item-2252\"><a href=\"https:\/\/roblespa.com\/es\/personal-injury\/\">Lesiones Personales<\/a><\/li><li id=\"menu-item-2270\" class=\"menu-item menu-item-type-post_type menu-item-object-page menu-item-2270\"><a href=\"https:\/\/roblespa.com\/es\/commercial-litigation\/\">Litigios Comerciales<\/a><\/li><li id=\"menu-item-2271\" class=\"menu-item menu-item-type-post_type menu-item-object-page menu-item-2271\"><a href=\"https:\/\/roblespa.com\/es\/foreclosures\/\">Servicios Inmobiliarios<\/a><\/li><li id=\"menu-item-2272\" class=\"menu-item menu-item-type-post_type menu-item-object-page menu-item-2272\"><a href=\"https:\/\/roblespa.com\/es\/loan-modifications\/\">Modificacion de Prestamos<\/a><\/li><li id=\"menu-item-2273\" class=\"menu-item menu-item-type-post_type menu-item-object-page menu-item-2273\"><a href=\"https:\/\/roblespa.com\/es\/corporate-business-law\/\">Derecho Corporativo y de Negocios<\/a><\/li><li id=\"menu-item-2274\" class=\"menu-item menu-item-type-post_type menu-item-object-page menu-item-2274\"><a href=\"https:\/\/roblespa.com\/es\/real-estate-services\/\">Litios de Bienes Raices<\/a><\/li><li id=\"menu-item-2275\" class=\"menu-item menu-item-type-post_type menu-item-object-page menu-item-2275\"><a href=\"https:\/\/roblespa.com\/es\/general-practice\/\">Derecho General<\/a><\/li><\/ul><\/nav><\/div><div class=\"fusion-additional-widget-content\"><\/div><\/div><\/div><\/div><\/div><\/div><div class=\"fusion-fullwidth fullwidth-box fusion-builder-row-3 fusion-flex-container bankruptcy2 nonhundred-percent-fullwidth non-hundred-percent-height-scrolling\" style=\"--awb-border-radius-top-left:0px;--awb-border-radius-top-right:0px;--awb-border-radius-bottom-right:0px;--awb-border-radius-bottom-left:0px;--awb-margin-top:-20px;--awb-flex-wrap:wrap;\" ><div class=\"fusion-builder-row fusion-row fusion-flex-align-items-flex-start fusion-flex-content-wrap\" style=\"max-width:calc( 1200px + 0px );margin-left: calc(-0px \/ 2 );margin-right: calc(-0px \/ 2 );\"><div class=\"fusion-layout-column fusion_builder_column fusion-builder-column-2 fusion_builder_column_1_1 1_1 fusion-flex-column colfaqs\" style=\"--awb-padding-top:0px;--awb-padding-right:0px;--awb-padding-bottom:0px;--awb-padding-left:0px;--awb-bg-size:cover;--awb-width-large:100%;--awb-margin-top-large:0px;--awb-spacing-right-large:0px;--awb-margin-bottom-large:0px;--awb-spacing-left-large:0px;--awb-width-medium:100%;--awb-spacing-right-medium:0px;--awb-spacing-left-medium:0px;--awb-width-small:100%;--awb-spacing-right-small:0px;--awb-spacing-left-small:0px;\"><div class=\"fusion-column-wrapper fusion-column-has-shadow fusion-flex-justify-content-flex-start fusion-content-layout-column\"><style type=\"text\/css\">.fusion-faqs-wrapper #accordian-1 .fusion-panel { border-color:var(--awb-color3); }.fusion-faqs-wrapper #accordian-1 .fusion-panel:hover{ border-color: var(--awb-color3); }.fusion-accordian #accordian-1 .panel-title a .fa-fusion-box:before{ font-size: 1px;width: 1px;}.fusion-accordian #accordian-1 .panel-title a .fa-fusion-box{ color: #f0f0f0;}.fusion-accordian  #accordian-1 .panel-title a{font-size:18px;font-family:var(--awb-typography1-font-family);font-weight:var(--awb-typography1-font-weight);font-style:var(--awb-typography1-font-style);}.fusion-accordian  #accordian-1 .panel-title a:not(:hover){}.fusion-accordian  #accordian-1 .toggle-content{font-family:var(--awb-typography4-font-family);font-weight:var(--awb-typography4-font-weight);font-style:var(--awb-typography4-font-style);}.fusion-accordian #accordian-1 .panel-title a:hover,.fusion-accordian #accordian-1 .panel-title a.hover { color: #4f80cd;}.fusion-faq-shortcode .fusion-accordian #accordian-1 .fusion-toggle-boxed-mode:hover .panel-title a { color: #4f80cd;}.fusion-accordian #accordian-1.fusion-toggle-icon-unboxed .panel-title a:hover .fa-fusion-box,.fusion-accordian #accordian-1.fusion-toggle-icon-unboxed .panel-title a.hover .fa-fusion-box { color: #4f80cd; }<\/style><div class=\"fusion-faq-shortcode\" style=\"\"><ul role=\"menu\" class=\"fusion-filters clearfix\"><li role=\"presentation\" class=\"fusion-filter fusion-active\"><a role=\"menuitem\" data-filter=\".general-practice\" href=\"#\">Derecho General<\/a><\/li><\/ul><div class=\"fusion-faqs-wrapper\"><div class=\"accordian fusion-accordian\"><div class=\"panel-group  fusion-toggle-icon-unboxed\" id=\"accordian-1\"><div class=\"fusion-panel fusion-toggle-no-divider panel-default fusion-faq-post fusion-faq-post-2237 general-practice\"><span class=\"entry-title rich-snippet-hidden\">\u00bfQu\u00e9 es el derecho de familia?<\/span><span class=\"vcard rich-snippet-hidden\"><span class=\"fn\"><a href=\"https:\/\/roblespa.com\/es\/author\/kpadmin\/\" title=\"Entradas de kpadmin\" rel=\"author\">Mensajes de %s<\/a><\/span><\/span><span class=\"updated rich-snippet-hidden\">2020-05-28T07:55:49-04:00<\/span><div class=\"panel-heading\"><h4 id=\"faq_1-2237\" class=\"panel-title toggle\"><a data-toggle=\"collapse\" class=\"collapsed\" data-parent=\"#accordian-1\" data-target=\"#collapse-1-2237\" href=\"#collapse-1-2237\" aria-expanded=\"false\"><div class=\"fusion-toggle-icon-wrapper\"><div class=\"fusion-toggle-icon-wrapper-main\"><div class=\"fusion-toggle-icon-wrapper-sub\"><i class=\"fa-fusion-box active-icon awb-icon-minus\" aria-hidden=\"true\"><\/i><i class=\"fa-fusion-box inactive-icon awb-icon-plus\" aria-hidden=\"true\"><\/i><\/div><\/div><\/div><div class=\"fusion-toggle-heading\">\u00bfQu\u00e9 es el derecho de familia?<\/div><\/a><\/h4><\/div><div id=\"collapse-1-2237\" aria-labelledby=\"faq_1-2237\" class=\"panel-collapse collapse\"><div class=\"panel-body toggle-content post-content\"><div class=\"fusion-fullwidth fullwidth-box fusion-builder-row-3-1 fusion-flex-container nonhundred-percent-fullwidth non-hundred-percent-height-scrolling\" style=\"--awb-border-radius-top-left:0px;--awb-border-radius-top-right:0px;--awb-border-radius-bottom-right:0px;--awb-border-radius-bottom-left:0px;--awb-background-color:#000000;--awb-flex-wrap:wrap;\" ><div class=\"fusion-builder-row fusion-row fusion-flex-align-items-flex-start fusion-flex-content-wrap\" style=\"width:calc( 100% + 0px ) !important;max-width:calc( 100% + 0px ) !important;margin-left: calc(-0px \/ 2 );margin-right: calc(-0px \/ 2 );\"><div class=\"fusion-layout-column fusion_builder_column fusion-builder-column-3 fusion_builder_column_1_1 1_1 fusion-flex-column\" style=\"--awb-bg-size:cover;--awb-width-large:100%;--awb-margin-top-large:0px;--awb-spacing-right-large:0px;--awb-margin-bottom-large:20px;--awb-spacing-left-large:0px;--awb-width-medium:100%;--awb-spacing-right-medium:0px;--awb-spacing-left-medium:0px;--awb-width-small:100%;--awb-spacing-right-small:0px;--awb-spacing-left-small:0px;\"><div class=\"fusion-column-wrapper fusion-column-has-shadow fusion-flex-justify-content-flex-start fusion-content-layout-column\"><div class=\"fusion-text fusion-text-2\"><p class=\"translation-block\"><span style=\"font-family: Prata;font-size: 16px;color: #ffffff\">El derecho de familia regula las relaciones internas. Nuestra empresa ofrece los siguientes servicios de derecho de familia en Miami y todo el estado de Florida: el divorcio, child support determinaciones y modificaciones, paternidad trajes, cuestiones relacionadas con la custodia, la ejecuci\u00f3n del matrimonio acuerdos conciliatorios, la distribuci\u00f3n de los bienes matrimoniales, la venta de bienes inmuebles, una partici\u00f3n de acciones y apoyo al ni\u00f1o colecciones. Para m\u00e1s informaci\u00f3n, por favor <span style=\"color: #00ccff\"><a style=\"color: #00ccff\" href=\"\/es\/miami-bankruptcy-law-firm-contact\/\" target=\"_self\">contactar con nosotros<\/a>,<\/span> O visite nuestras oficinas en Miami, donde uno de nuestros abogados especializados en derecho de familia en Miami, estar\u00e1 encantado de ayudarle.<\/span><\/p>\n<\/div><\/div><\/div><\/div><\/div>\n<\/div><\/div><\/div><div class=\"fusion-panel fusion-toggle-no-divider panel-default fusion-faq-post fusion-faq-post-2235 general-practice\"><span class=\"entry-title rich-snippet-hidden\">\u00bfCu\u00e1l es la delincuencia de cuello blanco?<\/span><span class=\"vcard rich-snippet-hidden\"><span class=\"fn\"><a href=\"https:\/\/roblespa.com\/es\/author\/kpadmin\/\" title=\"Entradas de kpadmin\" rel=\"author\">Mensajes de %s<\/a><\/span><\/span><span class=\"updated rich-snippet-hidden\">2019-09-27T21:49:07-04:00<\/span><div class=\"panel-heading\"><h4 id=\"faq_1-2235\" class=\"panel-title toggle\"><a data-toggle=\"collapse\" class=\"collapsed\" data-parent=\"#accordian-1\" data-target=\"#collapse-1-2235\" href=\"#collapse-1-2235\" aria-expanded=\"false\"><div class=\"fusion-toggle-icon-wrapper\"><div class=\"fusion-toggle-icon-wrapper-main\"><div class=\"fusion-toggle-icon-wrapper-sub\"><i class=\"fa-fusion-box active-icon awb-icon-minus\" aria-hidden=\"true\"><\/i><i class=\"fa-fusion-box inactive-icon awb-icon-plus\" aria-hidden=\"true\"><\/i><\/div><\/div><\/div><div class=\"fusion-toggle-heading\">\u00bfCu\u00e1l es la delincuencia de cuello blanco?<\/div><\/a><\/h4><\/div><div id=\"collapse-1-2235\" aria-labelledby=\"faq_1-2235\" class=\"panel-collapse collapse\"><div class=\"panel-body toggle-content post-content\"><div class=\"fusion-fullwidth fullwidth-box fusion-builder-row-3-2 fusion-flex-container nonhundred-percent-fullwidth non-hundred-percent-height-scrolling\" style=\"--awb-border-radius-top-left:0px;--awb-border-radius-top-right:0px;--awb-border-radius-bottom-right:0px;--awb-border-radius-bottom-left:0px;--awb-background-color:#000000;--awb-flex-wrap:wrap;\" ><div class=\"fusion-builder-row fusion-row fusion-flex-align-items-flex-start fusion-flex-content-wrap\" style=\"width:calc( 100% + 0px ) !important;max-width:calc( 100% + 0px ) !important;margin-left: calc(-0px \/ 2 );margin-right: calc(-0px \/ 2 );\"><div class=\"fusion-layout-column fusion_builder_column fusion-builder-column-4 fusion_builder_column_1_1 1_1 fusion-flex-column\" style=\"--awb-bg-size:cover;--awb-width-large:100%;--awb-margin-top-large:0px;--awb-spacing-right-large:0px;--awb-margin-bottom-large:20px;--awb-spacing-left-large:0px;--awb-width-medium:100%;--awb-spacing-right-medium:0px;--awb-spacing-left-medium:0px;--awb-width-small:100%;--awb-spacing-right-small:0px;--awb-spacing-left-small:0px;\"><div class=\"fusion-column-wrapper fusion-column-has-shadow fusion-flex-justify-content-flex-start fusion-content-layout-column\"><div class=\"fusion-text fusion-text-3\"><p><span style=\"font-family: Prata; font-size: 16px; color: #ffffff;\">La delincuencia de cuello blanco se refiere a las acusaciones de varios tipos de conducta no violenta presuntamente cometidos por las corporaciones e individuos, incluyendo robo, soborno, fraude y otras violaciones de confianza presuntamente cometidos en el curso de la presunta ocupaci\u00f3n. El servicio de defensa penal que ofrecemos incluye una amplia variedad de asuntos estatales y federales derivadas de las relaciones comerciales, la conducta empresarial y las transacciones comerciales. Nuestra empresa se enfrentar\u00e1 a otros asuntos de defensa, tanto delito menor y delito grave, en una base de caso por caso, dependiendo de los cargos.<\/span><\/p>\n<\/div><\/div><\/div><\/div><\/div>\n<\/div><\/div><\/div><div class=\"fusion-panel fusion-toggle-no-divider panel-default fusion-faq-post fusion-faq-post-2233 general-practice\"><span class=\"entry-title rich-snippet-hidden\">\u00bfQu\u00e9 es una tutela?<\/span><span class=\"vcard rich-snippet-hidden\"><span class=\"fn\"><a href=\"https:\/\/roblespa.com\/es\/author\/kpadmin\/\" title=\"Entradas de kpadmin\" rel=\"author\">Mensajes de %s<\/a><\/span><\/span><span class=\"updated rich-snippet-hidden\">2019-09-27T21:45:58-04:00<\/span><div class=\"panel-heading\"><h4 id=\"faq_1-2233\" class=\"panel-title toggle\"><a data-toggle=\"collapse\" class=\"collapsed\" data-parent=\"#accordian-1\" data-target=\"#collapse-1-2233\" href=\"#collapse-1-2233\" aria-expanded=\"false\"><div class=\"fusion-toggle-icon-wrapper\"><div class=\"fusion-toggle-icon-wrapper-main\"><div class=\"fusion-toggle-icon-wrapper-sub\"><i class=\"fa-fusion-box active-icon awb-icon-minus\" aria-hidden=\"true\"><\/i><i class=\"fa-fusion-box inactive-icon awb-icon-plus\" aria-hidden=\"true\"><\/i><\/div><\/div><\/div><div class=\"fusion-toggle-heading\">\u00bfQu\u00e9 es una tutela?<\/div><\/a><\/h4><\/div><div id=\"collapse-1-2233\" aria-labelledby=\"faq_1-2233\" class=\"panel-collapse collapse\"><div class=\"panel-body toggle-content post-content\"><div class=\"fusion-fullwidth fullwidth-box fusion-builder-row-3-3 fusion-flex-container nonhundred-percent-fullwidth non-hundred-percent-height-scrolling\" style=\"--awb-border-radius-top-left:0px;--awb-border-radius-top-right:0px;--awb-border-radius-bottom-right:0px;--awb-border-radius-bottom-left:0px;--awb-background-color:#000000;--awb-flex-wrap:wrap;\" ><div class=\"fusion-builder-row fusion-row fusion-flex-align-items-flex-start fusion-flex-content-wrap\" style=\"width:calc( 100% + 0px ) !important;max-width:calc( 100% + 0px ) !important;margin-left: calc(-0px \/ 2 );margin-right: calc(-0px \/ 2 );\"><div class=\"fusion-layout-column fusion_builder_column fusion-builder-column-5 fusion_builder_column_1_1 1_1 fusion-flex-column\" style=\"--awb-bg-size:cover;--awb-width-large:100%;--awb-margin-top-large:0px;--awb-spacing-right-large:0px;--awb-margin-bottom-large:20px;--awb-spacing-left-large:0px;--awb-width-medium:100%;--awb-spacing-right-medium:0px;--awb-spacing-left-medium:0px;--awb-width-small:100%;--awb-spacing-right-small:0px;--awb-spacing-left-small:0px;\"><div class=\"fusion-column-wrapper fusion-column-has-shadow fusion-flex-justify-content-flex-start fusion-content-layout-column\"><div class=\"fusion-text fusion-text-4\"><p><span style=\"font-family: Prata; font-size: 16px; color: #ffffff;\">Una tutela es la disposici\u00f3n legal en el cual una persona (el tutor) tiene el derecho legal y el deber de cuidar a otro (el pupilo o tutela \u201cward\u201d) y de su propiedad. Nuestra firma ofrece servicios tales como tutelas de procedimientos menores, incompetencia e incapacidad, tutela para personas discapacitadas, y la presentaci\u00f3n de informes y gesti\u00f3n de patrimonios.<\/span><\/p>\n<\/div><\/div><\/div><\/div><\/div>\n<\/div><\/div><\/div><div class=\"fusion-panel fusion-toggle-no-divider panel-default fusion-faq-post fusion-faq-post-2231 general-practice\"><span class=\"entry-title rich-snippet-hidden\">\u00bfQu\u00e9 es una transferencia entre vivos (inter vivos)?<\/span><span class=\"vcard rich-snippet-hidden\"><span class=\"fn\"><a href=\"https:\/\/roblespa.com\/es\/author\/kpadmin\/\" title=\"Entradas de kpadmin\" rel=\"author\">Mensajes de %s<\/a><\/span><\/span><span class=\"updated rich-snippet-hidden\">2019-09-27T21:45:04-04:00<\/span><div class=\"panel-heading\"><h4 id=\"faq_1-2231\" class=\"panel-title toggle\"><a data-toggle=\"collapse\" class=\"collapsed\" data-parent=\"#accordian-1\" data-target=\"#collapse-1-2231\" href=\"#collapse-1-2231\" aria-expanded=\"false\"><div class=\"fusion-toggle-icon-wrapper\"><div class=\"fusion-toggle-icon-wrapper-main\"><div class=\"fusion-toggle-icon-wrapper-sub\"><i class=\"fa-fusion-box active-icon awb-icon-minus\" aria-hidden=\"true\"><\/i><i class=\"fa-fusion-box inactive-icon awb-icon-plus\" aria-hidden=\"true\"><\/i><\/div><\/div><\/div><div class=\"fusion-toggle-heading\">\u00bfQu\u00e9 es una transferencia entre vivos (inter vivos)?<\/div><\/a><\/h4><\/div><div id=\"collapse-1-2231\" aria-labelledby=\"faq_1-2231\" class=\"panel-collapse collapse\"><div class=\"panel-body toggle-content post-content\"><div class=\"fusion-fullwidth fullwidth-box fusion-builder-row-3-4 fusion-flex-container nonhundred-percent-fullwidth non-hundred-percent-height-scrolling\" style=\"--awb-border-radius-top-left:0px;--awb-border-radius-top-right:0px;--awb-border-radius-bottom-right:0px;--awb-border-radius-bottom-left:0px;--awb-background-color:#000000;--awb-flex-wrap:wrap;\" ><div class=\"fusion-builder-row fusion-row fusion-flex-align-items-flex-start fusion-flex-content-wrap\" style=\"width:calc( 100% + 0px ) !important;max-width:calc( 100% + 0px ) !important;margin-left: calc(-0px \/ 2 );margin-right: calc(-0px \/ 2 );\"><div class=\"fusion-layout-column fusion_builder_column fusion-builder-column-6 fusion_builder_column_1_1 1_1 fusion-flex-column\" style=\"--awb-bg-size:cover;--awb-width-large:100%;--awb-margin-top-large:0px;--awb-spacing-right-large:0px;--awb-margin-bottom-large:20px;--awb-spacing-left-large:0px;--awb-width-medium:100%;--awb-spacing-right-medium:0px;--awb-spacing-left-medium:0px;--awb-width-small:100%;--awb-spacing-right-small:0px;--awb-spacing-left-small:0px;\"><div class=\"fusion-column-wrapper fusion-column-has-shadow fusion-flex-justify-content-flex-start fusion-content-layout-column\"><div class=\"fusion-text fusion-text-5\"><p><span style=\"font-family: Prata; font-size: 16px; color: #ffffff;\">Una transferencia entre vivos es una transferencia hecha por alguien antes de la muerte. En ciertas circunstancias, una transferencia entre vivos puede ser preferido por un individuo. Una transferencia entre vivos eliminar\u00e1 la necesidad de sucesi\u00f3n para esos bienes transferidos particulares.<\/span><\/p>\n<\/div><\/div><\/div><\/div><\/div>\n<\/div><\/div><\/div><div class=\"fusion-panel fusion-toggle-no-divider panel-default fusion-faq-post fusion-faq-post-2229 general-practice\"><span class=\"entry-title rich-snippet-hidden\">\u00bfQu\u00e9 es la sucesi\u00f3n (probate)?<\/span><span class=\"vcard rich-snippet-hidden\"><span class=\"fn\"><a href=\"https:\/\/roblespa.com\/es\/author\/kpadmin\/\" title=\"Entradas de kpadmin\" rel=\"author\">Mensajes de %s<\/a><\/span><\/span><span class=\"updated rich-snippet-hidden\">2019-09-27T21:44:17-04:00<\/span><div class=\"panel-heading\"><h4 id=\"faq_1-2229\" class=\"panel-title toggle\"><a data-toggle=\"collapse\" class=\"collapsed\" data-parent=\"#accordian-1\" data-target=\"#collapse-1-2229\" href=\"#collapse-1-2229\" aria-expanded=\"false\"><div class=\"fusion-toggle-icon-wrapper\"><div class=\"fusion-toggle-icon-wrapper-main\"><div class=\"fusion-toggle-icon-wrapper-sub\"><i class=\"fa-fusion-box active-icon awb-icon-minus\" aria-hidden=\"true\"><\/i><i class=\"fa-fusion-box inactive-icon awb-icon-plus\" aria-hidden=\"true\"><\/i><\/div><\/div><\/div><div class=\"fusion-toggle-heading\">\u00bfQu\u00e9 es la sucesi\u00f3n (probate)?<\/div><\/a><\/h4><\/div><div id=\"collapse-1-2229\" aria-labelledby=\"faq_1-2229\" class=\"panel-collapse collapse\"><div class=\"panel-body toggle-content post-content\"><div class=\"fusion-fullwidth fullwidth-box fusion-builder-row-3-5 fusion-flex-container nonhundred-percent-fullwidth non-hundred-percent-height-scrolling\" style=\"--awb-border-radius-top-left:0px;--awb-border-radius-top-right:0px;--awb-border-radius-bottom-right:0px;--awb-border-radius-bottom-left:0px;--awb-background-color:#000000;--awb-flex-wrap:wrap;\" ><div class=\"fusion-builder-row fusion-row fusion-flex-align-items-flex-start fusion-flex-content-wrap\" style=\"width:calc( 100% + 0px ) !important;max-width:calc( 100% + 0px ) !important;margin-left: calc(-0px \/ 2 );margin-right: calc(-0px \/ 2 );\"><div class=\"fusion-layout-column fusion_builder_column fusion-builder-column-7 fusion_builder_column_1_1 1_1 fusion-flex-column\" style=\"--awb-bg-size:cover;--awb-width-large:100%;--awb-margin-top-large:0px;--awb-spacing-right-large:0px;--awb-margin-bottom-large:20px;--awb-spacing-left-large:0px;--awb-width-medium:100%;--awb-spacing-right-medium:0px;--awb-spacing-left-medium:0px;--awb-width-small:100%;--awb-spacing-right-small:0px;--awb-spacing-left-small:0px;\"><div class=\"fusion-column-wrapper fusion-column-has-shadow fusion-flex-justify-content-flex-start fusion-content-layout-column\"><div class=\"fusion-text fusion-text-6\"><p><span style=\"font-family: Prata; font-size: 16px; color: #ffffff;\">La sucesi\u00f3n es la administraci\u00f3n de los bienes de un difunto. La administraci\u00f3n se puede hacer con testamento o sin testamento.  Los bienes de un difunto puede requerir la administraci\u00f3n en virtud de un fideicomiso en casos donde hay un trust.  Nuestra firma ofrece una variedad de servicios de legalizaci\u00f3n relacionados tales como la administraci\u00f3n de resumen (summary administration), la administraci\u00f3n formal, advertencias, testamentos, fideicomisos tanto revocables e irrevocables, fideicomisos de tierras y la planificaci\u00f3n del patrimonio.<\/span><\/p>\n<\/div><\/div><\/div><\/div><\/div>\n<\/div><\/div><\/div><\/div><\/div><\/div><\/div><\/div><\/div><\/div><\/div><\/p>","protected":false},"excerpt":{"rendered":"","protected":false},"author":3,"featured_media":0,"parent":0,"menu_order":0,"comment_status":"closed","ping_status":"closed","template":"100-width.php","meta":{"footnotes":""},"class_list":["post-2267","page","type-page","status-publish","hentry"],"_links":{"self":[{"href":"https:\/\/roblespa.com\/es\/wp-json\/wp\/v2\/pages\/2267","targetHints":{"allow":["GET"]}}],"collection":[{"href":"https:\/\/roblespa.com\/es\/wp-json\/wp\/v2\/pages"}],"about":[{"href":"https:\/\/roblespa.com\/es\/wp-json\/wp\/v2\/types\/page"}],"author":[{"embeddable":true,"href":"https:\/\/roblespa.com\/es\/wp-json\/wp\/v2\/users\/3"}],"replies":[{"embeddable":true,"href":"https:\/\/roblespa.com\/es\/wp-json\/wp\/v2\/comments?post=2267"}],"version-history":[{"count":0,"href":"https:\/\/roblespa.com\/es\/wp-json\/wp\/v2\/pages\/2267\/revisions"}],"wp:attachment":[{"href":"https:\/\/roblespa.com\/es\/wp-json\/wp\/v2\/media?parent=2267"}],"curies":[{"name":"wp","href":"https:\/\/api.w.org\/{rel}","templated":true}]}}