{"id":2278,"date":"2019-09-29T17:27:04","date_gmt":"2019-09-29T21:27:04","guid":{"rendered":"https:\/\/rbspa.acaspro.com\/?page_id=2278"},"modified":"2020-06-01T20:50:34","modified_gmt":"2020-06-02T00:50:34","slug":"services","status":"publish","type":"page","link":"https:\/\/roblespa.com\/es\/servicios\/","title":{"rendered":"Servicios"},"content":{"rendered":"<p><div class=\"fusion-fullwidth fullwidth-box fusion-builder-row-1 fusion-flex-container nonhundred-percent-fullwidth non-hundred-percent-height-scrolling\" style=\"--awb-border-radius-top-left:0px;--awb-border-radius-top-right:0px;--awb-border-radius-bottom-right:0px;--awb-border-radius-bottom-left:0px;--awb-padding-top:0px;--awb-padding-right:0px;--awb-padding-bottom:0px;--awb-padding-left:0px;--awb-margin-top:0px;--awb-margin-bottom:0px;--awb-background-color:#4183ce;--awb-flex-wrap:wrap;\" ><div class=\"fusion-builder-row fusion-row fusion-flex-align-items-flex-start fusion-flex-content-wrap\" style=\"max-width:calc( 1200px + 0px );margin-left: calc(-0px \/ 2 );margin-right: calc(-0px \/ 2 );\"><div class=\"fusion-layout-column fusion_builder_column fusion-builder-column-0 fusion_builder_column_1_1 1_1 fusion-flex-column Col3\" style=\"--awb-padding-top:0px;--awb-padding-right:0px;--awb-padding-bottom:0px;--awb-padding-left:0px;--awb-bg-size:cover;--awb-width-large:100%;--awb-margin-top-large:0px;--awb-spacing-right-large:0px;--awb-margin-bottom-large:0px;--awb-spacing-left-large:0px;--awb-width-medium:100%;--awb-spacing-right-medium:0px;--awb-spacing-left-medium:0px;--awb-width-small:100%;--awb-spacing-right-small:0px;--awb-spacing-left-small:0px;\"><div class=\"fusion-column-wrapper fusion-column-has-shadow fusion-flex-justify-content-flex-start fusion-content-layout-column\"><div class=\"fusion-text fusion-text-1\"><h1 style=\"text-align: justify;\"><span style=\"font-family: Prata; font-size: 42px; color: #ffffff;\">\u00c1reas de Pr\u00e1ctica<\/span><\/h1>\n<p style=\"text-align: justify;\"><span style=\"font-family: Prata; color: #ffffff; font-size: 18px;\">Nuestra firma practica una variedad de \u00e1reas tales como litigaci\u00f3n, propiedad inmobiliaria, contratos, bancarrota, da\u00f1os corporativos y corporales, y ley del servicio p\u00fablico. En la parte inferior encontrar\u00e1 una serie de links donde se enumeran las \u00e1reas que practicamos con su respectiva descripci\u00f3n. Si usted tiene alguna preocupaci\u00f3n legal, cont\u00e1ctenos.<\/span><\/p>\n<\/div><\/div><\/div><\/div><\/div><div class=\"fusion-fullwidth fullwidth-box fusion-builder-row-2 fusion-flex-container nonhundred-percent-fullwidth non-hundred-percent-height-scrolling\" style=\"--awb-border-radius-top-left:0px;--awb-border-radius-top-right:0px;--awb-border-radius-bottom-right:0px;--awb-border-radius-bottom-left:0px;--awb-margin-top:-10px;--awb-flex-wrap:wrap;\" ><div class=\"fusion-builder-row fusion-row fusion-flex-align-items-flex-start fusion-flex-content-wrap\" style=\"max-width:1248px;margin-left: calc(-4% \/ 2 );margin-right: calc(-4% \/ 2 );\"><div class=\"fusion-layout-column fusion_builder_column fusion-builder-column-1 fusion_builder_column_1_6 1_6 fusion-flex-column\" style=\"--awb-bg-size:cover;--awb-width-large:16.666666666667%;--awb-margin-top-large:0px;--awb-spacing-right-large:11.52%;--awb-margin-bottom-large:20px;--awb-spacing-left-large:11.52%;--awb-width-medium:16.666666666667%;--awb-spacing-right-medium:11.52%;--awb-spacing-left-medium:11.52%;--awb-width-small:16.666666666667%;--awb-spacing-right-small:11.52%;--awb-spacing-left-small:11.52%;\"><div class=\"fusion-column-wrapper fusion-column-has-shadow fusion-flex-justify-content-flex-start fusion-content-layout-column\"><\/div><\/div><div class=\"fusion-layout-column fusion_builder_column fusion-builder-column-2 fusion_builder_column_2_3 2_3 fusion-flex-column\" style=\"--awb-bg-size:cover;--awb-width-large:66.666666666667%;--awb-margin-top-large:0px;--awb-spacing-right-large:2.88%;--awb-margin-bottom-large:20px;--awb-spacing-left-large:2.88%;--awb-width-medium:66.666666666667%;--awb-spacing-right-medium:2.88%;--awb-spacing-left-medium:2.88%;--awb-width-small:66.666666666667%;--awb-spacing-right-small:2.88%;--awb-spacing-left-small:2.88%;\"><div class=\"fusion-column-wrapper fusion-column-has-shadow fusion-flex-justify-content-flex-start fusion-content-layout-column\"><div class=\"fusion-text fusion-text-2\"><h1 style=\"text-align: center;\"><span id=\"Cnt_Body_Cnt_Content_element_4270_HeaderTitleLabel\" style=\"font-family: Prata; font-size: 40px; color: #4f80cd;\">Nuestros Servicios<\/span><\/h1>\n<\/div><\/div><\/div><div class=\"fusion-layout-column fusion_builder_column fusion-builder-column-3 fusion_builder_column_1_6 1_6 fusion-flex-column\" style=\"--awb-bg-size:cover;--awb-width-large:16.666666666667%;--awb-margin-top-large:0px;--awb-spacing-right-large:11.52%;--awb-margin-bottom-large:20px;--awb-spacing-left-large:11.52%;--awb-width-medium:16.666666666667%;--awb-spacing-right-medium:11.52%;--awb-spacing-left-medium:11.52%;--awb-width-small:16.666666666667%;--awb-spacing-right-small:11.52%;--awb-spacing-left-small:11.52%;\"><div class=\"fusion-column-wrapper fusion-column-has-shadow fusion-flex-justify-content-flex-start fusion-content-layout-column\"><\/div><\/div><\/div><\/div><div class=\"fusion-fullwidth fullwidth-box fusion-builder-row-3 fusion-flex-container C1 nonhundred-percent-fullwidth non-hundred-percent-height-scrolling\" style=\"--awb-border-radius-top-left:0px;--awb-border-radius-top-right:0px;--awb-border-radius-bottom-right:0px;--awb-border-radius-bottom-left:0px;--awb-padding-top:0px;--awb-padding-right:0px;--awb-padding-bottom:0px;--awb-padding-left:0px;--awb-margin-top:0px;--awb-margin-bottom:0px;--awb-flex-wrap:wrap;\" ><div class=\"fusion-builder-row fusion-row fusion-flex-align-items-flex-start fusion-flex-content-wrap\" style=\"max-width:1248px;margin-left: calc(-4% \/ 2 );margin-right: calc(-4% \/ 2 );\"><div class=\"fusion-layout-column fusion_builder_column fusion-builder-column-4 fusion_builder_column_1_6 1_6 fusion-flex-column\" style=\"--awb-padding-top:0px;--awb-padding-right:0px;--awb-padding-bottom:0px;--awb-padding-left:0px;--awb-bg-size:cover;--awb-width-large:16.666666666667%;--awb-margin-top-large:0px;--awb-spacing-right-large:11.52%;--awb-margin-bottom-large:0px;--awb-spacing-left-large:11.52%;--awb-width-medium:16.666666666667%;--awb-spacing-right-medium:11.52%;--awb-spacing-left-medium:11.52%;--awb-width-small:16.666666666667%;--awb-spacing-right-small:11.52%;--awb-spacing-left-small:11.52%;\"><div class=\"fusion-column-wrapper fusion-column-has-shadow fusion-flex-justify-content-flex-start fusion-content-layout-column\"><\/div><\/div><div class=\"fusion-layout-column fusion_builder_column fusion-builder-column-5 fusion_builder_column_2_3 2_3 fusion-flex-column\" style=\"--awb-padding-top:0px;--awb-padding-right:0px;--awb-padding-bottom:0px;--awb-padding-left:0px;--awb-bg-size:cover;--awb-width-large:66.666666666667%;--awb-margin-top-large:0px;--awb-spacing-right-large:2.88%;--awb-margin-bottom-large:0px;--awb-spacing-left-large:2.88%;--awb-width-medium:66.666666666667%;--awb-spacing-right-medium:2.88%;--awb-spacing-left-medium:2.88%;--awb-width-small:66.666666666667%;--awb-spacing-right-small:2.88%;--awb-spacing-left-small:2.88%;\"><div class=\"fusion-column-wrapper fusion-column-has-shadow fusion-flex-justify-content-flex-start fusion-content-layout-column\"><div class=\"fusion-builder-row fusion-builder-row-inner fusion-row fusion-flex-align-items-flex-start fusion-flex-content-wrap\" style=\"width:104% !important;max-width:104% !important;margin-left: calc(-4% \/ 2 );margin-right: calc(-4% \/ 2 );\"><div class=\"fusion-layout-column fusion_builder_column_inner fusion-builder-nested-column-0 fusion_builder_column_inner_1_3 1_3 fusion-flex-column\" style=\"--awb-bg-size:cover;--awb-width-large:33.333333333333%;--awb-margin-top-large:0px;--awb-spacing-right-large:5.76%;--awb-margin-bottom-large:20px;--awb-spacing-left-large:5.76%;--awb-width-medium:33.333333333333%;--awb-spacing-right-medium:5.76%;--awb-spacing-left-medium:5.76%;--awb-width-small:33.333333333333%;--awb-spacing-right-small:5.76%;--awb-spacing-left-small:5.76%;\"><div class=\"fusion-column-wrapper fusion-column-has-shadow fusion-flex-justify-content-flex-start fusion-content-layout-column\"><div class=\"fusion-text fusion-text-3\"><p style=\"text-align: justify;\"><span style=\"font-family: Prata;\"><a href=\"\/es\/bankruptcy\/\"><img decoding=\"async\" class=\"alignnone wp-image-2329 size-full\" src=\"https:\/\/roblespa.com\/wp-content\/uploads\/2019\/10\/Screen-Shot-2019-10-15-at-11.58.13-AM.png\" alt=\"\" width=\"316\" height=\"88\" title=\"\" srcset=\"https:\/\/roblespa.com\/wp-content\/uploads\/2019\/10\/Screen-Shot-2019-10-15-at-11.58.13-AM-200x56.png 200w, https:\/\/roblespa.com\/wp-content\/uploads\/2019\/10\/Screen-Shot-2019-10-15-at-11.58.13-AM-300x84.png 300w, https:\/\/roblespa.com\/wp-content\/uploads\/2019\/10\/Screen-Shot-2019-10-15-at-11.58.13-AM.png 320w\" sizes=\"(max-width: 316px) 100vw, 316px\" \/><\/a><\/span><\/p>\n<\/div><div class=\"fusion-text fusion-text-4 T1\"><p style=\"text-align: left; padding-left: 18px;\"><span style=\"font-family: Prata;\"><a id=\"Cnt_Body_Cnt_Content_element_4270_BulletinsRepeater_ListShortDescriptionNavigation_0\" href=\"https:\/\/roblespa.com\/es\/service\/Miami-Bankruptcy-Attorney\/\">Los servicios de bancarrota que ofrecemos incluyen:\u00a0<\/a><a id=\"Cnt_Body_Cnt_Content_element_4270_BulletinsRepeater_ListShortDescriptionNavigation_0\" href=\"https:\/\/roblespa.com\/es\/service\/Miami-Bankruptcy-Attorney\/\">deudores, derechos de acreedores, adversarios\u00a0<\/a><a id=\"Cnt_Body_Cnt_Content_element_4270_BulletinsRepeater_ListShortDescriptionNavigation_0\" href=\"https:\/\/roblespa.com\/es\/service\/Miami-Bankruptcy-Attorney\/\">procedimientos, la negociaci\u00f3n de la reafirmaci\u00f3n\u00a0<\/a><a id=\"Cnt_Body_Cnt_Content_element_4270_BulletinsRepeater_ListShortDescriptionNavigation_0\" href=\"https:\/\/roblespa.com\/es\/service\/Miami-Bankruptcy-Attorney\/\">el acuerdo...<\/a><\/span><\/p>\n<\/div><\/div><\/div><div class=\"fusion-layout-column fusion_builder_column_inner fusion-builder-nested-column-1 fusion_builder_column_inner_1_3 1_3 fusion-flex-column\" style=\"--awb-bg-size:cover;--awb-width-large:33.333333333333%;--awb-margin-top-large:0px;--awb-spacing-right-large:5.76%;--awb-margin-bottom-large:20px;--awb-spacing-left-large:5.76%;--awb-width-medium:33.333333333333%;--awb-spacing-right-medium:5.76%;--awb-spacing-left-medium:5.76%;--awb-width-small:33.333333333333%;--awb-spacing-right-small:5.76%;--awb-spacing-left-small:5.76%;\"><div class=\"fusion-column-wrapper fusion-column-has-shadow fusion-flex-justify-content-flex-start fusion-content-layout-column\"><div class=\"fusion-text fusion-text-5\"><p><a href=\"\/es\/personal-injury\/\"><img decoding=\"async\" class=\"alignnone wp-image-2386 size-full\" src=\"https:\/\/roblespa.com\/wp-content\/uploads\/2019\/10\/Screen-Shot-2019-10-15-at-11.58.29-AM.png\" alt=\"\" width=\"316\" height=\"88\" title=\"\" srcset=\"https:\/\/roblespa.com\/wp-content\/uploads\/2019\/10\/Screen-Shot-2019-10-15-at-11.58.29-AM-200x56.png 200w, https:\/\/roblespa.com\/wp-content\/uploads\/2019\/10\/Screen-Shot-2019-10-15-at-11.58.29-AM-300x84.png 300w, https:\/\/roblespa.com\/wp-content\/uploads\/2019\/10\/Screen-Shot-2019-10-15-at-11.58.29-AM.png 320w\" sizes=\"(max-width: 316px) 100vw, 316px\" \/><\/a><\/p>\n<\/div><div class=\"fusion-text fusion-text-6 T2\"><p style=\"padding-left: 18px;\"><span style=\"font-family: Prata;\"><a id=\"Cnt_Body_Cnt_Content_element_4270_BulletinsRepeater_ListShortDescriptionNavigation_1\" href=\"https:\/\/roblespa.com\/es\/service\/personal-injury-attorney-miami\/\">Las Lesiones Personales se refieren a cualquier mal o dano a otro,ya sea en su persona,en sus derechos,en su reputacion o sobre los bienes.<\/a><\/span><\/p>\n<\/div><\/div><\/div><div class=\"fusion-layout-column fusion_builder_column_inner fusion-builder-nested-column-2 fusion_builder_column_inner_1_3 1_3 fusion-flex-column\" style=\"--awb-bg-size:cover;--awb-width-large:33.333333333333%;--awb-margin-top-large:0px;--awb-spacing-right-large:5.76%;--awb-margin-bottom-large:20px;--awb-spacing-left-large:5.76%;--awb-width-medium:33.333333333333%;--awb-spacing-right-medium:5.76%;--awb-spacing-left-medium:5.76%;--awb-width-small:33.333333333333%;--awb-spacing-right-small:5.76%;--awb-spacing-left-small:5.76%;\"><div class=\"fusion-column-wrapper fusion-column-has-shadow fusion-flex-justify-content-flex-start fusion-content-layout-column\"><div class=\"fusion-text fusion-text-7\"><p><a href=\"\/es\/commercial-litigation\/\"><img decoding=\"async\" class=\"alignnone wp-image-2388 size-full\" src=\"https:\/\/roblespa.com\/wp-content\/uploads\/2019\/10\/Screen-Shot-2019-10-15-at-11.59.06-AM.png\" alt=\"\" width=\"316\" height=\"88\" title=\"\" srcset=\"https:\/\/roblespa.com\/wp-content\/uploads\/2019\/10\/Screen-Shot-2019-10-15-at-11.59.06-AM-200x56.png 200w, https:\/\/roblespa.com\/wp-content\/uploads\/2019\/10\/Screen-Shot-2019-10-15-at-11.59.06-AM-300x84.png 300w, https:\/\/roblespa.com\/wp-content\/uploads\/2019\/10\/Screen-Shot-2019-10-15-at-11.59.06-AM.png 320w\" sizes=\"(max-width: 316px) 100vw, 316px\" \/><\/a><\/p>\n<\/div><div class=\"fusion-text fusion-text-8 T3\"><p style=\"padding-left: 18px;\"><span style=\"font-family: Prata;\"><a id=\"Cnt_Body_Cnt_Content_element_4270_BulletinsRepeater_ListShortDescriptionNavigation_2\" href=\"https:\/\/roblespa.com\/es\/service\/commercial-litigation\/\">El Litigio Comercial es aplicable a las disputas derivadas de los derechos y las relaciones de las personas que trabajan en el comercio o actividades mercantiles.<\/a><\/span><\/p>\n<\/div><\/div><\/div><\/div><div class=\"fusion-builder-row fusion-builder-row-inner fusion-row fusion-flex-align-items-flex-start fusion-flex-content-wrap\" style=\"width:104% !important;max-width:104% !important;margin-left: calc(-4% \/ 2 );margin-right: calc(-4% \/ 2 );\"><div class=\"fusion-layout-column fusion_builder_column_inner fusion-builder-nested-column-3 fusion_builder_column_inner_1_3 1_3 fusion-flex-column\" style=\"--awb-bg-size:cover;--awb-width-large:33.333333333333%;--awb-margin-top-large:0px;--awb-spacing-right-large:5.76%;--awb-margin-bottom-large:20px;--awb-spacing-left-large:5.76%;--awb-width-medium:33.333333333333%;--awb-spacing-right-medium:5.76%;--awb-spacing-left-medium:5.76%;--awb-width-small:33.333333333333%;--awb-spacing-right-small:5.76%;--awb-spacing-left-small:5.76%;\"><div class=\"fusion-column-wrapper fusion-column-has-shadow fusion-flex-justify-content-flex-start fusion-content-layout-column\"><div class=\"fusion-text fusion-text-9\"><p><a href=\"\/es\/foreclosures\/\"><img decoding=\"async\" class=\"alignnone wp-image-2455 size-full\" src=\"https:\/\/roblespa.com\/wp-content\/uploads\/2019\/10\/Screen-Shot-2019-10-15-at-12.00.19-PM.png\" alt=\"\" width=\"316\" height=\"88\" title=\"\" srcset=\"https:\/\/roblespa.com\/wp-content\/uploads\/2019\/10\/Screen-Shot-2019-10-15-at-12.00.19-PM-200x56.png 200w, https:\/\/roblespa.com\/wp-content\/uploads\/2019\/10\/Screen-Shot-2019-10-15-at-12.00.19-PM-300x84.png 300w, https:\/\/roblespa.com\/wp-content\/uploads\/2019\/10\/Screen-Shot-2019-10-15-at-12.00.19-PM.png 320w\" sizes=\"(max-width: 316px) 100vw, 316px\" \/><\/a><\/p>\n<\/div><div class=\"fusion-text fusion-text-10 T4\"><p style=\"padding-left: 18px;\"><a id=\"Cnt_Body_Cnt_Content_element_4270_BulletinsRepeater_ListShortDescriptionNavigation_3\" href=\"https:\/\/roblespa.com\/es\/service\/foreclosures\/\">Es el proceso legal por el cual un deudor hipotecario de bienes muebles o inmuebles, o el propietario de los bienes sujetos a derecho de retencion, es privado de su interes en ello..<\/a><\/p>\n<\/div><\/div><\/div><div class=\"fusion-layout-column fusion_builder_column_inner fusion-builder-nested-column-4 fusion_builder_column_inner_1_3 1_3 fusion-flex-column\" style=\"--awb-bg-size:cover;--awb-width-large:33.333333333333%;--awb-margin-top-large:0px;--awb-spacing-right-large:5.76%;--awb-margin-bottom-large:20px;--awb-spacing-left-large:5.76%;--awb-width-medium:33.333333333333%;--awb-spacing-right-medium:5.76%;--awb-spacing-left-medium:5.76%;--awb-width-small:33.333333333333%;--awb-spacing-right-small:5.76%;--awb-spacing-left-small:5.76%;\"><div class=\"fusion-column-wrapper fusion-column-has-shadow fusion-flex-justify-content-flex-start fusion-content-layout-column\"><div class=\"fusion-text fusion-text-11\"><p><a href=\"\/es\/loan-modifications\/\"><img decoding=\"async\" class=\"alignnone wp-image-2457 size-full\" src=\"https:\/\/roblespa.com\/wp-content\/uploads\/2019\/10\/Screen-Shot-2019-10-15-at-12.00.28-PM.png\" alt=\"\" width=\"319\" height=\"87\" title=\"\" srcset=\"https:\/\/roblespa.com\/wp-content\/uploads\/2019\/10\/Screen-Shot-2019-10-15-at-12.00.28-PM-200x56.png 200w, https:\/\/roblespa.com\/wp-content\/uploads\/2019\/10\/Screen-Shot-2019-10-15-at-12.00.28-PM-300x84.png 300w, https:\/\/roblespa.com\/wp-content\/uploads\/2019\/10\/Screen-Shot-2019-10-15-at-12.00.28-PM.png 320w\" sizes=\"(max-width: 319px) 100vw, 319px\" \/><\/a><\/p>\n<\/div><div class=\"fusion-text fusion-text-12 T5\"><p style=\"padding-left: 18px;\"><a id=\"Cnt_Body_Cnt_Content_element_4270_BulletinsRepeater_ListShortDescriptionNavigation_4\" href=\"https:\/\/roblespa.com\/es\/service\/loan-modifications\/\">Las Modificaciones en los Prestamos son un proceso por el cual los terminos de un prestamo son modificados fuera de los terminos originales del contrato acordados por el prestamist...<\/a><\/p>\n<\/div><\/div><\/div><div class=\"fusion-layout-column fusion_builder_column_inner fusion-builder-nested-column-5 fusion_builder_column_inner_1_3 1_3 fusion-flex-column\" style=\"--awb-bg-size:cover;--awb-width-large:33.333333333333%;--awb-margin-top-large:0px;--awb-spacing-right-large:5.76%;--awb-margin-bottom-large:20px;--awb-spacing-left-large:5.76%;--awb-width-medium:33.333333333333%;--awb-spacing-right-medium:5.76%;--awb-spacing-left-medium:5.76%;--awb-width-small:33.333333333333%;--awb-spacing-right-small:5.76%;--awb-spacing-left-small:5.76%;\"><div class=\"fusion-column-wrapper fusion-column-has-shadow fusion-flex-justify-content-flex-start fusion-content-layout-column\"><div class=\"fusion-text fusion-text-13\"><p><a href=\"\/es\/real-estate-services\/\"><img decoding=\"async\" class=\"alignnone wp-image-2458 size-full\" src=\"https:\/\/roblespa.com\/wp-content\/uploads\/2019\/10\/Screen-Shot-2019-10-15-at-12.00.36-PM.png\" alt=\"\" width=\"317\" height=\"87\" title=\"\" srcset=\"https:\/\/roblespa.com\/wp-content\/uploads\/2019\/10\/Screen-Shot-2019-10-15-at-12.00.36-PM-200x56.png 200w, https:\/\/roblespa.com\/wp-content\/uploads\/2019\/10\/Screen-Shot-2019-10-15-at-12.00.36-PM-300x84.png 300w, https:\/\/roblespa.com\/wp-content\/uploads\/2019\/10\/Screen-Shot-2019-10-15-at-12.00.36-PM.png 320w\" sizes=\"(max-width: 317px) 100vw, 317px\" \/><\/a><\/p>\n<\/div><div class=\"fusion-text fusion-text-14 T6\"><p style=\"padding-left: 18px;\"><span style=\"font-family: Prata;\"><a id=\"Cnt_Body_Cnt_Content_element_4270_BulletinsRepeater_ListShortDescriptionNavigation_5\" href=\"https:\/\/roblespa.com\/es\/service\/real-estate-Services\/\">Los Litigios de Bienes Raices implican controversias que rodean las situaciones que se refieren a los bienes inmuebles que incluyen los bienes raices residenciales y bienes comerci...<\/a><\/span><\/p>\n<\/div><\/div><\/div><\/div><div class=\"fusion-builder-row fusion-builder-row-inner fusion-row fusion-flex-align-items-flex-start fusion-flex-content-wrap\" style=\"width:104% !important;max-width:104% !important;margin-left: calc(-4% \/ 2 );margin-right: calc(-4% \/ 2 );\"><div class=\"fusion-layout-column fusion_builder_column_inner fusion-builder-nested-column-6 fusion_builder_column_inner_1_3 1_3 fusion-flex-column\" style=\"--awb-bg-size:cover;--awb-width-large:33.333333333333%;--awb-margin-top-large:0px;--awb-spacing-right-large:5.76%;--awb-margin-bottom-large:20px;--awb-spacing-left-large:5.76%;--awb-width-medium:33.333333333333%;--awb-spacing-right-medium:5.76%;--awb-spacing-left-medium:5.76%;--awb-width-small:33.333333333333%;--awb-spacing-right-small:5.76%;--awb-spacing-left-small:5.76%;\"><div class=\"fusion-column-wrapper fusion-column-has-shadow fusion-flex-justify-content-flex-start fusion-content-layout-column\"><div class=\"fusion-text fusion-text-15\"><p><a href=\"\/es\/corporate-business-law\/\"><img decoding=\"async\" class=\"alignnone wp-image-2461 size-full\" src=\"https:\/\/roblespa.com\/wp-content\/uploads\/2019\/10\/Screen-Shot-2019-10-15-at-12.00.44-PM.png\" alt=\"\" width=\"319\" height=\"87\" title=\"\" srcset=\"https:\/\/roblespa.com\/wp-content\/uploads\/2019\/10\/Screen-Shot-2019-10-15-at-12.00.44-PM-200x56.png 200w, https:\/\/roblespa.com\/wp-content\/uploads\/2019\/10\/Screen-Shot-2019-10-15-at-12.00.44-PM-300x84.png 300w, https:\/\/roblespa.com\/wp-content\/uploads\/2019\/10\/Screen-Shot-2019-10-15-at-12.00.44-PM.png 320w\" sizes=\"(max-width: 319px) 100vw, 319px\" \/><\/a><\/p>\n<\/div><div class=\"fusion-text fusion-text-16 T7\"><p style=\"padding-left: 18px;\"><span style=\"font-family: Prata;\"><a id=\"Cnt_Body_Cnt_Content_element_4270_BulletinsRepeater_ListShortDescriptionNavigation_6\" href=\"https:\/\/roblespa.com\/es\/service\/corporate-and-business-law\/\">El Derecho de Sociedades (a veces conocido como derecho de los negocios) es el cuerpo de la ley que regula las transacciones comerciales y de negocios.<\/a><\/span><\/p>\n<\/div><\/div><\/div><div class=\"fusion-layout-column fusion_builder_column_inner fusion-builder-nested-column-7 fusion_builder_column_inner_1_3 1_3 fusion-flex-column\" style=\"--awb-bg-size:cover;--awb-width-large:33.333333333333%;--awb-margin-top-large:0px;--awb-spacing-right-large:5.76%;--awb-margin-bottom-large:20px;--awb-spacing-left-large:5.76%;--awb-width-medium:33.333333333333%;--awb-spacing-right-medium:5.76%;--awb-spacing-left-medium:5.76%;--awb-width-small:33.333333333333%;--awb-spacing-right-small:5.76%;--awb-spacing-left-small:5.76%;\"><div class=\"fusion-column-wrapper fusion-column-has-shadow fusion-flex-justify-content-flex-start fusion-content-layout-column\"><div class=\"fusion-text fusion-text-17\"><p><a href=\"\/es\/general-practice\/\"><img decoding=\"async\" class=\"alignnone wp-image-2462 size-full\" src=\"https:\/\/roblespa.com\/wp-content\/uploads\/2019\/10\/Screen-Shot-2019-10-15-at-12.00.51-PM.png\" alt=\"\" width=\"319\" height=\"88\" title=\"\" srcset=\"https:\/\/roblespa.com\/wp-content\/uploads\/2019\/10\/Screen-Shot-2019-10-15-at-12.00.51-PM-200x56.png 200w, https:\/\/roblespa.com\/wp-content\/uploads\/2019\/10\/Screen-Shot-2019-10-15-at-12.00.51-PM-300x84.png 300w, https:\/\/roblespa.com\/wp-content\/uploads\/2019\/10\/Screen-Shot-2019-10-15-at-12.00.51-PM.png 320w\" sizes=\"(max-width: 319px) 100vw, 319px\" \/><\/a><\/p>\n<\/div><div class=\"fusion-text fusion-text-18 T8\"><p style=\"padding-left: 18px; text-align: justify;\"><span style=\"font-family: Prata; font-size: 13px;\"><a id=\"Cnt_Body_Cnt_Content_element_4270_BulletinsRepeater_ListShortDescriptionNavigation_7\" href=\"https:\/\/roblespa.com\/es\/service\/general-practice\/\">Los Servicios de T\u00edtulos de Bienes Ra\u00edces son una prueba de la propiedad jur\u00eddica con los bienes ra\u00edces de compra es importante para asegurar su derecho de ocupaci\u00f3n, uso, o revent...<\/a><\/span><\/p>\n<\/div><\/div><\/div><div class=\"fusion-layout-column fusion_builder_column_inner fusion-builder-nested-column-8 fusion_builder_column_inner_1_3 1_3 fusion-flex-column\" style=\"--awb-bg-size:cover;--awb-width-large:33.333333333333%;--awb-margin-top-large:0px;--awb-spacing-right-large:5.76%;--awb-margin-bottom-large:20px;--awb-spacing-left-large:5.76%;--awb-width-medium:33.333333333333%;--awb-spacing-right-medium:5.76%;--awb-spacing-left-medium:5.76%;--awb-width-small:33.333333333333%;--awb-spacing-right-small:5.76%;--awb-spacing-left-small:5.76%;\"><div class=\"fusion-column-wrapper fusion-column-has-shadow fusion-flex-justify-content-flex-start fusion-content-layout-column\"><div class=\"fusion-text fusion-text-19\"><p><a href=\"\/es\/faq\/\"><img decoding=\"async\" class=\"alignnone wp-image-2464 size-full\" src=\"https:\/\/roblespa.com\/wp-content\/uploads\/2019\/10\/panel9_faq.png\" alt=\"\" width=\"318\" height=\"239\" title=\"\" srcset=\"https:\/\/roblespa.com\/wp-content\/uploads\/2019\/10\/panel9_faq-200x150.png 200w, https:\/\/roblespa.com\/wp-content\/uploads\/2019\/10\/panel9_faq-300x225.png 300w, https:\/\/roblespa.com\/wp-content\/uploads\/2019\/10\/panel9_faq.png 318w\" sizes=\"(max-width: 318px) 100vw, 318px\" \/><\/a><\/p>\n<\/div><\/div><\/div><\/div><\/div><\/div><div class=\"fusion-layout-column fusion_builder_column fusion-builder-column-6 fusion_builder_column_1_6 1_6 fusion-flex-column\" style=\"--awb-padding-top:0px;--awb-padding-right:0px;--awb-padding-bottom:0px;--awb-padding-left:0px;--awb-bg-size:cover;--awb-width-large:16.666666666667%;--awb-margin-top-large:0px;--awb-spacing-right-large:11.52%;--awb-margin-bottom-large:0px;--awb-spacing-left-large:11.52%;--awb-width-medium:16.666666666667%;--awb-spacing-right-medium:11.52%;--awb-spacing-left-medium:11.52%;--awb-width-small:16.666666666667%;--awb-spacing-right-small:11.52%;--awb-spacing-left-small:11.52%;\"><div class=\"fusion-column-wrapper fusion-column-has-shadow fusion-flex-justify-content-flex-start fusion-content-layout-column\"><\/div><\/div><\/div><\/div><\/p>","protected":false},"excerpt":{"rendered":"","protected":false},"author":3,"featured_media":0,"parent":0,"menu_order":0,"comment_status":"closed","ping_status":"closed","template":"100-width.php","meta":{"footnotes":""},"class_list":["post-2278","page","type-page","status-publish","hentry"],"_links":{"self":[{"href":"https:\/\/roblespa.com\/es\/wp-json\/wp\/v2\/pages\/2278","targetHints":{"allow":["GET"]}}],"collection":[{"href":"https:\/\/roblespa.com\/es\/wp-json\/wp\/v2\/pages"}],"about":[{"href":"https:\/\/roblespa.com\/es\/wp-json\/wp\/v2\/types\/page"}],"author":[{"embeddable":true,"href":"https:\/\/roblespa.com\/es\/wp-json\/wp\/v2\/users\/3"}],"replies":[{"embeddable":true,"href":"https:\/\/roblespa.com\/es\/wp-json\/wp\/v2\/comments?post=2278"}],"version-history":[{"count":0,"href":"https:\/\/roblespa.com\/es\/wp-json\/wp\/v2\/pages\/2278\/revisions"}],"wp:attachment":[{"href":"https:\/\/roblespa.com\/es\/wp-json\/wp\/v2\/media?parent=2278"}],"curies":[{"name":"wp","href":"https:\/\/api.w.org\/{rel}","templated":true}]}}