{"id":2517,"date":"2019-09-30T16:18:08","date_gmt":"2019-09-30T20:18:08","guid":{"rendered":"https:\/\/rbspa.acaspro.com\/?page_id=2517"},"modified":"2020-07-17T14:58:11","modified_gmt":"2020-07-17T18:58:11","slug":"foreclosures","status":"publish","type":"page","link":"https:\/\/roblespa.com\/es\/service\/foreclosures\/","title":{"rendered":"Foreclosure Specialist"},"content":{"rendered":"<p><div class=\"fusion-fullwidth fullwidth-box fusion-builder-row-1 fusion-flex-container nonhundred-percent-fullwidth non-hundred-percent-height-scrolling\" style=\"--awb-border-radius-top-left:0px;--awb-border-radius-top-right:0px;--awb-border-radius-bottom-right:0px;--awb-border-radius-bottom-left:0px;--awb-flex-wrap:wrap;\" ><div class=\"fusion-builder-row fusion-row fusion-flex-align-items-flex-start fusion-flex-content-wrap\" style=\"max-width:calc( 1200px + 0px );margin-left: calc(-0px \/ 2 );margin-right: calc(-0px \/ 2 );\"><div class=\"fusion-layout-column fusion_builder_column fusion-builder-column-0 fusion_builder_column_1_1 1_1 fusion-flex-column\" style=\"--awb-bg-size:cover;--awb-width-large:100%;--awb-margin-top-large:0px;--awb-spacing-right-large:0px;--awb-margin-bottom-large:20px;--awb-spacing-left-large:0px;--awb-width-medium:100%;--awb-spacing-right-medium:0px;--awb-spacing-left-medium:0px;--awb-width-small:100%;--awb-spacing-right-small:0px;--awb-spacing-left-small:0px;\"><div class=\"fusion-column-wrapper fusion-column-has-shadow fusion-flex-justify-content-flex-start fusion-content-layout-column\"><div class=\"fusion-image-element\" style=\"text-align:center;--awb-caption-title-font-family:var(--h2_typography-font-family);--awb-caption-title-font-weight:var(--h2_typography-font-weight);--awb-caption-title-font-style:var(--h2_typography-font-style);--awb-caption-title-size:var(--h2_typography-font-size);--awb-caption-title-transform:var(--h2_typography-text-transform);--awb-caption-title-line-height:var(--h2_typography-line-height);--awb-caption-title-letter-spacing:var(--h2_typography-letter-spacing);\"><span class=\"fusion-imageframe imageframe-none imageframe-1 hover-type-none\"><img decoding=\"async\" width=\"2000\" height=\"635\" title=\"2876_1_52_Thumb\" src=\"https:\/\/roblespa.com\/wp-content\/uploads\/2019\/09\/2876_1_52_Thumb.jpg\" class=\"img-responsive wp-image-1468\" srcset=\"https:\/\/roblespa.com\/wp-content\/uploads\/2019\/09\/2876_1_52_Thumb-200x64.jpg 200w, https:\/\/roblespa.com\/wp-content\/uploads\/2019\/09\/2876_1_52_Thumb-400x127.jpg 400w, https:\/\/roblespa.com\/wp-content\/uploads\/2019\/09\/2876_1_52_Thumb-600x191.jpg 600w, https:\/\/roblespa.com\/wp-content\/uploads\/2019\/09\/2876_1_52_Thumb-800x254.jpg 800w, https:\/\/roblespa.com\/wp-content\/uploads\/2019\/09\/2876_1_52_Thumb-1200x381.jpg 1200w, https:\/\/roblespa.com\/wp-content\/uploads\/2019\/09\/2876_1_52_Thumb.jpg 2000w\" sizes=\"2000px\" alt=\"\"><\/span><\/div><\/div><\/div><\/div><\/div><div class=\"fusion-fullwidth fullwidth-box fusion-builder-row-2 fusion-flex-container nonhundred-percent-fullwidth non-hundred-percent-height-scrolling\" style=\"--awb-border-radius-top-left:0px;--awb-border-radius-top-right:0px;--awb-border-radius-bottom-right:0px;--awb-border-radius-bottom-left:0px;--awb-flex-wrap:wrap;\" ><div class=\"fusion-builder-row fusion-row fusion-flex-align-items-flex-start fusion-flex-content-wrap\" style=\"max-width:calc( 1200px + 0px );margin-left: calc(-0px \/ 2 );margin-right: calc(-0px \/ 2 );\"><div class=\"fusion-layout-column fusion_builder_column fusion-builder-column-1 fusion_builder_column_1_1 1_1 fusion-flex-column\" style=\"--awb-bg-size:cover;--awb-width-large:100%;--awb-margin-top-large:0px;--awb-spacing-right-large:0px;--awb-margin-bottom-large:20px;--awb-spacing-left-large:0px;--awb-width-medium:100%;--awb-spacing-right-medium:0px;--awb-spacing-left-medium:0px;--awb-width-small:100%;--awb-spacing-right-small:0px;--awb-spacing-left-small:0px;\"><div class=\"fusion-column-wrapper fusion-column-has-shadow fusion-flex-justify-content-flex-start fusion-content-layout-column\"><div class=\"fusion-text fusion-text-1\"><div class=\"netro-split horizontal\">\n<div class=\"netro-element\" data-marginx=\"0\">\n<div class=\"netro-align-nw\" data-area=\"4690\">\n<h1 class=\"serviceTitle\"><span style=\"font-family: Prata; color: #4f80cd;\">Servicios Inmobiliarios<\/span><\/h1>\n<\/div>\n<\/div>\n<\/div>\n<div class=\"netro-split horizontal\">\n<div class=\"netro-element\" data-marginx=\"0\">\n<div class=\"netro-align-nw\" data-area=\"4675\">\n<div id=\"Cnt_Body_Cnt_Content_element_4092_BodyFieldHolder\" class=\"bulletinBody\">\n<div class=\"netro-split horizontal\">\n<div class=\"netro-element\" data-marginx=\"0\">\n<div class=\"netro-align-nw\" data-area=\"4675\">\n<div id=\"Cnt_Body_Cnt_Content_element_4092_BodyFieldHolder\" class=\"bulletinBody\">\n<p style=\"text-align: justify;\"><span style=\"font-family: Prata; color: #000000;\">La ejecuci\u00f3n hipotecaria es el proceso legal por el cual un mortgagor de bienes reales o personales, u otro propietario de bienes sujetos a un gravamen, se ve privado de su inter\u00e9s en el mismo. Los servicios de ejecuci\u00f3n hipotecaria que ofrecemos incluyen: ejecuciones hipotecarias residenciales, ejecuciones hipotecarias comerciales, ejecuciones de gravamen mec\u00e1nicos, ejecuciones de gravamen de juicio, ejecuciones de gravamen de asociaci\u00f3n de condominios, ejecuciones de gravamen de asociaci\u00f3n de propietarios, juicios y la ejecuci\u00f3n de los acuerdos de seguridad.<\/span><\/p>\n<\/div>\n<\/div>\n<\/div>\n<\/div>\n<\/div>\n<\/div>\n<\/div>\n<\/div>\n<\/div><\/div><\/div><\/div><\/div><div class=\"fusion-fullwidth fullwidth-box fusion-builder-row-3 fusion-flex-container bankruptcy2 nonhundred-percent-fullwidth non-hundred-percent-height-scrolling\" style=\"--awb-border-radius-top-left:0px;--awb-border-radius-top-right:0px;--awb-border-radius-bottom-right:0px;--awb-border-radius-bottom-left:0px;--awb-margin-top:-20px;--awb-flex-wrap:wrap;\" ><div class=\"fusion-builder-row fusion-row fusion-flex-align-items-flex-start fusion-flex-content-wrap\" style=\"max-width:calc( 1200px + 0px );margin-left: calc(-0px \/ 2 );margin-right: calc(-0px \/ 2 );\"><div class=\"fusion-layout-column fusion_builder_column fusion-builder-column-2 fusion_builder_column_1_1 1_1 fusion-flex-column colfaqs\" style=\"--awb-padding-top:0px;--awb-padding-right:0px;--awb-padding-bottom:0px;--awb-padding-left:0px;--awb-bg-size:cover;--awb-width-large:100%;--awb-margin-top-large:0px;--awb-spacing-right-large:0px;--awb-margin-bottom-large:0px;--awb-spacing-left-large:0px;--awb-width-medium:100%;--awb-spacing-right-medium:0px;--awb-spacing-left-medium:0px;--awb-width-small:100%;--awb-spacing-right-small:0px;--awb-spacing-left-small:0px;\"><div class=\"fusion-column-wrapper fusion-column-has-shadow fusion-flex-justify-content-flex-start fusion-content-layout-column\"><style type=\"text\/css\">.fusion-faqs-wrapper #accordian-1 .fusion-panel { border-color:var(--awb-color3); }.fusion-faqs-wrapper #accordian-1 .fusion-panel:hover{ border-color: var(--awb-color3); }.fusion-accordian #accordian-1 .panel-title a .fa-fusion-box:before{ font-size: 1px;width: 1px;}.fusion-accordian #accordian-1 .panel-title a .fa-fusion-box{ color: #f0f0f0;}.fusion-accordian  #accordian-1 .panel-title a{font-size:18px;font-family:var(--awb-typography1-font-family);font-weight:var(--awb-typography1-font-weight);font-style:var(--awb-typography1-font-style);}.fusion-accordian  #accordian-1 .panel-title a:not(:hover){}.fusion-accordian  #accordian-1 .toggle-content{font-family:var(--awb-typography4-font-family);font-weight:var(--awb-typography4-font-weight);font-style:var(--awb-typography4-font-style);}.fusion-accordian #accordian-1 .panel-title a:hover,.fusion-accordian #accordian-1 .panel-title a.hover { color: #4f80cd;}.fusion-faq-shortcode .fusion-accordian #accordian-1 .fusion-toggle-boxed-mode:hover .panel-title a { color: #4f80cd;}.fusion-accordian #accordian-1.fusion-toggle-icon-unboxed .panel-title a:hover .fa-fusion-box,.fusion-accordian #accordian-1.fusion-toggle-icon-unboxed .panel-title a.hover .fa-fusion-box { color: #4f80cd; }<\/style><div class=\"fusion-faq-shortcode\" style=\"\"><ul role=\"menu\" class=\"fusion-filters clearfix\"><li role=\"presentation\" class=\"fusion-filter fusion-active\"><a role=\"menuitem\" data-filter=\".foreclosures\" href=\"#\">Servicios Inmobiliarios<\/a><\/li><\/ul><div class=\"fusion-faqs-wrapper\"><div class=\"accordian fusion-accordian\"><div class=\"panel-group  fusion-toggle-icon-unboxed\" id=\"accordian-1\"><div class=\"fusion-panel fusion-toggle-no-divider panel-default fusion-faq-post fusion-faq-post-2179 foreclosures\"><span class=\"entry-title rich-snippet-hidden\">Mi cuenta bancaria, salarios o cuentas por cobrar han sido embargados, \u00bfqu\u00e9 puedo hacer?<\/span><span class=\"vcard rich-snippet-hidden\"><span class=\"fn\"><a href=\"https:\/\/roblespa.com\/es\/author\/kpadmin\/\" title=\"Entradas de kpadmin\" rel=\"author\">Mensajes de %s<\/a><\/span><\/span><span class=\"updated rich-snippet-hidden\">2019-09-27T21:18:28-04:00<\/span><div class=\"panel-heading\"><h4 id=\"faq_1-2179\" class=\"panel-title toggle\"><a data-toggle=\"collapse\" class=\"collapsed\" data-parent=\"#accordian-1\" data-target=\"#collapse-1-2179\" href=\"#collapse-1-2179\" aria-expanded=\"false\"><div class=\"fusion-toggle-icon-wrapper\"><div class=\"fusion-toggle-icon-wrapper-main\"><div class=\"fusion-toggle-icon-wrapper-sub\"><i class=\"fa-fusion-box active-icon awb-icon-minus\" aria-hidden=\"true\"><\/i><i class=\"fa-fusion-box inactive-icon awb-icon-plus\" aria-hidden=\"true\"><\/i><\/div><\/div><\/div><div class=\"fusion-toggle-heading\">Mi cuenta bancaria, salarios o cuentas por cobrar han sido embargados, \u00bfqu\u00e9 puedo hacer?<\/div><\/a><\/h4><\/div><div id=\"collapse-1-2179\" aria-labelledby=\"faq_1-2179\" class=\"panel-collapse collapse\"><div class=\"panel-body toggle-content post-content\"><div class=\"fusion-fullwidth fullwidth-box fusion-builder-row-3-1 fusion-flex-container nonhundred-percent-fullwidth non-hundred-percent-height-scrolling\" style=\"--awb-border-radius-top-left:0px;--awb-border-radius-top-right:0px;--awb-border-radius-bottom-right:0px;--awb-border-radius-bottom-left:0px;--awb-background-color:#000000;--awb-flex-wrap:wrap;\" ><div class=\"fusion-builder-row fusion-row fusion-flex-align-items-flex-start fusion-flex-content-wrap\" style=\"width:calc( 100% + 0px ) !important;max-width:calc( 100% + 0px ) !important;margin-left: calc(-0px \/ 2 );margin-right: calc(-0px \/ 2 );\"><div class=\"fusion-layout-column fusion_builder_column fusion-builder-column-3 fusion_builder_column_1_1 1_1 fusion-flex-column\" style=\"--awb-bg-size:cover;--awb-width-large:100%;--awb-margin-top-large:0px;--awb-spacing-right-large:0px;--awb-margin-bottom-large:20px;--awb-spacing-left-large:0px;--awb-width-medium:100%;--awb-spacing-right-medium:0px;--awb-spacing-left-medium:0px;--awb-width-small:100%;--awb-spacing-right-small:0px;--awb-spacing-left-small:0px;\"><div class=\"fusion-column-wrapper fusion-column-has-shadow fusion-flex-justify-content-flex-start fusion-content-layout-column\"><div class=\"fusion-text fusion-text-2\"><p><span style=\"font-family: Prata; font-size: 16px; color: #ffffff;\">Si no toma medidas, perder\u00e1 y sus fondos ser\u00e1n embargados.  Hay ciertas exenciones que pueden estar disponibles para usted, como la exenci\u00f3n del jefe de familia entre otras exenciones.  A veces, un embargo podr\u00eda ni siquiera tener el derecho de embargar sus fondos y puede haber emitido el embargo por error.  Usted debe ponerse en contacto con un abogado para revisar el proceso de embargo en su caso particular.<\/span><\/p>\n<\/div><\/div><\/div><\/div><\/div>\n<\/div><\/div><\/div><div class=\"fusion-panel fusion-toggle-no-divider panel-default fusion-faq-post fusion-faq-post-2177 foreclosures\"><span class=\"entry-title rich-snippet-hidden\">Tengo un gravamen que estoy tratando de cobrar, \u00bfqu\u00e9 puedo hacer?<\/span><span class=\"vcard rich-snippet-hidden\"><span class=\"fn\"><a href=\"https:\/\/roblespa.com\/es\/author\/kpadmin\/\" title=\"Entradas de kpadmin\" rel=\"author\">Mensajes de %s<\/a><\/span><\/span><span class=\"updated rich-snippet-hidden\">2019-09-27T21:17:34-04:00<\/span><div class=\"panel-heading\"><h4 id=\"faq_1-2177\" class=\"panel-title toggle\"><a data-toggle=\"collapse\" class=\"collapsed\" data-parent=\"#accordian-1\" data-target=\"#collapse-1-2177\" href=\"#collapse-1-2177\" aria-expanded=\"false\"><div class=\"fusion-toggle-icon-wrapper\"><div class=\"fusion-toggle-icon-wrapper-main\"><div class=\"fusion-toggle-icon-wrapper-sub\"><i class=\"fa-fusion-box active-icon awb-icon-minus\" aria-hidden=\"true\"><\/i><i class=\"fa-fusion-box inactive-icon awb-icon-plus\" aria-hidden=\"true\"><\/i><\/div><\/div><\/div><div class=\"fusion-toggle-heading\">Tengo un gravamen que estoy tratando de cobrar, \u00bfqu\u00e9 puedo hacer?<\/div><\/a><\/h4><\/div><div id=\"collapse-1-2177\" aria-labelledby=\"faq_1-2177\" class=\"panel-collapse collapse\"><div class=\"panel-body toggle-content post-content\"><div class=\"fusion-fullwidth fullwidth-box fusion-builder-row-3-2 fusion-flex-container nonhundred-percent-fullwidth non-hundred-percent-height-scrolling\" style=\"--awb-border-radius-top-left:0px;--awb-border-radius-top-right:0px;--awb-border-radius-bottom-right:0px;--awb-border-radius-bottom-left:0px;--awb-background-color:#000000;--awb-flex-wrap:wrap;\" ><div class=\"fusion-builder-row fusion-row fusion-flex-align-items-flex-start fusion-flex-content-wrap\" style=\"width:calc( 100% + 0px ) !important;max-width:calc( 100% + 0px ) !important;margin-left: calc(-0px \/ 2 );margin-right: calc(-0px \/ 2 );\"><div class=\"fusion-layout-column fusion_builder_column fusion-builder-column-4 fusion_builder_column_1_1 1_1 fusion-flex-column\" style=\"--awb-bg-size:cover;--awb-width-large:100%;--awb-margin-top-large:0px;--awb-spacing-right-large:0px;--awb-margin-bottom-large:20px;--awb-spacing-left-large:0px;--awb-width-medium:100%;--awb-spacing-right-medium:0px;--awb-spacing-left-medium:0px;--awb-width-small:100%;--awb-spacing-right-small:0px;--awb-spacing-left-small:0px;\"><div class=\"fusion-column-wrapper fusion-column-has-shadow fusion-flex-justify-content-flex-start fusion-content-layout-column\"><div class=\"fusion-text fusion-text-3\"><p class=\"translation-block\"><span style=\"font-family: Prata;font-size: 16px;color: #ffffff\">Hay diferentes tipos de privilegios tales como equitativa liens, sentencia liens, asociaci\u00f3n liens, mec\u00e1nico de grav\u00e1menes, hipotecas, etc. El proceso de exclusi\u00f3n de este gravamen depender\u00e1 del tipo de gravamen. Algunas hipotecas requieren ciertos procedimientos reglamentarios se cumplen antes de comenzar el proceso de ejecuci\u00f3n hipotecaria. Puede excluir liens tanto en bienes muebles e inmuebles. Si necesita mayor aclaraci\u00f3n, por favor\u00a0<span style=\"color: #00ccff\"><a style=\"color: #00ccff\" href=\"\/es\/miami-bankruptcy-law-firm-contact\/\" target=\"_self\">contactar con<\/a><\/span>\u00a0nuestra ejecuci\u00f3n hipotecaria abogados, real estate abogados y quiebra los abogados en Miami.<\/span><\/p>\n<\/div><\/div><\/div><\/div><\/div>\n<\/div><\/div><\/div><div class=\"fusion-panel fusion-toggle-no-divider panel-default fusion-faq-post fusion-faq-post-2175 foreclosures\"><span class=\"entry-title rich-snippet-hidden\">Una demanda de ejecuci\u00f3n hipotecaria acaba de ser presentada en mi contra, \u00bfvoy a perder mi casa?<\/span><span class=\"vcard rich-snippet-hidden\"><span class=\"fn\"><a href=\"https:\/\/roblespa.com\/es\/author\/kpadmin\/\" title=\"Entradas de kpadmin\" rel=\"author\">Mensajes de %s<\/a><\/span><\/span><span class=\"updated rich-snippet-hidden\">2020-05-28T08:03:43-04:00<\/span><div class=\"panel-heading\"><h4 id=\"faq_1-2175\" class=\"panel-title toggle\"><a data-toggle=\"collapse\" class=\"collapsed\" data-parent=\"#accordian-1\" data-target=\"#collapse-1-2175\" href=\"#collapse-1-2175\" aria-expanded=\"false\"><div class=\"fusion-toggle-icon-wrapper\"><div class=\"fusion-toggle-icon-wrapper-main\"><div class=\"fusion-toggle-icon-wrapper-sub\"><i class=\"fa-fusion-box active-icon awb-icon-minus\" aria-hidden=\"true\"><\/i><i class=\"fa-fusion-box inactive-icon awb-icon-plus\" aria-hidden=\"true\"><\/i><\/div><\/div><\/div><div class=\"fusion-toggle-heading\">Una demanda de ejecuci\u00f3n hipotecaria acaba de ser presentada en mi contra, \u00bfvoy a perder mi casa?<\/div><\/a><\/h4><\/div><div id=\"collapse-1-2175\" aria-labelledby=\"faq_1-2175\" class=\"panel-collapse collapse\"><div class=\"panel-body toggle-content post-content\"><div class=\"fusion-fullwidth fullwidth-box fusion-builder-row-3-3 fusion-flex-container nonhundred-percent-fullwidth non-hundred-percent-height-scrolling\" style=\"--awb-border-radius-top-left:0px;--awb-border-radius-top-right:0px;--awb-border-radius-bottom-right:0px;--awb-border-radius-bottom-left:0px;--awb-background-color:#000000;--awb-flex-wrap:wrap;\" ><div class=\"fusion-builder-row fusion-row fusion-flex-align-items-flex-start fusion-flex-content-wrap\" style=\"width:calc( 100% + 0px ) !important;max-width:calc( 100% + 0px ) !important;margin-left: calc(-0px \/ 2 );margin-right: calc(-0px \/ 2 );\"><div class=\"fusion-layout-column fusion_builder_column fusion-builder-column-5 fusion_builder_column_1_1 1_1 fusion-flex-column\" style=\"--awb-bg-size:cover;--awb-width-large:100%;--awb-margin-top-large:0px;--awb-spacing-right-large:0px;--awb-margin-bottom-large:20px;--awb-spacing-left-large:0px;--awb-width-medium:100%;--awb-spacing-right-medium:0px;--awb-spacing-left-medium:0px;--awb-width-small:100%;--awb-spacing-right-small:0px;--awb-spacing-left-small:0px;\"><div class=\"fusion-column-wrapper fusion-column-has-shadow fusion-flex-justify-content-flex-start fusion-content-layout-column\"><div class=\"fusion-text fusion-text-4\"><p class=\"translation-block\"><span style=\"font-family: Prata;font-size: 16px;color: #ffffff\">Hay muchos defensas y medios disponibles a un prestatario para prevenir la ejecuci\u00f3n hipotecaria de su casa. La mayor parte del tiempo, la cuesti\u00f3n principal en la ejecuci\u00f3n hipotecaria caso es el impago de la hipoteca. Si un pr\u00e9stamo tratando de pagar una hipoteca, pueden existir ciertos derechos legales disponibles para ayudarle a mantener su propiedad. Si necesita mayor aclaraci\u00f3n, por favor<span style=\"color: #00ccff\">\u00a0<a style=\"color: #00ccff\" href=\"\/es\/miami-bankruptcy-law-firm-contact\/\" target=\"_self\">contactar con<\/a>\u00a0<\/span>nuestra ejecuci\u00f3n hipotecaria abogados, real estate abogados y quiebra los abogados en Miami.\u00a0<\/span><\/p>\n<\/div><\/div><\/div><\/div><\/div>\n<\/div><\/div><\/div><div class=\"fusion-panel fusion-toggle-no-divider panel-default fusion-faq-post fusion-faq-post-2173 foreclosures\"><span class=\"entry-title rich-snippet-hidden\">Estoy desconfundiendo la cantidad que debo a mi prestamista, \u00bftodav\u00eda pueden demandarme por ejecuci\u00f3n hipotecaria?<\/span><span class=\"vcard rich-snippet-hidden\"><span class=\"fn\"><a href=\"https:\/\/roblespa.com\/es\/author\/kpadmin\/\" title=\"Entradas de kpadmin\" rel=\"author\">Mensajes de %s<\/a><\/span><\/span><span class=\"updated rich-snippet-hidden\">2020-05-28T08:04:03-04:00<\/span><div class=\"panel-heading\"><h4 id=\"faq_1-2173\" class=\"panel-title toggle\"><a data-toggle=\"collapse\" class=\"collapsed\" data-parent=\"#accordian-1\" data-target=\"#collapse-1-2173\" href=\"#collapse-1-2173\" aria-expanded=\"false\"><div class=\"fusion-toggle-icon-wrapper\"><div class=\"fusion-toggle-icon-wrapper-main\"><div class=\"fusion-toggle-icon-wrapper-sub\"><i class=\"fa-fusion-box active-icon awb-icon-minus\" aria-hidden=\"true\"><\/i><i class=\"fa-fusion-box inactive-icon awb-icon-plus\" aria-hidden=\"true\"><\/i><\/div><\/div><\/div><div class=\"fusion-toggle-heading\">Estoy desconfundiendo la cantidad que debo a mi prestamista, \u00bftodav\u00eda pueden demandarme por ejecuci\u00f3n hipotecaria?<\/div><\/a><\/h4><\/div><div id=\"collapse-1-2173\" aria-labelledby=\"faq_1-2173\" class=\"panel-collapse collapse\"><div class=\"panel-body toggle-content post-content\"><div class=\"fusion-fullwidth fullwidth-box fusion-builder-row-3-4 fusion-flex-container nonhundred-percent-fullwidth non-hundred-percent-height-scrolling\" style=\"--awb-border-radius-top-left:0px;--awb-border-radius-top-right:0px;--awb-border-radius-bottom-right:0px;--awb-border-radius-bottom-left:0px;--awb-background-color:#000000;--awb-flex-wrap:wrap;\" ><div class=\"fusion-builder-row fusion-row fusion-flex-align-items-flex-start fusion-flex-content-wrap\" style=\"width:calc( 100% + 0px ) !important;max-width:calc( 100% + 0px ) !important;margin-left: calc(-0px \/ 2 );margin-right: calc(-0px \/ 2 );\"><div class=\"fusion-layout-column fusion_builder_column fusion-builder-column-6 fusion_builder_column_1_1 1_1 fusion-flex-column\" style=\"--awb-bg-size:cover;--awb-width-large:100%;--awb-margin-top-large:0px;--awb-spacing-right-large:0px;--awb-margin-bottom-large:20px;--awb-spacing-left-large:0px;--awb-width-medium:100%;--awb-spacing-right-medium:0px;--awb-spacing-left-medium:0px;--awb-width-small:100%;--awb-spacing-right-small:0px;--awb-spacing-left-small:0px;\"><div class=\"fusion-column-wrapper fusion-column-has-shadow fusion-flex-justify-content-flex-start fusion-content-layout-column\"><div class=\"fusion-text fusion-text-5\"><p class=\"translation-block\"><span style=\"font-family: Prata;font-size: 16px;color: #ffffff\">La exclusi\u00f3n de los casos siempre est\u00e1n basados en una disputa entre el prestatario y el prestamista. La cuesti\u00f3n m\u00e1s importante en este tipo de casos es si el prestamista ha aplicado correctamente todos los pagos realizados por el prestatario o si el prestatario ha efectuado todos los pagos requeridos bajo el pr\u00e9stamo de documentos. El proceso de descubrimiento en la ejecuci\u00f3n hipotecaria procedimiento permitir\u00e1 a las partes para determinar el importe real que se deb\u00eda o no deb\u00eda. Si necesita mayor aclaraci\u00f3n, por favor\u00a0<span style=\"color: #00ccff\"><a style=\"color: #00ccff\" href=\"\/es\/miami-bankruptcy-law-firm-contact\/\" target=\"_self\">contactar con<\/a><\/span>\u00a0nuestra ejecuci\u00f3n hipotecaria abogados, real estate abogados y quiebra los abogados en Miami.<\/span><\/p>\n<\/div><\/div><\/div><\/div><\/div>\n<\/div><\/div><\/div><div class=\"fusion-panel fusion-toggle-no-divider panel-default fusion-faq-post fusion-faq-post-2171 foreclosures\"><span class=\"entry-title rich-snippet-hidden\">He sido demandado por mi prestamista por la ejecuci\u00f3n hipotecaria de mis bienes inmuebles, \u00bfqu\u00e9 debo hacer?<\/span><span class=\"vcard rich-snippet-hidden\"><span class=\"fn\"><a href=\"https:\/\/roblespa.com\/es\/author\/kpadmin\/\" title=\"Entradas de kpadmin\" rel=\"author\">Mensajes de %s<\/a><\/span><\/span><span class=\"updated rich-snippet-hidden\">2020-05-28T08:04:24-04:00<\/span><div class=\"panel-heading\"><h4 id=\"faq_1-2171\" class=\"panel-title toggle\"><a data-toggle=\"collapse\" class=\"collapsed\" data-parent=\"#accordian-1\" data-target=\"#collapse-1-2171\" href=\"#collapse-1-2171\" aria-expanded=\"false\"><div class=\"fusion-toggle-icon-wrapper\"><div class=\"fusion-toggle-icon-wrapper-main\"><div class=\"fusion-toggle-icon-wrapper-sub\"><i class=\"fa-fusion-box active-icon awb-icon-minus\" aria-hidden=\"true\"><\/i><i class=\"fa-fusion-box inactive-icon awb-icon-plus\" aria-hidden=\"true\"><\/i><\/div><\/div><\/div><div class=\"fusion-toggle-heading\">He sido demandado por mi prestamista por la ejecuci\u00f3n hipotecaria de mis bienes inmuebles, \u00bfqu\u00e9 debo hacer?<\/div><\/a><\/h4><\/div><div id=\"collapse-1-2171\" aria-labelledby=\"faq_1-2171\" class=\"panel-collapse collapse\"><div class=\"panel-body toggle-content post-content\"><div class=\"fusion-fullwidth fullwidth-box fusion-builder-row-3-5 fusion-flex-container nonhundred-percent-fullwidth non-hundred-percent-height-scrolling\" style=\"--awb-border-radius-top-left:0px;--awb-border-radius-top-right:0px;--awb-border-radius-bottom-right:0px;--awb-border-radius-bottom-left:0px;--awb-background-color:#000000;--awb-flex-wrap:wrap;\" ><div class=\"fusion-builder-row fusion-row fusion-flex-align-items-flex-start fusion-flex-content-wrap\" style=\"width:calc( 100% + 0px ) !important;max-width:calc( 100% + 0px ) !important;margin-left: calc(-0px \/ 2 );margin-right: calc(-0px \/ 2 );\"><div class=\"fusion-layout-column fusion_builder_column fusion-builder-column-7 fusion_builder_column_1_1 1_1 fusion-flex-column\" style=\"--awb-bg-size:cover;--awb-width-large:100%;--awb-margin-top-large:0px;--awb-spacing-right-large:0px;--awb-margin-bottom-large:20px;--awb-spacing-left-large:0px;--awb-width-medium:100%;--awb-spacing-right-medium:0px;--awb-spacing-left-medium:0px;--awb-width-small:100%;--awb-spacing-right-small:0px;--awb-spacing-left-small:0px;\"><div class=\"fusion-column-wrapper fusion-column-has-shadow fusion-flex-justify-content-flex-start fusion-content-layout-column\"><div class=\"fusion-text fusion-text-6\"><p class=\"translation-block\"><span style=\"font-family: Prata;font-size: 16px;color: #ffffff\">Una vez que se han servido, bajo\u00a0<span style=\"color: #00ccff\"><a style=\"color: #00ccff\" href=\"http:\/\/www.leg.state.fl.us\/statutes\/\" target=\"_self\">Florida law<\/a>,<\/span> Usted puede tener s\u00f3lo veinte (20) d\u00edas para presentar una respuesta. Si usted no puede presentar su respuesta dentro del plazo de veinte (20) d\u00edas, usted podr\u00eda estar predeterminado en que una sentencia puede ser introducido en contra de usted. Por lo tanto, si usted ha sido servido con el servicio de proceso, usted necesita para actuar con rapidez y ponerse en contacto con un abogado inmediatamente. Si necesita mayor aclaraci\u00f3n, por favor\u00a0<span style=\"color: #00ccff\"><a style=\"color: #00ccff\" href=\"\/es\/miami-bankruptcy-law-firm-contact\/\" target=\"_self\">contactar con<\/a>\u00a0<\/span>nuestra ejecuci\u00f3n hipotecaria abogados, real estate abogados y quiebra los abogados en Miami.\u00a0<\/span><\/p>\n<\/div><\/div><\/div><\/div><\/div>\n<\/div><\/div><\/div><\/div><\/div><\/div><\/div><\/div><\/div><\/div><\/div><\/p>","protected":false},"excerpt":{"rendered":"","protected":false},"author":3,"featured_media":0,"parent":2468,"menu_order":0,"comment_status":"closed","ping_status":"closed","template":"","meta":{"footnotes":""},"class_list":["post-2517","page","type-page","status-publish","hentry"],"_links":{"self":[{"href":"https:\/\/roblespa.com\/es\/wp-json\/wp\/v2\/pages\/2517","targetHints":{"allow":["GET"]}}],"collection":[{"href":"https:\/\/roblespa.com\/es\/wp-json\/wp\/v2\/pages"}],"about":[{"href":"https:\/\/roblespa.com\/es\/wp-json\/wp\/v2\/types\/page"}],"author":[{"embeddable":true,"href":"https:\/\/roblespa.com\/es\/wp-json\/wp\/v2\/users\/3"}],"replies":[{"embeddable":true,"href":"https:\/\/roblespa.com\/es\/wp-json\/wp\/v2\/comments?post=2517"}],"version-history":[{"count":0,"href":"https:\/\/roblespa.com\/es\/wp-json\/wp\/v2\/pages\/2517\/revisions"}],"up":[{"embeddable":true,"href":"https:\/\/roblespa.com\/es\/wp-json\/wp\/v2\/pages\/2468"}],"wp:attachment":[{"href":"https:\/\/roblespa.com\/es\/wp-json\/wp\/v2\/media?parent=2517"}],"curies":[{"name":"wp","href":"https:\/\/api.w.org\/{rel}","templated":true}]}}