{"id":2519,"date":"2019-09-30T16:19:36","date_gmt":"2019-09-30T20:19:36","guid":{"rendered":"https:\/\/rbspa.acaspro.com\/?page_id=2519"},"modified":"2020-07-17T15:17:26","modified_gmt":"2020-07-17T19:17:26","slug":"loan-modifications","status":"publish","type":"page","link":"https:\/\/roblespa.com\/es\/service\/loan-modifications\/","title":{"rendered":"Loan Modifications Attorney"},"content":{"rendered":"<p><div class=\"fusion-fullwidth fullwidth-box fusion-builder-row-1 fusion-flex-container nonhundred-percent-fullwidth non-hundred-percent-height-scrolling\" style=\"--awb-border-radius-top-left:0px;--awb-border-radius-top-right:0px;--awb-border-radius-bottom-right:0px;--awb-border-radius-bottom-left:0px;--awb-flex-wrap:wrap;\" ><div class=\"fusion-builder-row fusion-row fusion-flex-align-items-flex-start fusion-flex-content-wrap\" style=\"max-width:calc( 1200px + 0px );margin-left: calc(-0px \/ 2 );margin-right: calc(-0px \/ 2 );\"><div class=\"fusion-layout-column fusion_builder_column fusion-builder-column-0 fusion_builder_column_1_1 1_1 fusion-flex-column\" style=\"--awb-bg-size:cover;--awb-width-large:100%;--awb-margin-top-large:0px;--awb-spacing-right-large:0px;--awb-margin-bottom-large:20px;--awb-spacing-left-large:0px;--awb-width-medium:100%;--awb-spacing-right-medium:0px;--awb-spacing-left-medium:0px;--awb-width-small:100%;--awb-spacing-right-small:0px;--awb-spacing-left-small:0px;\"><div class=\"fusion-column-wrapper fusion-column-has-shadow fusion-flex-justify-content-flex-start fusion-content-layout-column\"><div class=\"fusion-image-element\" style=\"text-align:center;--awb-caption-title-font-family:var(--h2_typography-font-family);--awb-caption-title-font-weight:var(--h2_typography-font-weight);--awb-caption-title-font-style:var(--h2_typography-font-style);--awb-caption-title-size:var(--h2_typography-font-size);--awb-caption-title-transform:var(--h2_typography-text-transform);--awb-caption-title-line-height:var(--h2_typography-line-height);--awb-caption-title-letter-spacing:var(--h2_typography-letter-spacing);\"><span class=\"fusion-imageframe imageframe-none imageframe-1 hover-type-none\"><img decoding=\"async\" width=\"2000\" height=\"635\" title=\"2906_1_52_Thumb\" src=\"https:\/\/rbspa.acaspro.com\/wp-content\/uploads\/2019\/09\/2906_1_52_Thumb.jpg\" class=\"img-responsive wp-image-1497\" srcset=\"https:\/\/roblespa.com\/wp-content\/uploads\/2019\/09\/2906_1_52_Thumb-200x64.jpg 200w, https:\/\/roblespa.com\/wp-content\/uploads\/2019\/09\/2906_1_52_Thumb-400x127.jpg 400w, https:\/\/roblespa.com\/wp-content\/uploads\/2019\/09\/2906_1_52_Thumb-600x191.jpg 600w, https:\/\/roblespa.com\/wp-content\/uploads\/2019\/09\/2906_1_52_Thumb-800x254.jpg 800w, https:\/\/roblespa.com\/wp-content\/uploads\/2019\/09\/2906_1_52_Thumb-1200x381.jpg 1200w, https:\/\/roblespa.com\/wp-content\/uploads\/2019\/09\/2906_1_52_Thumb.jpg 2000w\" sizes=\"2000px\" alt=\"\"><\/span><\/div><\/div><\/div><\/div><\/div><div class=\"fusion-fullwidth fullwidth-box fusion-builder-row-2 fusion-flex-container nonhundred-percent-fullwidth non-hundred-percent-height-scrolling\" style=\"--awb-border-radius-top-left:0px;--awb-border-radius-top-right:0px;--awb-border-radius-bottom-right:0px;--awb-border-radius-bottom-left:0px;--awb-flex-wrap:wrap;\" ><div class=\"fusion-builder-row fusion-row fusion-flex-align-items-flex-start fusion-flex-content-wrap\" style=\"max-width:calc( 1200px + 0px );margin-left: calc(-0px \/ 2 );margin-right: calc(-0px \/ 2 );\"><div class=\"fusion-layout-column fusion_builder_column fusion-builder-column-1 fusion_builder_column_1_1 1_1 fusion-flex-column\" style=\"--awb-bg-size:cover;--awb-width-large:100%;--awb-margin-top-large:0px;--awb-spacing-right-large:0px;--awb-margin-bottom-large:20px;--awb-spacing-left-large:0px;--awb-width-medium:100%;--awb-spacing-right-medium:0px;--awb-spacing-left-medium:0px;--awb-width-small:100%;--awb-spacing-right-small:0px;--awb-spacing-left-small:0px;\"><div class=\"fusion-column-wrapper fusion-column-has-shadow fusion-flex-justify-content-flex-start fusion-content-layout-column\"><div class=\"fusion-text fusion-text-1\"><div class=\"netro-split horizontal\">\n<div class=\"netro-element\" data-marginx=\"0\">\n<div class=\"netro-align-nw\" data-area=\"4690\">\n<div class=\"netro-split horizontal\">\n<div class=\"netro-element\" data-marginx=\"0\">\n<div class=\"netro-align-nw\" data-area=\"4690\">\n<h1 class=\"serviceTitle\"><span style=\"font-family: Prata; color: #4f80cd;\">Modificacion de Prestamos<\/span><\/h1>\n<\/div>\n<\/div>\n<\/div>\n<div class=\"netro-split horizontal\">\n<div class=\"netro-element\" data-marginx=\"0\">\n<div class=\"netro-align-nw\" data-area=\"4675\">\n<div id=\"Cnt_Body_Cnt_Content_element_4092_BodyFieldHolder\" class=\"bulletinBody\">\n<p style=\"text-align: justify;\"><span style=\"font-family: Prata; color: #000000; font-size: 20px;\">La modificaci\u00f3n del pr\u00e9stamo es un proceso por el cual las condiciones de un pr\u00e9stamo se modifican fuera de los t\u00e9rminos originales del contrato acordado por el prestatario y el prestamista (es decir, mortgagor e hipotecado). Los servicios de modificaci\u00f3n de pr\u00e9stamos que ofrecemos incluyen: negociaci\u00f3n con prestamistas residenciales y comerciales, negociaciones de liquidaci\u00f3n de deudas, revisi\u00f3n de paquetes de divulgaci\u00f3n financiera, revisi\u00f3n de documentos de pr\u00e9stamos y acuerdos de modificaci\u00f3n, comunicaciones con agencias gubernamentales como HOPE, la FHA, y Hacer Casas Asequibles, revisi\u00f3n de las pautas de modificaci\u00f3n de inversionistas, representando a los prestatarios en mediaciones con prestamistas residenciales y comerciales, y representando a los prestatarios en acciones de defensa de ejecuciones hipotecarias.<\/span><\/p>\n<\/div>\n<\/div>\n<\/div>\n<\/div>\n<\/div>\n<\/div>\n<\/div>\n<\/div><\/div><\/div><\/div><\/div><div class=\"fusion-fullwidth fullwidth-box fusion-builder-row-3 fusion-flex-container bankruptcy2 nonhundred-percent-fullwidth non-hundred-percent-height-scrolling\" style=\"--awb-border-radius-top-left:0px;--awb-border-radius-top-right:0px;--awb-border-radius-bottom-right:0px;--awb-border-radius-bottom-left:0px;--awb-margin-top:-20px;--awb-flex-wrap:wrap;\" ><div class=\"fusion-builder-row fusion-row fusion-flex-align-items-flex-start fusion-flex-content-wrap\" style=\"max-width:calc( 1200px + 0px );margin-left: calc(-0px \/ 2 );margin-right: calc(-0px \/ 2 );\"><div class=\"fusion-layout-column fusion_builder_column fusion-builder-column-2 fusion_builder_column_1_1 1_1 fusion-flex-column colfaqs\" style=\"--awb-padding-top:0px;--awb-padding-right:0px;--awb-padding-bottom:0px;--awb-padding-left:0px;--awb-bg-size:cover;--awb-width-large:100%;--awb-margin-top-large:0px;--awb-spacing-right-large:0px;--awb-margin-bottom-large:0px;--awb-spacing-left-large:0px;--awb-width-medium:100%;--awb-spacing-right-medium:0px;--awb-spacing-left-medium:0px;--awb-width-small:100%;--awb-spacing-right-small:0px;--awb-spacing-left-small:0px;\"><div class=\"fusion-column-wrapper fusion-column-has-shadow fusion-flex-justify-content-flex-start fusion-content-layout-column\"><style type=\"text\/css\">.fusion-faqs-wrapper #accordian-1 .fusion-panel { border-color:var(--awb-color3); }.fusion-faqs-wrapper #accordian-1 .fusion-panel:hover{ border-color: var(--awb-color3); }.fusion-accordian #accordian-1 .panel-title a .fa-fusion-box:before{ font-size: 1px;width: 1px;}.fusion-accordian #accordian-1 .panel-title a .fa-fusion-box{ color: #f0f0f0;}.fusion-accordian  #accordian-1 .panel-title a{font-size:18px;font-family:var(--awb-typography1-font-family);font-weight:var(--awb-typography1-font-weight);font-style:var(--awb-typography1-font-style);}.fusion-accordian  #accordian-1 .panel-title a:not(:hover){}.fusion-accordian  #accordian-1 .toggle-content{font-family:var(--awb-typography4-font-family);font-weight:var(--awb-typography4-font-weight);font-style:var(--awb-typography4-font-style);}.fusion-accordian #accordian-1 .panel-title a:hover,.fusion-accordian #accordian-1 .panel-title a.hover { color: #4f80cd;}.fusion-faq-shortcode .fusion-accordian #accordian-1 .fusion-toggle-boxed-mode:hover .panel-title a { color: #4f80cd;}.fusion-accordian #accordian-1.fusion-toggle-icon-unboxed .panel-title a:hover .fa-fusion-box,.fusion-accordian #accordian-1.fusion-toggle-icon-unboxed .panel-title a.hover .fa-fusion-box { color: #4f80cd; }<\/style><div class=\"fusion-faq-shortcode\" style=\"\"><ul role=\"menu\" class=\"fusion-filters clearfix\"><li role=\"presentation\" class=\"fusion-filter fusion-active\"><a role=\"menuitem\" data-filter=\".loan-modifications\" href=\"#\">Modificacion de Prestamos<\/a><\/li><\/ul><div class=\"fusion-faqs-wrapper\"><div class=\"accordian fusion-accordian\"><div class=\"panel-group  fusion-toggle-icon-unboxed\" id=\"accordian-1\"><div class=\"fusion-panel fusion-toggle-no-divider panel-default fusion-faq-post fusion-faq-post-2189 loan-modifications\"><span class=\"entry-title rich-snippet-hidden\">\u00bfCu\u00e1l es el valor de una modificaci\u00f3n exitosa y aprobada del pr\u00e9stamo?<\/span><span class=\"vcard rich-snippet-hidden\"><span class=\"fn\"><a href=\"https:\/\/roblespa.com\/es\/author\/kpadmin\/\" title=\"Entradas de kpadmin\" rel=\"author\">Mensajes de %s<\/a><\/span><\/span><span class=\"updated rich-snippet-hidden\">2019-09-27T21:23:39-04:00<\/span><div class=\"panel-heading\"><h4 id=\"faq_1-2189\" class=\"panel-title toggle\"><a data-toggle=\"collapse\" class=\"collapsed\" data-parent=\"#accordian-1\" data-target=\"#collapse-1-2189\" href=\"#collapse-1-2189\" aria-expanded=\"false\"><div class=\"fusion-toggle-icon-wrapper\"><div class=\"fusion-toggle-icon-wrapper-main\"><div class=\"fusion-toggle-icon-wrapper-sub\"><i class=\"fa-fusion-box active-icon awb-icon-minus\" aria-hidden=\"true\"><\/i><i class=\"fa-fusion-box inactive-icon awb-icon-plus\" aria-hidden=\"true\"><\/i><\/div><\/div><\/div><div class=\"fusion-toggle-heading\">\u00bfCu\u00e1l es el valor de una modificaci\u00f3n exitosa y aprobada del pr\u00e9stamo?<\/div><\/a><\/h4><\/div><div id=\"collapse-1-2189\" aria-labelledby=\"faq_1-2189\" class=\"panel-collapse collapse\"><div class=\"panel-body toggle-content post-content\"><div class=\"fusion-fullwidth fullwidth-box fusion-builder-row-3-1 fusion-flex-container nonhundred-percent-fullwidth non-hundred-percent-height-scrolling\" style=\"--awb-border-radius-top-left:0px;--awb-border-radius-top-right:0px;--awb-border-radius-bottom-right:0px;--awb-border-radius-bottom-left:0px;--awb-background-color:#000000;--awb-flex-wrap:wrap;\" ><div class=\"fusion-builder-row fusion-row fusion-flex-align-items-flex-start fusion-flex-content-wrap\" style=\"width:calc( 100% + 0px ) !important;max-width:calc( 100% + 0px ) !important;margin-left: calc(-0px \/ 2 );margin-right: calc(-0px \/ 2 );\"><div class=\"fusion-layout-column fusion_builder_column fusion-builder-column-3 fusion_builder_column_1_1 1_1 fusion-flex-column\" style=\"--awb-bg-size:cover;--awb-width-large:100%;--awb-margin-top-large:0px;--awb-spacing-right-large:0px;--awb-margin-bottom-large:20px;--awb-spacing-left-large:0px;--awb-width-medium:100%;--awb-spacing-right-medium:0px;--awb-spacing-left-medium:0px;--awb-width-small:100%;--awb-spacing-right-small:0px;--awb-spacing-left-small:0px;\"><div class=\"fusion-column-wrapper fusion-column-has-shadow fusion-flex-justify-content-flex-start fusion-content-layout-column\"><div class=\"fusion-text fusion-text-2\"><p><span style=\"font-family: Prata; font-size: 16px; color: #ffffff;\">Una modificaci\u00f3n exitosa del pr\u00e9stamo dar\u00e1 lugar a nuevas condiciones de pago que permitir\u00e1n al prestatario restablecer su hipoteca para que pueda mantener su propiedad real.  Algunas hipotecas aumentan el plazo de pago de la hipoteca, por ejemplo, de 30 a\u00f1os a 40 a\u00f1os.  Algunos eliminan los atrasos adeudados.  Otros reducen o fijan la tasa de inter\u00e9s.  Algunos incluso pueden reducir el principio.  Una modificaci\u00f3n exitosa del pr\u00e9stamo es siempre una que mantiene a una familia en su hogar.<\/span><\/p>\n<\/div><\/div><\/div><\/div><\/div>\n<\/div><\/div><\/div><div class=\"fusion-panel fusion-toggle-no-divider panel-default fusion-faq-post fusion-faq-post-2187 loan-modifications\"><span class=\"entry-title rich-snippet-hidden\">\u00bfQu\u00e9 es una escritura en lugar?<\/span><span class=\"vcard rich-snippet-hidden\"><span class=\"fn\"><a href=\"https:\/\/roblespa.com\/es\/author\/kpadmin\/\" title=\"Entradas de kpadmin\" rel=\"author\">Mensajes de %s<\/a><\/span><\/span><span class=\"updated rich-snippet-hidden\">2019-09-27T21:23:02-04:00<\/span><div class=\"panel-heading\"><h4 id=\"faq_1-2187\" class=\"panel-title toggle\"><a data-toggle=\"collapse\" class=\"collapsed\" data-parent=\"#accordian-1\" data-target=\"#collapse-1-2187\" href=\"#collapse-1-2187\" aria-expanded=\"false\"><div class=\"fusion-toggle-icon-wrapper\"><div class=\"fusion-toggle-icon-wrapper-main\"><div class=\"fusion-toggle-icon-wrapper-sub\"><i class=\"fa-fusion-box active-icon awb-icon-minus\" aria-hidden=\"true\"><\/i><i class=\"fa-fusion-box inactive-icon awb-icon-plus\" aria-hidden=\"true\"><\/i><\/div><\/div><\/div><div class=\"fusion-toggle-heading\">\u00bfQu\u00e9 es una escritura en lugar?<\/div><\/a><\/h4><\/div><div id=\"collapse-1-2187\" aria-labelledby=\"faq_1-2187\" class=\"panel-collapse collapse\"><div class=\"panel-body toggle-content post-content\"><div class=\"fusion-fullwidth fullwidth-box fusion-builder-row-3-2 fusion-flex-container nonhundred-percent-fullwidth non-hundred-percent-height-scrolling\" style=\"--awb-border-radius-top-left:0px;--awb-border-radius-top-right:0px;--awb-border-radius-bottom-right:0px;--awb-border-radius-bottom-left:0px;--awb-background-color:#000000;--awb-flex-wrap:wrap;\" ><div class=\"fusion-builder-row fusion-row fusion-flex-align-items-flex-start fusion-flex-content-wrap\" style=\"width:calc( 100% + 0px ) !important;max-width:calc( 100% + 0px ) !important;margin-left: calc(-0px \/ 2 );margin-right: calc(-0px \/ 2 );\"><div class=\"fusion-layout-column fusion_builder_column fusion-builder-column-4 fusion_builder_column_1_1 1_1 fusion-flex-column\" style=\"--awb-bg-size:cover;--awb-width-large:100%;--awb-margin-top-large:0px;--awb-spacing-right-large:0px;--awb-margin-bottom-large:20px;--awb-spacing-left-large:0px;--awb-width-medium:100%;--awb-spacing-right-medium:0px;--awb-spacing-left-medium:0px;--awb-width-small:100%;--awb-spacing-right-small:0px;--awb-spacing-left-small:0px;\"><div class=\"fusion-column-wrapper fusion-column-has-shadow fusion-flex-justify-content-flex-start fusion-content-layout-column\"><div class=\"fusion-text fusion-text-3\"><p><span style=\"font-family: Prata; font-size: 16px; color: #ffffff;\">Una escritura en lugar es cuando un prestatario acepta firmar el t\u00edtulo de sus bienes inmuebles a su prestamista.  Esto reduce los costos del prestamista porque un prestamista puede no ser requerido para presentar una acci\u00f3n de ejecuci\u00f3n hipotecaria.  Por lo general, un prestamista proporcionar\u00e1 perd\u00f3n o renuncia a cualquier deficiencia potencial.<\/span><\/p>\n<\/div><\/div><\/div><\/div><\/div>\n<\/div><\/div><\/div><div class=\"fusion-panel fusion-toggle-no-divider panel-default fusion-faq-post fusion-faq-post-2185 loan-modifications\"><span class=\"entry-title rich-snippet-hidden\">\u00bfQu\u00e9 es un shortsale?<\/span><span class=\"vcard rich-snippet-hidden\"><span class=\"fn\"><a href=\"https:\/\/roblespa.com\/es\/author\/kpadmin\/\" title=\"Entradas de kpadmin\" rel=\"author\">Mensajes de %s<\/a><\/span><\/span><span class=\"updated rich-snippet-hidden\">2019-09-27T21:21:15-04:00<\/span><div class=\"panel-heading\"><h4 id=\"faq_1-2185\" class=\"panel-title toggle\"><a data-toggle=\"collapse\" class=\"collapsed\" data-parent=\"#accordian-1\" data-target=\"#collapse-1-2185\" href=\"#collapse-1-2185\" aria-expanded=\"false\"><div class=\"fusion-toggle-icon-wrapper\"><div class=\"fusion-toggle-icon-wrapper-main\"><div class=\"fusion-toggle-icon-wrapper-sub\"><i class=\"fa-fusion-box active-icon awb-icon-minus\" aria-hidden=\"true\"><\/i><i class=\"fa-fusion-box inactive-icon awb-icon-plus\" aria-hidden=\"true\"><\/i><\/div><\/div><\/div><div class=\"fusion-toggle-heading\">\u00bfQu\u00e9 es un shortsale?<\/div><\/a><\/h4><\/div><div id=\"collapse-1-2185\" aria-labelledby=\"faq_1-2185\" class=\"panel-collapse collapse\"><div class=\"panel-body toggle-content post-content\"><div class=\"fusion-fullwidth fullwidth-box fusion-builder-row-3-3 fusion-flex-container nonhundred-percent-fullwidth non-hundred-percent-height-scrolling\" style=\"--awb-border-radius-top-left:0px;--awb-border-radius-top-right:0px;--awb-border-radius-bottom-right:0px;--awb-border-radius-bottom-left:0px;--awb-background-color:#000000;--awb-flex-wrap:wrap;\" ><div class=\"fusion-builder-row fusion-row fusion-flex-align-items-flex-start fusion-flex-content-wrap\" style=\"width:calc( 100% + 0px ) !important;max-width:calc( 100% + 0px ) !important;margin-left: calc(-0px \/ 2 );margin-right: calc(-0px \/ 2 );\"><div class=\"fusion-layout-column fusion_builder_column fusion-builder-column-5 fusion_builder_column_1_1 1_1 fusion-flex-column\" style=\"--awb-bg-size:cover;--awb-width-large:100%;--awb-margin-top-large:0px;--awb-spacing-right-large:0px;--awb-margin-bottom-large:20px;--awb-spacing-left-large:0px;--awb-width-medium:100%;--awb-spacing-right-medium:0px;--awb-spacing-left-medium:0px;--awb-width-small:100%;--awb-spacing-right-small:0px;--awb-spacing-left-small:0px;\"><div class=\"fusion-column-wrapper fusion-column-has-shadow fusion-flex-justify-content-flex-start fusion-content-layout-column\"><div class=\"fusion-text fusion-text-4\"><p><span style=\"font-family: Prata; font-size: 16px; color: #ffffff;\">Un shortsale es cuando un prestatario obtiene la aprobaci\u00f3n de un prestamista para vender el inmueble a un tercero a un precio inferior a la cantidad adeudada. Tras el shortsale transacci\u00f3n, un prestamista puede perdonar o renunciar a cualquier posible deficiencia. Un prestamista puede otorgar al prestatario un incentivo para continuar con los shortsale proceso. Los shortsale proceso generalmente comienza con el prestatario proporcionando un terminado shortsale paquete al prestamista. El prestamista necesitar\u00e1 pruebas de que el inmueble ha sido Listadas con un agente de bienes ra\u00edces y puede requerir un contrato ejecutado para compra y venta.<\/span><\/p>\n<\/div><\/div><\/div><\/div><\/div>\n<\/div><\/div><\/div><div class=\"fusion-panel fusion-toggle-no-divider panel-default fusion-faq-post fusion-faq-post-2183 loan-modifications\"><span class=\"entry-title rich-snippet-hidden\">\u00bfSon los prestamistas requieren para darme una modificaci\u00f3n de pr\u00e9stamo?<\/span><span class=\"vcard rich-snippet-hidden\"><span class=\"fn\"><a href=\"https:\/\/roblespa.com\/es\/author\/kpadmin\/\" title=\"Entradas de kpadmin\" rel=\"author\">Mensajes de %s<\/a><\/span><\/span><span class=\"updated rich-snippet-hidden\">2019-09-27T21:20:35-04:00<\/span><div class=\"panel-heading\"><h4 id=\"faq_1-2183\" class=\"panel-title toggle\"><a data-toggle=\"collapse\" class=\"collapsed\" data-parent=\"#accordian-1\" data-target=\"#collapse-1-2183\" href=\"#collapse-1-2183\" aria-expanded=\"false\"><div class=\"fusion-toggle-icon-wrapper\"><div class=\"fusion-toggle-icon-wrapper-main\"><div class=\"fusion-toggle-icon-wrapper-sub\"><i class=\"fa-fusion-box active-icon awb-icon-minus\" aria-hidden=\"true\"><\/i><i class=\"fa-fusion-box inactive-icon awb-icon-plus\" aria-hidden=\"true\"><\/i><\/div><\/div><\/div><div class=\"fusion-toggle-heading\">\u00bfSon los prestamistas requieren para darme una modificaci\u00f3n de pr\u00e9stamo?<\/div><\/a><\/h4><\/div><div id=\"collapse-1-2183\" aria-labelledby=\"faq_1-2183\" class=\"panel-collapse collapse\"><div class=\"panel-body toggle-content post-content\"><div class=\"fusion-fullwidth fullwidth-box fusion-builder-row-3-4 fusion-flex-container nonhundred-percent-fullwidth non-hundred-percent-height-scrolling\" style=\"--awb-border-radius-top-left:0px;--awb-border-radius-top-right:0px;--awb-border-radius-bottom-right:0px;--awb-border-radius-bottom-left:0px;--awb-background-color:#000000;--awb-flex-wrap:wrap;\" ><div class=\"fusion-builder-row fusion-row fusion-flex-align-items-flex-start fusion-flex-content-wrap\" style=\"width:calc( 100% + 0px ) !important;max-width:calc( 100% + 0px ) !important;margin-left: calc(-0px \/ 2 );margin-right: calc(-0px \/ 2 );\"><div class=\"fusion-layout-column fusion_builder_column fusion-builder-column-6 fusion_builder_column_1_1 1_1 fusion-flex-column\" style=\"--awb-bg-size:cover;--awb-width-large:100%;--awb-margin-top-large:0px;--awb-spacing-right-large:0px;--awb-margin-bottom-large:20px;--awb-spacing-left-large:0px;--awb-width-medium:100%;--awb-spacing-right-medium:0px;--awb-spacing-left-medium:0px;--awb-width-small:100%;--awb-spacing-right-small:0px;--awb-spacing-left-small:0px;\"><div class=\"fusion-column-wrapper fusion-column-has-shadow fusion-flex-justify-content-flex-start fusion-content-layout-column\"><div class=\"fusion-text fusion-text-5\"><p><span style=\"font-family: Prata; font-size: 16px; color: #ffffff;\">Los prestamistas se proporcionaron una gran cantidad de fondos federales para facilitar los procesos de modificaci\u00f3n de pr\u00e9stamo.  Aunque se les ha exigido a los prestamistas a proceder a modificar los pr\u00e9stamos de buena fe, la decisi\u00f3n de permitir la modificaci\u00f3n depende del prestamista.  Si un prestamista no ofrece la modificaci\u00f3n de su hipoteca se puede considerar si usted es elegible para bancarrota y para quitar la hipoteca del prestamista o bajar (cramdown) los t\u00e9rminos de la hipoteca en una bancarrota.<\/span><\/p>\n<\/div><\/div><\/div><\/div><\/div>\n<\/div><\/div><\/div><div class=\"fusion-panel fusion-toggle-no-divider panel-default fusion-faq-post fusion-faq-post-2181 loan-modifications\"><span class=\"entry-title rich-snippet-hidden\">\u00bfEn qu\u00e9 etapas esta disponible la opci\u00f3n de modificaci\u00f3n de pr\u00e9stamos para mi pr\u00e9stamo hipotecario?<\/span><span class=\"vcard rich-snippet-hidden\"><span class=\"fn\"><a href=\"https:\/\/roblespa.com\/es\/author\/kpadmin\/\" title=\"Entradas de kpadmin\" rel=\"author\">Mensajes de %s<\/a><\/span><\/span><span class=\"updated rich-snippet-hidden\">2019-09-27T21:19:53-04:00<\/span><div class=\"panel-heading\"><h4 id=\"faq_1-2181\" class=\"panel-title toggle\"><a data-toggle=\"collapse\" class=\"collapsed\" data-parent=\"#accordian-1\" data-target=\"#collapse-1-2181\" href=\"#collapse-1-2181\" aria-expanded=\"false\"><div class=\"fusion-toggle-icon-wrapper\"><div class=\"fusion-toggle-icon-wrapper-main\"><div class=\"fusion-toggle-icon-wrapper-sub\"><i class=\"fa-fusion-box active-icon awb-icon-minus\" aria-hidden=\"true\"><\/i><i class=\"fa-fusion-box inactive-icon awb-icon-plus\" aria-hidden=\"true\"><\/i><\/div><\/div><\/div><div class=\"fusion-toggle-heading\">\u00bfEn qu\u00e9 etapas esta disponible la opci\u00f3n de modificaci\u00f3n de pr\u00e9stamos para mi pr\u00e9stamo hipotecario?<\/div><\/a><\/h4><\/div><div id=\"collapse-1-2181\" aria-labelledby=\"faq_1-2181\" class=\"panel-collapse collapse\"><div class=\"panel-body toggle-content post-content\"><div class=\"fusion-fullwidth fullwidth-box fusion-builder-row-3-5 fusion-flex-container nonhundred-percent-fullwidth non-hundred-percent-height-scrolling\" style=\"--awb-border-radius-top-left:0px;--awb-border-radius-top-right:0px;--awb-border-radius-bottom-right:0px;--awb-border-radius-bottom-left:0px;--awb-background-color:#000000;--awb-flex-wrap:wrap;\" ><div class=\"fusion-builder-row fusion-row fusion-flex-align-items-flex-start fusion-flex-content-wrap\" style=\"width:calc( 100% + 0px ) !important;max-width:calc( 100% + 0px ) !important;margin-left: calc(-0px \/ 2 );margin-right: calc(-0px \/ 2 );\"><div class=\"fusion-layout-column fusion_builder_column fusion-builder-column-7 fusion_builder_column_1_1 1_1 fusion-flex-column\" style=\"--awb-bg-size:cover;--awb-width-large:100%;--awb-margin-top-large:0px;--awb-spacing-right-large:0px;--awb-margin-bottom-large:20px;--awb-spacing-left-large:0px;--awb-width-medium:100%;--awb-spacing-right-medium:0px;--awb-spacing-left-medium:0px;--awb-width-small:100%;--awb-spacing-right-small:0px;--awb-spacing-left-small:0px;\"><div class=\"fusion-column-wrapper fusion-column-has-shadow fusion-flex-justify-content-flex-start fusion-content-layout-column\"><div class=\"fusion-text fusion-text-6\"><p><span style=\"font-family: Prata; font-size: 16px; color: #ffffff;\">Modificaciones de pr\u00e9stamos se pueden buscar en la etapa de pre-ejecuci\u00f3n hipotecaria, durante el proceso de ejecuci\u00f3n hipotecaria y en bancarrota.  El proceso de modificaci\u00f3n de pr\u00e9stamo es mejor cuando se comienza temprano.<\/span><\/p>\n<\/div><\/div><\/div><\/div><\/div>\n<\/div><\/div><\/div><\/div><\/div><\/div><\/div><\/div><\/div><\/div><\/div><\/p>","protected":false},"excerpt":{"rendered":"","protected":false},"author":3,"featured_media":0,"parent":2468,"menu_order":0,"comment_status":"closed","ping_status":"closed","template":"","meta":{"footnotes":""},"class_list":["post-2519","page","type-page","status-publish","hentry"],"_links":{"self":[{"href":"https:\/\/roblespa.com\/es\/wp-json\/wp\/v2\/pages\/2519","targetHints":{"allow":["GET"]}}],"collection":[{"href":"https:\/\/roblespa.com\/es\/wp-json\/wp\/v2\/pages"}],"about":[{"href":"https:\/\/roblespa.com\/es\/wp-json\/wp\/v2\/types\/page"}],"author":[{"embeddable":true,"href":"https:\/\/roblespa.com\/es\/wp-json\/wp\/v2\/users\/3"}],"replies":[{"embeddable":true,"href":"https:\/\/roblespa.com\/es\/wp-json\/wp\/v2\/comments?post=2519"}],"version-history":[{"count":0,"href":"https:\/\/roblespa.com\/es\/wp-json\/wp\/v2\/pages\/2519\/revisions"}],"up":[{"embeddable":true,"href":"https:\/\/roblespa.com\/es\/wp-json\/wp\/v2\/pages\/2468"}],"wp:attachment":[{"href":"https:\/\/roblespa.com\/es\/wp-json\/wp\/v2\/media?parent=2519"}],"curies":[{"name":"wp","href":"https:\/\/api.w.org\/{rel}","templated":true}]}}