{"id":2576,"date":"2019-09-30T19:16:59","date_gmt":"2019-09-30T23:16:59","guid":{"rendered":"https:\/\/rbspa.acaspro.com\/?page_id=2576"},"modified":"2020-06-03T09:45:29","modified_gmt":"2020-06-03T13:45:29","slug":"what-is-an-adversary-proceeding","status":"publish","type":"page","link":"https:\/\/roblespa.com\/es\/what-is-an-adversary-proceeding\/","title":{"rendered":"\u00bfQu\u00e9 es un procedimiento contencioso?"},"content":{"rendered":"<div class=\"fusion-fullwidth fullwidth-box fusion-builder-row-1 fusion-flex-container nonhundred-percent-fullwidth non-hundred-percent-height-scrolling\" style=\"--awb-border-radius-top-left:0px;--awb-border-radius-top-right:0px;--awb-border-radius-bottom-right:0px;--awb-border-radius-bottom-left:0px;--awb-background-color:#4f80cd;--awb-flex-wrap:wrap;\" ><div class=\"fusion-builder-row fusion-row fusion-flex-align-items-flex-start fusion-flex-content-wrap\" style=\"max-width:calc( 1200px + 0px );margin-left: calc(-0px \/ 2 );margin-right: calc(-0px \/ 2 );\"><div class=\"fusion-layout-column fusion_builder_column fusion-builder-column-0 fusion_builder_column_1_1 1_1 fusion-flex-column\" style=\"--awb-padding-right:50px;--awb-padding-left:50px;--awb-bg-size:cover;--awb-width-large:100%;--awb-margin-top-large:0px;--awb-spacing-right-large:0px;--awb-margin-bottom-large:0px;--awb-spacing-left-large:0px;--awb-width-medium:100%;--awb-spacing-right-medium:0px;--awb-spacing-left-medium:0px;--awb-width-small:100%;--awb-spacing-right-small:0px;--awb-spacing-left-small:0px;\"><div class=\"fusion-column-wrapper fusion-column-has-shadow fusion-flex-justify-content-flex-start fusion-content-layout-column\"><div class=\"fusion-text fusion-text-1\"><h1 style=\"text-align: justify;\"><span style=\"font-family: Prata; color: #ffffff;\">\u00bfQu\u00e9 es un procedimiento contencioso?<\/span><\/h1>\n<p dir=\"ltr\" style=\"text-align: justify;\"><span style=\"font-family: Prata; color: #ffffff; font-size: 16px;\">Un procedimiento del adversario es un controvertido asunto que requerir\u00e1 una determinaci\u00f3n por la quiebra el juez. En un procedimiento del adversario, se pueden introducir pruebas y partidos est\u00e1n autorizados a tomar el descubrimiento y la citaci\u00f3n de testigos. Un procedimiento del adversario es una acci\u00f3n distinta en relaci\u00f3n con un caso de la bancarrota. Adversario pueden ser procesados para la determinaci\u00f3n judicial de no dischargeability de ciertas deudas, transferencias fraudulentas, preferencia de pagos, etc.<\/span><\/p>\n<p dir=\"ltr\" style=\"text-align: justify;\" class=\"translation-block\"><span style=\"font-family: Prata;color: #ffffff;font-size: 16px\">Si no encuentra una respuesta a su pregunta, no dude en visitarnos en nuestra oficina en Miami o <span style=\"color: #00ccff\"><a style=\"color: #00ccff\" href=\"\/es\/Contact-Us\" target=\"_self\"> Contacte con nosotros aqu\u00ed <\/a>.<\/span> Somos respetados bufete practicando la ley de bancarrota en Miami y Puerto Rico, y estaremos encantados de aplicar nuestro conocimiento a su caso.<\/span><\/p>\n<h2 style=\"text-align: justify;\"><span style=\"font-family: Prata; color: #ffffff;\">Si usted est\u00e1 buscando un Miami abogado de bancarrota o quiebra bufete de abogados ofrece servicios de Florida o Puerto Rico, est\u00e1s en el lugar correcto. Haga clic en\u00a0<span style=\"color: #00ccff;\"><a style=\"color: #00ccff;\" href=\"\/es\/services\/\">aqu\u00ed<\/a>\u00a0<\/span>Para ver una lista completa de nuestros servicios.<\/span><\/h2>\n<p style=\"text-align: justify;\" class=\"translation-block\"><span style=\"font-family: Prata;color: #ffffff\">Volver a la p\u00e1gina de preguntas frecuentes\u00a0<a style=\"color: #ffffff\" href=\"\/es\/FAQ\" target=\"_self\"><span style=\"color: #00ccff\">FAQ<\/span><\/a><\/span><\/p>\n<\/div><\/div><\/div><\/div><\/div>","protected":false},"excerpt":{"rendered":"","protected":false},"author":3,"featured_media":0,"parent":0,"menu_order":0,"comment_status":"closed","ping_status":"closed","template":"100-width.php","meta":{"footnotes":""},"class_list":["post-2576","page","type-page","status-publish","hentry"],"_links":{"self":[{"href":"https:\/\/roblespa.com\/es\/wp-json\/wp\/v2\/pages\/2576","targetHints":{"allow":["GET"]}}],"collection":[{"href":"https:\/\/roblespa.com\/es\/wp-json\/wp\/v2\/pages"}],"about":[{"href":"https:\/\/roblespa.com\/es\/wp-json\/wp\/v2\/types\/page"}],"author":[{"embeddable":true,"href":"https:\/\/roblespa.com\/es\/wp-json\/wp\/v2\/users\/3"}],"replies":[{"embeddable":true,"href":"https:\/\/roblespa.com\/es\/wp-json\/wp\/v2\/comments?post=2576"}],"version-history":[{"count":0,"href":"https:\/\/roblespa.com\/es\/wp-json\/wp\/v2\/pages\/2576\/revisions"}],"wp:attachment":[{"href":"https:\/\/roblespa.com\/es\/wp-json\/wp\/v2\/media?parent=2576"}],"curies":[{"name":"wp","href":"https:\/\/api.w.org\/{rel}","templated":true}]}}