{"id":2595,"date":"2019-09-30T19:52:12","date_gmt":"2019-09-30T23:52:12","guid":{"rendered":"https:\/\/rbspa.acaspro.com\/?page_id=2595"},"modified":"2020-06-03T09:55:17","modified_gmt":"2020-06-03T13:55:17","slug":"what-is-the-means-test-under-the-bankruptcy-code","status":"publish","type":"page","link":"https:\/\/roblespa.com\/es\/what-is-the-means-test-under-the-bankruptcy-code\/","title":{"rendered":"\u00bfCu\u00e1l es la prueba de medios bajo el c\u00f3digo de bancarrota?"},"content":{"rendered":"<div class=\"fusion-fullwidth fullwidth-box fusion-builder-row-1 fusion-flex-container nonhundred-percent-fullwidth non-hundred-percent-height-scrolling\" style=\"--awb-border-radius-top-left:0px;--awb-border-radius-top-right:0px;--awb-border-radius-bottom-right:0px;--awb-border-radius-bottom-left:0px;--awb-background-color:#4f80cd;--awb-flex-wrap:wrap;\" ><div class=\"fusion-builder-row fusion-row fusion-flex-align-items-flex-start fusion-flex-content-wrap\" style=\"max-width:calc( 1200px + 0px );margin-left: calc(-0px \/ 2 );margin-right: calc(-0px \/ 2 );\"><div class=\"fusion-layout-column fusion_builder_column fusion-builder-column-0 fusion_builder_column_1_1 1_1 fusion-flex-column\" style=\"--awb-padding-right:50px;--awb-padding-left:50px;--awb-bg-size:cover;--awb-width-large:100%;--awb-margin-top-large:0px;--awb-spacing-right-large:0px;--awb-margin-bottom-large:0px;--awb-spacing-left-large:0px;--awb-width-medium:100%;--awb-spacing-right-medium:0px;--awb-spacing-left-medium:0px;--awb-width-small:100%;--awb-spacing-right-small:0px;--awb-spacing-left-small:0px;\"><div class=\"fusion-column-wrapper fusion-column-has-shadow fusion-flex-justify-content-flex-start fusion-content-layout-column\"><div class=\"fusion-text fusion-text-1\"><h1><span style=\"font-family: Prata; color: #ffffff;\">\u00bfCu\u00e1l es la prueba de medios bajo el c\u00f3digo de bancarrota?<\/span><\/h1>\n<p dir=\"ltr\" class=\"translation-block\"><span style=\"font-family: Prata;color: #ffffff;font-size: 16px\">Los medios de prueba es un conjunto de c\u00e1lculos utilizados para determinar si una presunci\u00f3n de abuso existe para un cap\u00edtulo 7 deudor del consumidor. En la prueba de los medios, el actual ingreso mensual (CMI) del deudor se compara con el estado de ingresos medios. Si una presunci\u00f3n de abuso existe, ciertas prestaciones y gastos reales son revisados. Esta prueba determina si un deudor del consumidor puede presentar una Cap\u00edtulo 7 o es necesario para archivar un Cap\u00edtulo 13. Las pruebas de medias se usa tambi\u00e9n para determinar el deudor de la renta disponible de los efectos del plan de pagos en el Cap\u00edtulo 13. En el cap\u00edtulo 7, no los deudores consumidores est\u00e1n exentos de la prueba de los medios en que pueden demostrar que su deuda es principalmente relacionadas con los negocios. Para mayor aclaraci\u00f3n acerca de la declaraci\u00f3n de quiebra, si\u00e9ntase por favor libre <span style=\"color: #00ccff\"><a style=\"color: #00ccff\" href=\"\/es\/Contact-Us\" target=\"_self\">contactar con nosotros <\/a><\/span>\u00a0Y uno de nuestros quiebra abogados en Miami estar\u00e1 encantado de ayudarle.<\/span><\/p>\n<h2><span style=\"font-family: Prata; color: #ffffff;\">Si usted est\u00e1 buscando un Miami abogado de bancarrota o quiebra bufete de abogados ofrece servicios de Florida o Puerto Rico, est\u00e1s en el lugar correcto. Haga clic en\u00a0<span style=\"color: #00ccff;\"><a style=\"color: #00ccff;\" href=\"\/es\/services\/\">aqu\u00ed<\/a><\/span>\u00a0Para ver una lista completa de nuestros servicios.<\/span><\/h2>\n<p class=\"translation-block\"><span style=\"font-family: Prata;color: #ffffff\">Vuelva a la p\u00e1gina\u00a0<a style=\"color: #ffffff\" href=\"\/es\/FAQ\" target=\"_self\"><span style=\"color: #00ccff\">FAQ<\/span>.<\/a><\/span><\/p>\n<\/div><\/div><\/div><\/div><\/div>","protected":false},"excerpt":{"rendered":"","protected":false},"author":3,"featured_media":0,"parent":0,"menu_order":0,"comment_status":"closed","ping_status":"closed","template":"100-width.php","meta":{"footnotes":""},"class_list":["post-2595","page","type-page","status-publish","hentry"],"_links":{"self":[{"href":"https:\/\/roblespa.com\/es\/wp-json\/wp\/v2\/pages\/2595","targetHints":{"allow":["GET"]}}],"collection":[{"href":"https:\/\/roblespa.com\/es\/wp-json\/wp\/v2\/pages"}],"about":[{"href":"https:\/\/roblespa.com\/es\/wp-json\/wp\/v2\/types\/page"}],"author":[{"embeddable":true,"href":"https:\/\/roblespa.com\/es\/wp-json\/wp\/v2\/users\/3"}],"replies":[{"embeddable":true,"href":"https:\/\/roblespa.com\/es\/wp-json\/wp\/v2\/comments?post=2595"}],"version-history":[{"count":0,"href":"https:\/\/roblespa.com\/es\/wp-json\/wp\/v2\/pages\/2595\/revisions"}],"wp:attachment":[{"href":"https:\/\/roblespa.com\/es\/wp-json\/wp\/v2\/media?parent=2595"}],"curies":[{"name":"wp","href":"https:\/\/api.w.org\/{rel}","templated":true}]}}