{"id":2600,"date":"2019-09-30T19:59:38","date_gmt":"2019-09-30T23:59:38","guid":{"rendered":"https:\/\/rbspa.acaspro.com\/?page_id=2600"},"modified":"2020-06-03T09:56:05","modified_gmt":"2020-06-03T13:56:05","slug":"can-i-strip-down-my-car-loan-in-bankruptcy","status":"publish","type":"page","link":"https:\/\/roblespa.com\/es\/can-i-strip-down-my-car-loan-in-bankruptcy\/","title":{"rendered":"\u00bfPuedo despojar mi pr\u00e9stamo de autom\u00f3vil en bancarrota?"},"content":{"rendered":"<div class=\"fusion-fullwidth fullwidth-box fusion-builder-row-1 fusion-flex-container nonhundred-percent-fullwidth non-hundred-percent-height-scrolling\" style=\"--awb-border-radius-top-left:0px;--awb-border-radius-top-right:0px;--awb-border-radius-bottom-right:0px;--awb-border-radius-bottom-left:0px;--awb-background-color:#4f80cd;--awb-flex-wrap:wrap;\" ><div class=\"fusion-builder-row fusion-row fusion-flex-align-items-flex-start fusion-flex-content-wrap\" style=\"max-width:calc( 1200px + 0px );margin-left: calc(-0px \/ 2 );margin-right: calc(-0px \/ 2 );\"><div class=\"fusion-layout-column fusion_builder_column fusion-builder-column-0 fusion_builder_column_1_1 1_1 fusion-flex-column\" style=\"--awb-padding-right:50px;--awb-padding-left:50px;--awb-bg-size:cover;--awb-width-large:100%;--awb-margin-top-large:0px;--awb-spacing-right-large:0px;--awb-margin-bottom-large:0px;--awb-spacing-left-large:0px;--awb-width-medium:100%;--awb-spacing-right-medium:0px;--awb-spacing-left-medium:0px;--awb-width-small:100%;--awb-spacing-right-small:0px;--awb-spacing-left-small:0px;\"><div class=\"fusion-column-wrapper fusion-column-has-shadow fusion-flex-justify-content-flex-start fusion-content-layout-column\"><div class=\"fusion-text fusion-text-1\"><h1 style=\"text-align: justify;\"><span style=\"font-family: Prata; color: #ffffff;\">\u00bfPuedo despojar mi pr\u00e9stamo de autom\u00f3vil en bancarrota?<\/span><\/h1>\n<p dir=\"ltr\" style=\"text-align: justify;\" class=\"translation-block\"><span style=\"font-family: Prata;color: #ffffff;font-size: 16px\">S\u00ed, dependiendo de las circunstancias. Un pr\u00e9stamo para un autom\u00f3vil puede reducirse al valor del veh\u00edculo. Su capacidad para desvestir su pr\u00e9stamo de autom\u00f3vil depende de: a) el valor del veh\u00edculo; b) la suma adeudada en el veh\u00edculo; c) que los sujetos obligados son; d) cu\u00e1nto tiempo usted ha tenido el pr\u00e9stamo; y e) la finalidad de la compra del veh\u00edculo y para qu\u00e9 se utiliza principalmente para. Junto con una reducci\u00f3n de los pr\u00e9stamos, la tasa de inter\u00e9s podr\u00eda tambi\u00e9n ser reducido junto con un ajuste del per\u00edodo de amortizaci\u00f3n. Para mayor aclaraci\u00f3n acerca de la declaraci\u00f3n de quiebra, si\u00e9ntase por favor libre <a style=\"color: #ffffff\" href=\"\/es\/Contact-Us\" target=\"_self\"><span style=\"color: #00ccff\">contactar con nosotros<\/span> <\/a>\u00a0Y uno de nuestros quiebra abogados en Miami estar\u00e1 encantado de ayudarle.<\/span><\/p>\n<h2 style=\"text-align: justify;\"><span style=\"font-family: Prata; color: #ffffff;\">Si usted est\u00e1 buscando un Miami abogado de bancarrota o quiebra bufete de abogados ofrece servicios de Florida o Puerto Rico, est\u00e1s en el lugar correcto. Haga clic en\u00a0<a style=\"color: #ffffff;\" href=\"\/es\/services\/\"><span style=\"color: #00ccff;\">aqu\u00ed<\/span><\/a>\u00a0Para ver una lista completa de nuestros servicios.<\/span><\/h2>\n<p style=\"text-align: justify;\" class=\"translation-block\"><span style=\"font-family: Prata;color: #ffffff\">Volver a la p\u00e1gina de preguntas frecuentes\u00a0<a style=\"color: #ffffff\" href=\"\/es\/FAQ\" target=\"_self\"><span style=\"color: #00ccff\">FAQ<\/span><\/a><\/span><\/p>\n<\/div><\/div><\/div><\/div><\/div>","protected":false},"excerpt":{"rendered":"","protected":false},"author":3,"featured_media":0,"parent":0,"menu_order":0,"comment_status":"closed","ping_status":"closed","template":"100-width.php","meta":{"footnotes":""},"class_list":["post-2600","page","type-page","status-publish","hentry"],"_links":{"self":[{"href":"https:\/\/roblespa.com\/es\/wp-json\/wp\/v2\/pages\/2600","targetHints":{"allow":["GET"]}}],"collection":[{"href":"https:\/\/roblespa.com\/es\/wp-json\/wp\/v2\/pages"}],"about":[{"href":"https:\/\/roblespa.com\/es\/wp-json\/wp\/v2\/types\/page"}],"author":[{"embeddable":true,"href":"https:\/\/roblespa.com\/es\/wp-json\/wp\/v2\/users\/3"}],"replies":[{"embeddable":true,"href":"https:\/\/roblespa.com\/es\/wp-json\/wp\/v2\/comments?post=2600"}],"version-history":[{"count":0,"href":"https:\/\/roblespa.com\/es\/wp-json\/wp\/v2\/pages\/2600\/revisions"}],"wp:attachment":[{"href":"https:\/\/roblespa.com\/es\/wp-json\/wp\/v2\/media?parent=2600"}],"curies":[{"name":"wp","href":"https:\/\/api.w.org\/{rel}","templated":true}]}}