{"id":2605,"date":"2019-09-30T20:10:17","date_gmt":"2019-10-01T00:10:17","guid":{"rendered":"https:\/\/rbspa.acaspro.com\/?page_id=2605"},"modified":"2020-06-03T09:58:27","modified_gmt":"2020-06-03T13:58:27","slug":"what-happens-if-i-know-i-owe-a-creditor-but-i-do-not-have-their-information","status":"publish","type":"page","link":"https:\/\/roblespa.com\/es\/what-happens-if-i-know-i-owe-a-creditor-but-i-do-not-have-their-information\/","title":{"rendered":"\u00bfQu\u00e9 pasa si s\u00e9 que debo un acreedor pero no tengo su informaci\u00f3n?"},"content":{"rendered":"<div class=\"fusion-fullwidth fullwidth-box fusion-builder-row-1 fusion-flex-container nonhundred-percent-fullwidth non-hundred-percent-height-scrolling\" style=\"--awb-border-radius-top-left:0px;--awb-border-radius-top-right:0px;--awb-border-radius-bottom-right:0px;--awb-border-radius-bottom-left:0px;--awb-background-color:#4f80cd;--awb-flex-wrap:wrap;\" ><div class=\"fusion-builder-row fusion-row fusion-flex-align-items-flex-start fusion-flex-content-wrap\" style=\"max-width:calc( 1200px + 0px );margin-left: calc(-0px \/ 2 );margin-right: calc(-0px \/ 2 );\"><div class=\"fusion-layout-column fusion_builder_column fusion-builder-column-0 fusion_builder_column_1_1 1_1 fusion-flex-column\" style=\"--awb-padding-right:50px;--awb-padding-left:50px;--awb-bg-size:cover;--awb-width-large:100%;--awb-margin-top-large:0px;--awb-spacing-right-large:0px;--awb-margin-bottom-large:0px;--awb-spacing-left-large:0px;--awb-width-medium:100%;--awb-spacing-right-medium:0px;--awb-spacing-left-medium:0px;--awb-width-small:100%;--awb-spacing-right-small:0px;--awb-spacing-left-small:0px;\"><div class=\"fusion-column-wrapper fusion-column-has-shadow fusion-flex-justify-content-flex-start fusion-content-layout-column\"><div class=\"fusion-text fusion-text-1\"><h1 style=\"text-align: justify;\"><span style=\"font-family: Prata; color: #ffffff;\">\u00bfQu\u00e9 pasa si s\u00e9 que debo un acreedor pero no tengo su informaci\u00f3n?\u00a0<\/span><\/h1>\n<p dir=\"ltr\" style=\"text-align: justify;\" class=\"translation-block\"><span style=\"font-family: Prata;color: #ffffff;font-size: 16px\">Debe enumerar cada uno de sus acreedores para asegurarse de que reciban la notificaci\u00f3n de la declaraci\u00f3n de quiebra. Si usted est\u00e1 teniendo problemas para localizar un determinado acreedor, su abogado puede ayudarle a obtener esa informaci\u00f3n. Para mayor aclaraci\u00f3n acerca del llenado de quiebra, si\u00e9ntase por favor libre <a style=\"color: #ffffff\" href=\"\/es\/Contact-Us\" target=\"_self\"><span style=\"color: #00ccff\">contactar con nosotros<\/span> <\/a>Y uno de nuestros quiebra abogados en Miami estar\u00e1 encantado de ayudarle.<\/span><\/p>\n<h2 style=\"text-align: justify;\"><span style=\"font-family: Prata; color: #ffffff;\">Si usted est\u00e1 buscando un Miami abogado de bancarrota o quiebra bufete de abogados ofrece servicios de Florida o Puerto Rico, est\u00e1s en el lugar correcto. Haga clic en<span style=\"color: #00ccff;\">\u00a0<a style=\"color: #00ccff;\" href=\"\/es\/services\/\">aqu\u00ed<\/a><\/span>\u00a0Para ver una lista completa de nuestros servicios.<\/span><\/h2>\n<p style=\"text-align: justify;\" class=\"translation-block\"><span style=\"font-family: Prata;color: #ffffff\">Vuelva a la p\u00e1gina\u00a0<a style=\"color: #ffffff\" href=\"\/es\/FAQ\" target=\"_self\"><span style=\"color: #00ccff\">FAQ<\/span>.<\/a><\/span><\/p>\n<\/div><\/div><\/div><\/div><\/div>","protected":false},"excerpt":{"rendered":"","protected":false},"author":3,"featured_media":0,"parent":0,"menu_order":0,"comment_status":"closed","ping_status":"closed","template":"100-width.php","meta":{"footnotes":""},"class_list":["post-2605","page","type-page","status-publish","hentry"],"_links":{"self":[{"href":"https:\/\/roblespa.com\/es\/wp-json\/wp\/v2\/pages\/2605","targetHints":{"allow":["GET"]}}],"collection":[{"href":"https:\/\/roblespa.com\/es\/wp-json\/wp\/v2\/pages"}],"about":[{"href":"https:\/\/roblespa.com\/es\/wp-json\/wp\/v2\/types\/page"}],"author":[{"embeddable":true,"href":"https:\/\/roblespa.com\/es\/wp-json\/wp\/v2\/users\/3"}],"replies":[{"embeddable":true,"href":"https:\/\/roblespa.com\/es\/wp-json\/wp\/v2\/comments?post=2605"}],"version-history":[{"count":0,"href":"https:\/\/roblespa.com\/es\/wp-json\/wp\/v2\/pages\/2605\/revisions"}],"wp:attachment":[{"href":"https:\/\/roblespa.com\/es\/wp-json\/wp\/v2\/media?parent=2605"}],"curies":[{"name":"wp","href":"https:\/\/api.w.org\/{rel}","templated":true}]}}