{"id":2673,"date":"2019-09-30T21:36:02","date_gmt":"2019-10-01T01:36:02","guid":{"rendered":"https:\/\/rbspa.acaspro.com\/?page_id=2673"},"modified":"2020-06-03T10:17:22","modified_gmt":"2020-06-03T14:17:22","slug":"what-is-a-debtor-in-bankruptcy-miami","status":"publish","type":"page","link":"https:\/\/roblespa.com\/es\/what-is-a-debtor-in-bankruptcy-miami\/","title":{"rendered":"\u00bfQu\u00e9 es un deudor en quiebra?"},"content":{"rendered":"<div class=\"fusion-fullwidth fullwidth-box fusion-builder-row-1 fusion-flex-container nonhundred-percent-fullwidth non-hundred-percent-height-scrolling\" style=\"--awb-border-radius-top-left:0px;--awb-border-radius-top-right:0px;--awb-border-radius-bottom-right:0px;--awb-border-radius-bottom-left:0px;--awb-background-color:#4f80cd;--awb-flex-wrap:wrap;\" ><div class=\"fusion-builder-row fusion-row fusion-flex-align-items-flex-start fusion-flex-content-wrap\" style=\"max-width:calc( 1200px + 0px );margin-left: calc(-0px \/ 2 );margin-right: calc(-0px \/ 2 );\"><div class=\"fusion-layout-column fusion_builder_column fusion-builder-column-0 fusion_builder_column_1_1 1_1 fusion-flex-column\" style=\"--awb-padding-right:50px;--awb-padding-left:50px;--awb-bg-size:cover;--awb-width-large:100%;--awb-margin-top-large:0px;--awb-spacing-right-large:0px;--awb-margin-bottom-large:0px;--awb-spacing-left-large:0px;--awb-width-medium:100%;--awb-spacing-right-medium:0px;--awb-spacing-left-medium:0px;--awb-width-small:100%;--awb-spacing-right-small:0px;--awb-spacing-left-small:0px;\"><div class=\"fusion-column-wrapper fusion-column-has-shadow fusion-flex-justify-content-flex-start fusion-content-layout-column\"><div class=\"fusion-text fusion-text-1\"><h1 style=\"text-align: justify;\"><span style=\"font-family: Prata; color: #ffffff;\">\u00bfQu\u00e9 es un deudor en quiebra?<\/span><\/h1>\n<p style=\"text-align: justify;\"><span style=\"font-family: Prata; color: #ffffff;\">Un deudor es simplemente la persona o entidad que se ha declarado en bancarrota. En t\u00e9rminos de quiebra, el deudor es el individuo o entidad responsable de la deuda que se est\u00e1 descargando. M\u00e1s aclaraciones sobre deudores en quiebra, por favor si\u00e9ntase libre de\u00a0<span style=\"color: #00ccff;\"><a style=\"color: #00ccff;\" href=\"\/es\/miami-bankruptcy-law-firm-contact\/\">Contact us<\/a><\/span>\u00a0y uno de nuestros abogados de bancarrota en Miami estar\u00e1 encantado de ayudarlo.\u00a0<\/span><\/p>\n<p style=\"text-align: justify;\"><span style=\"font-family: Prata; color: #ffffff;\">i est\u00e1 buscando un abogado de bancarrota en Miami o una firma de abogados de bancarrota que brinde servicios para Florida o Puerto Rico, est\u00e1 en el lugar correcto. Hacer clic<a style=\"color: #ffffff;\" href=\"\/es\/services\/\">\u00a0<span style=\"color: #00ccff;\">aqu\u00ed<\/span><\/a>\u00a0para ver una lista completa de servicios.<\/span><\/p>\n<p style=\"text-align: justify;\" class=\"translation-block\"><span style=\"font-family: Prata;color: #ffffff\">Vuelva a la p\u00e1gina\u00a0<a style=\"color: #ffffff\" href=\"\/es\/FAQ\" target=\"_self\"><span style=\"color: #00ccff\">FAQ<\/span>.<\/a><\/span><\/p>\n<\/div><\/div><\/div><\/div><\/div>","protected":false},"excerpt":{"rendered":"","protected":false},"author":3,"featured_media":0,"parent":0,"menu_order":0,"comment_status":"closed","ping_status":"closed","template":"100-width.php","meta":{"footnotes":""},"class_list":["post-2673","page","type-page","status-publish","hentry"],"_links":{"self":[{"href":"https:\/\/roblespa.com\/es\/wp-json\/wp\/v2\/pages\/2673","targetHints":{"allow":["GET"]}}],"collection":[{"href":"https:\/\/roblespa.com\/es\/wp-json\/wp\/v2\/pages"}],"about":[{"href":"https:\/\/roblespa.com\/es\/wp-json\/wp\/v2\/types\/page"}],"author":[{"embeddable":true,"href":"https:\/\/roblespa.com\/es\/wp-json\/wp\/v2\/users\/3"}],"replies":[{"embeddable":true,"href":"https:\/\/roblespa.com\/es\/wp-json\/wp\/v2\/comments?post=2673"}],"version-history":[{"count":0,"href":"https:\/\/roblespa.com\/es\/wp-json\/wp\/v2\/pages\/2673\/revisions"}],"wp:attachment":[{"href":"https:\/\/roblespa.com\/es\/wp-json\/wp\/v2\/media?parent=2673"}],"curies":[{"name":"wp","href":"https:\/\/api.w.org\/{rel}","templated":true}]}}