{"id":2679,"date":"2019-09-30T21:44:02","date_gmt":"2019-10-01T01:44:02","guid":{"rendered":"https:\/\/rbspa.acaspro.com\/?page_id=2679"},"modified":"2020-06-03T09:47:17","modified_gmt":"2020-06-03T13:47:17","slug":"what-is-a-bankruptcy-trustee","status":"publish","type":"page","link":"https:\/\/roblespa.com\/es\/what-is-a-bankruptcy-trustee\/","title":{"rendered":"\u00bfQu\u00e9 es un Fideicomisario de bancarrota?"},"content":{"rendered":"<div class=\"fusion-fullwidth fullwidth-box fusion-builder-row-1 fusion-flex-container nonhundred-percent-fullwidth non-hundred-percent-height-scrolling\" style=\"--awb-border-radius-top-left:0px;--awb-border-radius-top-right:0px;--awb-border-radius-bottom-right:0px;--awb-border-radius-bottom-left:0px;--awb-background-color:#4f80cd;--awb-flex-wrap:wrap;\" ><div class=\"fusion-builder-row fusion-row fusion-flex-align-items-flex-start fusion-flex-content-wrap\" style=\"max-width:calc( 1200px + 0px );margin-left: calc(-0px \/ 2 );margin-right: calc(-0px \/ 2 );\"><div class=\"fusion-layout-column fusion_builder_column fusion-builder-column-0 fusion_builder_column_1_1 1_1 fusion-flex-column\" style=\"--awb-padding-right:50px;--awb-padding-left:50px;--awb-bg-size:cover;--awb-width-large:100%;--awb-margin-top-large:0px;--awb-spacing-right-large:0px;--awb-margin-bottom-large:0px;--awb-spacing-left-large:0px;--awb-width-medium:100%;--awb-spacing-right-medium:0px;--awb-spacing-left-medium:0px;--awb-width-small:100%;--awb-spacing-right-small:0px;--awb-spacing-left-small:0px;\"><div class=\"fusion-column-wrapper fusion-column-has-shadow fusion-flex-justify-content-flex-start fusion-content-layout-column\"><div class=\"fusion-text fusion-text-1\"><h1 style=\"text-align: justify;\"><span style=\"font-family: Prata; color: #ffffff;\">\u00bfQu\u00e9 es un Fideicomisario de bancarrota?\u00a0<\/span><\/h1>\n<p dir=\"ltr\" style=\"text-align: justify;\" class=\"translation-block\"><span style=\"font-family: Prata;color: #ffffff\"><span style=\"color: #00ccff\"><a style=\"color: #00ccff\" href=\"http:\/\/www.justice.gov\/ust\" target=\"_self\">United States Trustee<\/a> <\/span>Es el \"guardi\u00e1n durante el proceso concursal\". Los Estados Unidos fideicomisario tiene la misi\u00f3n de promover la integridad y eficiencia en el sistema de quiebra por hacer cumplir las leyes de bancarrota. Supervisan los patronos privados que est\u00e1n designados para administrar las declaraciones de quiebra. Tambi\u00e9n investigar el fraude de bancarrota. Al presentar una petici\u00f3n de declaraci\u00f3n de quiebra, una quiebra fideicomisario revisar\u00e1 su caso y ser\u00e1 capaz de hacerle preguntas en la primera reuni\u00f3n de acreedores (341 reuniones). Para mayor aclaraci\u00f3n acerca de la declaraci\u00f3n de quiebra mientras est\u00e1n desempleados, si\u00e9ntase por favor libre<span style=\"color: #00ccff\"><a style=\"color: #00ccff\" href=\"\/es\/Contact-Us\" target=\"_self\"> contactar con nosotros<\/a><\/span> Y uno de nuestros quiebra abogados en Miami estar\u00e1 encantado de ayudarle.<\/span><\/p>\n<h2 style=\"text-align: justify;\"><span style=\"font-family: Prata; color: #ffffff;\">Si usted est\u00e1 buscando un Miami abogado de bancarrota o quiebra bufete de abogados ofrece servicios de Florida o Puerto Rico, est\u00e1s en el lugar correcto. Haga clic en\u00a0<span style=\"color: #00ccff;\"><a style=\"color: #00ccff;\" href=\"\/es\/services\/\">aqu\u00ed<\/a>\u00a0<\/span>Para ver una lista completa de nuestros servicios.<\/span><\/h2>\n<p style=\"text-align: justify;\" class=\"translation-block\"><span style=\"font-family: Prata;color: #ffffff\">Vuelva a la p\u00e1gina\u00a0<a style=\"color: #ffffff\" href=\"\/es\/FAQ\" target=\"_self\"><span style=\"color: #00ccff\">FAQ<\/span>.<\/a><\/span><\/p>\n<\/div><\/div><\/div><\/div><\/div>","protected":false},"excerpt":{"rendered":"","protected":false},"author":3,"featured_media":0,"parent":0,"menu_order":0,"comment_status":"closed","ping_status":"closed","template":"100-width.php","meta":{"footnotes":""},"class_list":["post-2679","page","type-page","status-publish","hentry"],"_links":{"self":[{"href":"https:\/\/roblespa.com\/es\/wp-json\/wp\/v2\/pages\/2679","targetHints":{"allow":["GET"]}}],"collection":[{"href":"https:\/\/roblespa.com\/es\/wp-json\/wp\/v2\/pages"}],"about":[{"href":"https:\/\/roblespa.com\/es\/wp-json\/wp\/v2\/types\/page"}],"author":[{"embeddable":true,"href":"https:\/\/roblespa.com\/es\/wp-json\/wp\/v2\/users\/3"}],"replies":[{"embeddable":true,"href":"https:\/\/roblespa.com\/es\/wp-json\/wp\/v2\/comments?post=2679"}],"version-history":[{"count":0,"href":"https:\/\/roblespa.com\/es\/wp-json\/wp\/v2\/pages\/2679\/revisions"}],"wp:attachment":[{"href":"https:\/\/roblespa.com\/es\/wp-json\/wp\/v2\/media?parent=2679"}],"curies":[{"name":"wp","href":"https:\/\/api.w.org\/{rel}","templated":true}]}}