{"id":2965,"date":"2019-10-11T23:50:05","date_gmt":"2019-10-12T03:50:05","guid":{"rendered":"https:\/\/rbspa.acaspro.com\/?page_id=2965"},"modified":"2024-06-03T12:15:17","modified_gmt":"2024-06-03T16:15:17","slug":"richard-r-robles","status":"publish","type":"page","link":"https:\/\/roblespa.com\/es\/miami-bankruptcy-law-firm-our-team\/richard-r-robles\/","title":{"rendered":"Richard R. Robles"},"content":{"rendered":"<p><div class=\"fusion-fullwidth fullwidth-box fusion-builder-row-1 fusion-flex-container nonhundred-percent-fullwidth non-hundred-percent-height-scrolling\" style=\"--awb-border-radius-top-left:0px;--awb-border-radius-top-right:0px;--awb-border-radius-bottom-right:0px;--awb-border-radius-bottom-left:0px;--awb-padding-top:0px;--awb-padding-right:0px;--awb-padding-bottom:0px;--awb-padding-left:0px;--awb-margin-top:0px;--awb-margin-bottom:0px;--awb-background-color:#4f80cd;--awb-flex-wrap:wrap;\" ><div class=\"fusion-builder-row fusion-row fusion-flex-align-items-flex-start fusion-flex-content-wrap\" style=\"max-width:1248px;margin-left: calc(-4% \/ 2 );margin-right: calc(-4% \/ 2 );\"><div class=\"fusion-layout-column fusion_builder_column fusion-builder-column-0 fusion_builder_column_3_4 3_4 fusion-flex-column Col3\" style=\"--awb-padding-top:0px;--awb-padding-right:0px;--awb-padding-bottom:0px;--awb-padding-left:0px;--awb-bg-size:cover;--awb-width-large:75%;--awb-margin-top-large:0px;--awb-spacing-right-large:2.56%;--awb-margin-bottom-large:0px;--awb-spacing-left-large:2.56%;--awb-width-medium:75%;--awb-spacing-right-medium:2.56%;--awb-spacing-left-medium:2.56%;--awb-width-small:75%;--awb-spacing-right-small:2.56%;--awb-spacing-left-small:2.56%;\"><div class=\"fusion-column-wrapper fusion-column-has-shadow fusion-flex-justify-content-flex-start fusion-content-layout-column\"><div class=\"fusion-text fusion-text-1\"><h1><span style=\"font-family: Prata; color: #ffffff;\">Richard R. Robles<\/span><\/h1>\n<p><span style=\"font-family: Prata; color: #ffffff; font-size: 16px;\"><strong>Presidente y Director jur\u00eddico<\/strong>. Richard R. Robles ha sido un abogado desde 1996. En 1998, el Sr. Robles comenz\u00f3 su bufete de abogados, la Ley oficinas de Richard R. Robles, P.A. que es admitido a la pr\u00e1ctica en el sur de EEUU, Oriente y los distritos del norte de Florida, el<span style=\"color: #00ccff;\"> <a style=\"color: #00ccff;\" href=\"http:\/\/cabaonline.com\/\" target=\"_blank\" rel=\"noopener noreferrer\">El Tribunal Federal de Distrito de Puerto Rico<\/a><\/span>, El Tribunal de Distrito de los Estados Unidos de Apelaciones del Onceavo Circuito, y la Corte Suprema de los Estados Unidos. El Sr. Robles ha litigado muchos casos tanto en los tribunales estatales y federales. \u00c9l es tambi\u00e9n un Florida Licensed Real Estate Sales Associate y ejecuta la inmobiliaria t\u00edtulo divisi\u00f3n de la empresa, Robles T\u00edtulo Servicios. El Sr. Robles disfruta y se enorgullece de la labor que realiza para sus clientes.<\/span><\/p>\n<div class=\"contactInfo\"><span style=\"color: #ffffff;\"><span style=\"font-family: Prata; font-size: 16px;\" data-wp-editing=\"1\"><img decoding=\"async\" class=\"alignnone wp-image-2998\" src=\"\/wp-content\/uploads\/2019\/10\/phoneIcon.png\" alt=\"\" width=\"20\" height=\"20\" title=\"\"><a style=\"color: #ffffff;\" href=\"tel:3057559200\" target=\"_blank\" rel=\"noopener noreferrer\">(305) 755-9200<\/a><\/span> <span class=\"email\"><a style=\"color: #ffffff;\" href=\"mailto:rrobles@roblespa.com\">\u00a0 \u00a0 <\/a><img decoding=\"async\" class=\"alignnone wp-image-2999\" src=\"\/wp-content\/uploads\/2019\/10\/emailIcon.png\" alt=\"\" width=\"20\" height=\"20\" title=\"\">\u00a0<a id=\"Cnt_Body_Cnt_Banner_element_4311_lnkEmail\" style=\"color: #ffffff;\" href=\"mailto:rrobles@roblespa.com\">Enviar correo electr\u00f3nico<\/a><\/span><\/span><div class=\"fusion-button-wrapper\"><a class=\"fusion-button button-flat button-small button-darkgray fusion-button-darkgray button-1 fusion-button-default-span fusion-button-default-type w_0\" target=\"_self\"><span class=\"fusion-button-text\">Descargar CV Card<\/span><\/a><\/div><\/div>\n<\/div><\/div><\/div><div class=\"fusion-layout-column fusion_builder_column fusion-builder-column-1 fusion_builder_column_1_4 1_4 fusion-flex-column\" style=\"--awb-padding-top:0px;--awb-padding-right:0px;--awb-padding-bottom:0px;--awb-padding-left:0px;--awb-bg-size:cover;--awb-width-large:25%;--awb-margin-top-large:80px;--awb-spacing-right-large:7.68%;--awb-margin-bottom-large:0px;--awb-spacing-left-large:7.68%;--awb-width-medium:25%;--awb-spacing-right-medium:7.68%;--awb-spacing-left-medium:7.68%;--awb-width-small:25%;--awb-spacing-right-small:7.68%;--awb-spacing-left-small:7.68%;\"><div class=\"fusion-column-wrapper fusion-column-has-shadow fusion-flex-justify-content-flex-start fusion-content-layout-column\"><div class=\"fusion-text fusion-text-2\"><p><img decoding=\"async\" class=\"alignnone wp-image-3010 size-full\" title=\"Richard R. Robles\" src=\"https:\/\/roblespa.com\/wp-content\/uploads\/2019\/10\/Richard-R.-Robles.png\" alt=\"Richard R. Robles\" width=\"391\" height=\"323\" srcset=\"https:\/\/roblespa.com\/wp-content\/uploads\/2019\/10\/Richard-R.-Robles-200x165.png 200w, https:\/\/roblespa.com\/wp-content\/uploads\/2019\/10\/Richard-R.-Robles-300x248.png 300w, https:\/\/roblespa.com\/wp-content\/uploads\/2019\/10\/Richard-R.-Robles.png 391w\" sizes=\"(max-width: 391px) 100vw, 391px\" \/><\/p>\n<\/div><div class=\"fusion-separator fusion-full-width-sep\" style=\"align-self: center;margin-left: auto;margin-right: auto;width:100%;\"><\/div><div class=\"fusion-separator fusion-full-width-sep\" style=\"align-self: center;margin-left: auto;margin-right: auto;width:100%;\"><\/div><div class=\"fusion-separator fusion-full-width-sep\" style=\"align-self: center;margin-left: auto;margin-right: auto;width:100%;\"><\/div><div class=\"fusion-separator fusion-full-width-sep\" style=\"align-self: center;margin-left: auto;margin-right: auto;width:100%;\"><\/div><div class=\"fusion-social-links fusion-social-links-1\" style=\"--awb-margin-top:0px;--awb-margin-right:0px;--awb-margin-bottom:0px;--awb-margin-left:0px;--awb-alignment:center;--awb-box-border-top:0px;--awb-box-border-right:0px;--awb-box-border-bottom:0px;--awb-box-border-left:0px;--awb-icon-colors-hover:var(--awb-color4);--awb-box-colors-hover:var(--awb-color1);--awb-box-border-color:var(--awb-color3);--awb-box-border-color-hover:var(--awb-color4);\"><div class=\"fusion-social-networks boxed-icons color-type-brand\"><div class=\"fusion-social-networks-wrapper\"><a class=\"fusion-social-network-icon fusion-tooltip fusion-twitter awb-icon-twitter\" style=\"color:#ffffff;font-size:16px;width:16px;background-color:#55acee;border-color:#55acee;border-radius:4px;\" data-placement=\"top\" data-title=\"Twitter\" data-toggle=\"tooltip\" title=\"Twitter\" aria-label=\"twitter\" target=\"_blank\" rel=\"noopener noreferrer nofollow\" href=\"https:\/\/twitter.com\/r_roblespa\"><\/a><a class=\"fusion-social-network-icon fusion-tooltip fusion-facebook awb-icon-facebook\" style=\"color:#ffffff;font-size:16px;width:16px;background-color:#3b5998;border-color:#3b5998;border-radius:4px;\" data-placement=\"top\" data-title=\"Facebook\" data-toggle=\"tooltip\" title=\"Facebook\" aria-label=\"facebook\" target=\"_blank\" rel=\"noopener noreferrer nofollow\" href=\"https:\/\/www.facebook.com\/pages\/Law-Offices-of-Richard-R-Robles-PA\/126053050760393\"><\/a><a class=\"fusion-social-network-icon fusion-tooltip fusion-linkedin awb-icon-linkedin\" style=\"color:#ffffff;font-size:16px;width:16px;background-color:#0077b5;border-color:#0077b5;border-radius:4px;\" data-placement=\"top\" data-title=\"LinkedIn\" data-toggle=\"tooltip\" title=\"LinkedIn\" aria-label=\"linkedin\" target=\"_blank\" rel=\"noopener noreferrer nofollow\" href=\"https:\/\/www.linkedin.com\/pub\/richard-r-robles-esquire\/63\/b68\/566\"><\/a><\/div><\/div><\/div><\/div><\/div><\/div><\/div><div class=\"fusion-fullwidth fullwidth-box fusion-builder-row-2 fusion-flex-container nonhundred-percent-fullwidth non-hundred-percent-height-scrolling\" style=\"--awb-border-radius-top-left:0px;--awb-border-radius-top-right:0px;--awb-border-radius-bottom-right:0px;--awb-border-radius-bottom-left:0px;--awb-padding-top:0px;--awb-padding-right:0px;--awb-padding-bottom:0px;--awb-padding-left:0px;--awb-margin-top:0px;--awb-margin-bottom:0px;--awb-flex-wrap:wrap;\" ><div class=\"fusion-builder-row fusion-row fusion-flex-align-items-flex-start fusion-flex-content-wrap\" style=\"max-width:1248px;margin-left: calc(-4% \/ 2 );margin-right: calc(-4% \/ 2 );\"><div class=\"fusion-layout-column fusion_builder_column fusion-builder-column-2 fusion_builder_column_3_4 3_4 fusion-flex-column Col3\" style=\"--awb-padding-top:0px;--awb-padding-right:0px;--awb-padding-bottom:0px;--awb-padding-left:0px;--awb-bg-size:cover;--awb-width-large:75%;--awb-margin-top-large:30px;--awb-spacing-right-large:2.56%;--awb-margin-bottom-large:0px;--awb-spacing-left-large:2.56%;--awb-width-medium:75%;--awb-spacing-right-medium:2.56%;--awb-spacing-left-medium:2.56%;--awb-width-small:75%;--awb-spacing-right-small:2.56%;--awb-spacing-left-small:2.56%;\"><div class=\"fusion-column-wrapper fusion-column-has-shadow fusion-flex-justify-content-flex-start fusion-content-layout-column\"><div class=\"fusion-text fusion-text-3\"><h2 class=\"languagesTitle\"><span style=\"font-family: Prata; font-size: 24px; color: #4f80cd;\"><a href=\"\/wp-content\/uploads\/2019\/10\/languagesIcon.png\"><img decoding=\"async\" class=\"alignnone size-full wp-image-3001\" src=\"\/wp-content\/uploads\/2019\/10\/languagesIcon.png\" alt=\"\" width=\"30\" height=\"30\" title=\"\"><\/a>El idioma<\/span><\/h2>\n<p><span style=\"font-family: Prata; font-size: 16px;\"><span style=\"color: #4f80cd;\">\u00a0 \u00a0 \u2192<\/span>El ingl\u00e9s<\/span><\/p>\n<p><span style=\"font-family: Prata; font-size: 16px;\"><span style=\"color: #4f80cd;\">\u00a0 \u00a0 \u2192<\/span>El espa\u00f1ol<\/span><\/p>\n<h2 class=\"licensureTitle\"><span style=\"font-family: Prata; font-size: 24px; color: #4f80cd;\"><a href=\"\/wp-content\/uploads\/2019\/10\/licensureIcon.png\"><img decoding=\"async\" class=\"alignnone size-full wp-image-3002\" src=\"\/wp-content\/uploads\/2019\/10\/licensureIcon.png\" alt=\"\" width=\"30\" height=\"30\" title=\"\"><\/a>Licensure<\/span><\/h2>\n<ul>\n<li class=\"translation-block\"><span style=\"font-family: Prata;font-size: 16px\">Admitido a<a href=\"http:\/\/www.floridabar.org\/\" target=\"_self\">\u00a0The Florida Bar<\/a>, 1996<\/span><\/li>\n<li><span style=\"font-family: Prata; font-size: 16px;\">Admitida a la pr\u00e1ctica en\u00a0<a href=\"https:\/\/www.flsd.uscourts.gov\/?page_id=7850\" target=\"_blank\" rel=\"noopener\">El Tribunal de Distrito de Estados Unidos para el Sur, Oriente y Norte del Distrito de Florida<\/a>, 1997<\/span><\/li>\n<li><span style=\"font-family: Prata; font-size: 16px;\">Admitida a la pr\u00e1ctica en\u00a0<a href=\"\/es\/team-member\/www.prd.uscourts.gov\/\">La Corte de Distrito de los Estados Unidos en Puerto Rico<\/a>, 2012<\/span><\/li>\n<li><span style=\"font-family: Prata; font-size: 16px;\">Admitida a la pr\u00e1ctica en el Tribunal de Apelaciones de los Estados Unidos, Primer Circuito, 2017<\/span><\/li>\n<li><span style=\"font-family: Prata; font-size: 16px;\">Admitido a\u00a0<a href=\"http:\/\/www.prd.uscourts.gov\/\" target=\"_blank\" rel=\"noopener\">La Corte de Apelaciones de Estados Unidos, 11\u00ba circuito<\/a>, 1999<\/span><\/li>\n<li><span style=\"font-family: Prata; font-size: 16px;\">Admitido a\u00a0<a href=\"http:\/\/www.supremecourt.gov\/\" target=\"_blank\" rel=\"noopener\">El Tribunal Supremo de los Estados Unidos<\/a>, 2002<\/span><\/li>\n<li><span style=\"font-family: Prata; font-size: 16px;\">Agente inmobiliario con licencia, 2004<\/span><\/li>\n<\/ul>\n<h2 class=\"educationTitle\"><span style=\"font-family: Prata; font-size: 24px; color: #4f80cd;\"><a href=\"\/wp-content\/uploads\/2019\/10\/educationIcon.png\"><img decoding=\"async\" class=\"alignnone size-full wp-image-3003\" src=\"\/wp-content\/uploads\/2019\/10\/educationIcon.png\" alt=\"\" width=\"30\" height=\"30\" title=\"\"><\/a>La educaci\u00f3n<\/span><\/h2>\n<ul>\n<li><span style=\"font-family: Prata; font-size: 16px;\">Juris Doctor,\u00a0<a href=\"http:\/\/law.shu.edu\/\" target=\"_blank\" rel=\"noopener\">Seton Hall University, Facultad de Derecho<\/a>, 1996<\/span><\/li>\n<li><span style=\"font-family: Prata; font-size: 16px;\">B.B.A.,\u00a0<a href=\"http:\/\/law.shu.edu\/\" target=\"_blank\" rel=\"noopener\">La Universidad Internacional de la Florida<\/a>, 1993 (Management &amp; International Business)<\/span><\/li>\n<\/ul>\n<h2 class=\"membershipTitle\"><span style=\"font-family: Prata; font-size: 24px; color: #4f80cd;\"><a href=\"\/wp-content\/uploads\/2019\/10\/membershipIcon.png\"><img decoding=\"async\" class=\"alignnone size-full wp-image-3004\" src=\"\/wp-content\/uploads\/2019\/10\/membershipIcon.png\" alt=\"\" width=\"30\" height=\"30\" title=\"\"><\/a>La afiliaci\u00f3n<\/span><\/h2>\n<ul>\n<li><span style=\"font-family: Prata; font-size: 16px;\"><strong>El agente<\/strong>, Abogados' Title Insurance Fund, 1998<\/span><\/li>\n<li><span style=\"font-family: Prata; font-size: 16px;\"><strong>El fundador<\/strong>,\u00a0<a href=\"http:\/\/www.prbaflorida.org\/past-presidents\/richard-r-robles-2012-2013\" target=\"_blank\" rel=\"noopener\">Asociaci\u00f3n del Colegio de Abogados de Puerto Rico de la Florida<\/a>, 2003<\/span><\/li>\n<li><span style=\"font-family: Prata; font-size: 16px;\"><strong>El presidente<\/strong>,\u00a0<a href=\"http:\/\/www.floridabar.org\/wps\/portal\/flbar\/home\/attysearch\/mprofile\/!ut\/p\/z1\/jY_LDoIwFEQ_qdMKLSyvBkmLWOMDoRvTFWmi6ML4_ZLGjQvQ2d3knNwZ5ljL3OBfoffPcB_8dbw7Jy8QouD2AFMa4qBqn-5MXQFCsnME6pwTTzKYLKE1dKMarY5c0DZl7h9_Boj-RAij775fWKlWILtBXhRLoFx8gImKsHweiBt-tXjcTi2C7t--_LSO\/dz\/d5\/L2dBISEvZ0FBIS9nQSEh\/?mid=88481\" target=\"_blank\" rel=\"noopener\">El Florida Bar, Und\u00e9cimo Circuito de comit\u00e9 del agravio<\/a>\u00a0&#8220;C&#8221;, 2012<\/span><\/li>\n<li><span style=\"font-family: Prata; font-size: 16px;\"><strong>El miembro<\/strong>,\u00a0<a href=\"http:\/\/www.floridabar.org\/wps\/portal\/flbar\/home\/attysearch\/mprofile\/!ut\/p\/z1\/jY_LDoIwFEQ_qdMKLSyvBkmLWOMDoRvTFWmi6ML4_ZLGjQvQ2d3knNwZ5ljL3OBfoffPcB_8dbw7Jy8QouD2AFMa4qBqn-5MXQFCsnME6pwTTzKYLKE1dKMarY5c0DZl7h9_Boj-RAij775fWKlWILtBXhRLoFx8gImKsHweiBt-tXjcTi2C7t--_LSO\/dz\/d5\/L2dBISEvZ0FBIS9nQSEh\/?mid=88481\" target=\"_blank\" rel=\"noopener\">El Florida Bar, Business Law Section, quiebra judicial comit\u00e9 de enlace<\/a><\/span><\/li>\n<li><span style=\"font-family: Prata; font-size: 16px;\"><strong>El miembro<\/strong>,<a href=\"http:\/\/community.law.edu\/page.aspx?pid=699\" target=\"_blank\" rel=\"noopener\">\u00a0Col\u00f3n Abogados Asociaci\u00f3n de Graduados<\/a><\/span><\/li>\n<li><span style=\"font-family: Prata; font-size: 16px;\"><strong>El miembro<\/strong>,\u00a0<a href=\"http:\/\/www.fedbar.org\/chapters\/hon-raymond-l-acosta-puerto-rico-chapter.aspx\" target=\"_blank\" rel=\"noopener\">Federal Bar Association, Honorable Raymond L. Acosta Puerto Rico<\/a><\/span><\/li>\n<li><span style=\"font-family: Prata; font-size: 16px;\"><strong>El miembro<\/strong>,\u00a0<a href=\"http:\/\/www.bbasdfl.org\/\" target=\"_blank\" rel=\"noopener\">La quiebra Colegio de Abogados del Distrito Sur de la Florida<\/a><\/span><\/li>\n<li><span style=\"font-family: Prata; font-size: 16px;\"><strong>El miembro,<\/strong>\u00a0<a href=\"http:\/\/cabaonline.com\/\" target=\"_blank\" rel=\"noopener\">Cuban American Bar Association.<\/a><\/span><\/li>\n<\/ul>\n<\/div><\/div><\/div><div class=\"fusion-layout-column fusion_builder_column fusion-builder-column-3 fusion_builder_column_1_4 1_4 fusion-flex-column\" style=\"--awb-padding-bottom:30px;--awb-bg-color:#f0f0f0;--awb-bg-color-hover:#f0f0f0;--awb-bg-size:cover;--awb-border-color:#4f80cd;--awb-border-top:1px;--awb-border-right:1px;--awb-border-bottom:1px;--awb-border-left:1px;--awb-border-style:solid;--awb-width-large:25%;--awb-margin-top-large:20px;--awb-spacing-right-large:7.68%;--awb-margin-bottom-large:20px;--awb-spacing-left-large:7.68%;--awb-width-medium:25%;--awb-spacing-right-medium:7.68%;--awb-spacing-left-medium:7.68%;--awb-width-small:25%;--awb-spacing-right-small:7.68%;--awb-spacing-left-small:7.68%;\"><div class=\"fusion-column-wrapper fusion-column-has-shadow fusion-flex-justify-content-flex-start fusion-content-layout-column\"><div class=\"fusion-text fusion-text-4\"><h1 style=\"text-align: center;\"><span style=\"color: #4f80cd; font-family: Prata; font-size: 28px;\">Equipo<\/span><\/h1>\n<\/div><div style=\"text-align:center;\"><a class=\"fusion-button button-flat button-medium button-blue fusion-button-blue button-2 fusion-button-default-span fusion-button-default-type\" target=\"_self\" href=\"\/es\/miami-bankruptcy-law-firm-our-team\/richard-r-robles\/\"><span class=\"fusion-button-text\">Richard R. Robles<\/span><\/a><\/div><div class=\"fusion-separator fusion-full-width-sep\" style=\"align-self: center;margin-left: auto;margin-right: auto;width:100%;\"><\/div><\/div><\/div><\/div><\/div><\/p>","protected":false},"excerpt":{"rendered":"","protected":false},"author":3,"featured_media":0,"parent":1938,"menu_order":0,"comment_status":"closed","ping_status":"closed","template":"100-width.php","meta":{"footnotes":""},"class_list":["post-2965","page","type-page","status-publish","hentry"],"_links":{"self":[{"href":"https:\/\/roblespa.com\/es\/wp-json\/wp\/v2\/pages\/2965","targetHints":{"allow":["GET"]}}],"collection":[{"href":"https:\/\/roblespa.com\/es\/wp-json\/wp\/v2\/pages"}],"about":[{"href":"https:\/\/roblespa.com\/es\/wp-json\/wp\/v2\/types\/page"}],"author":[{"embeddable":true,"href":"https:\/\/roblespa.com\/es\/wp-json\/wp\/v2\/users\/3"}],"replies":[{"embeddable":true,"href":"https:\/\/roblespa.com\/es\/wp-json\/wp\/v2\/comments?post=2965"}],"version-history":[{"count":1,"href":"https:\/\/roblespa.com\/es\/wp-json\/wp\/v2\/pages\/2965\/revisions"}],"predecessor-version":[{"id":5507,"href":"https:\/\/roblespa.com\/es\/wp-json\/wp\/v2\/pages\/2965\/revisions\/5507"}],"up":[{"embeddable":true,"href":"https:\/\/roblespa.com\/es\/wp-json\/wp\/v2\/pages\/1938"}],"wp:attachment":[{"href":"https:\/\/roblespa.com\/es\/wp-json\/wp\/v2\/media?parent=2965"}],"curies":[{"name":"wp","href":"https:\/\/api.w.org\/{rel}","templated":true}]}}