{"id":3775,"date":"2020-06-04T09:14:44","date_gmt":"2020-06-04T13:14:44","guid":{"rendered":"https:\/\/roblespa.com\/?page_id=3775"},"modified":"2020-07-15T19:58:02","modified_gmt":"2020-07-15T23:58:02","slug":"what-is-the-difference-between-a-chapter-7-and-a-chapter-13-in-bankruptcy-miami","status":"publish","type":"page","link":"https:\/\/roblespa.com\/es\/what-is-the-difference-between-a-chapter-7-and-a-chapter-13-in-bankruptcy-miami\/","title":{"rendered":"\u00bfCu\u00e1l es la diferencia entre una bancarrota del Cap\u00edtulo 7 y una bancarrota del Cap\u00edtulo 13?"},"content":{"rendered":"<div class=\"fusion-fullwidth fullwidth-box fusion-builder-row-1 fusion-flex-container nonhundred-percent-fullwidth non-hundred-percent-height-scrolling\" style=\"--awb-border-radius-top-left:0px;--awb-border-radius-top-right:0px;--awb-border-radius-bottom-right:0px;--awb-border-radius-bottom-left:0px;--awb-background-color:#4f80cd;--awb-flex-wrap:wrap;\" ><div class=\"fusion-builder-row fusion-row fusion-flex-align-items-flex-start fusion-flex-content-wrap\" style=\"max-width:calc( 1200px + 0px );margin-left: calc(-0px \/ 2 );margin-right: calc(-0px \/ 2 );\"><div class=\"fusion-layout-column fusion_builder_column fusion-builder-column-0 fusion_builder_column_1_1 1_1 fusion-flex-column\" style=\"--awb-padding-right:50px;--awb-padding-left:50px;--awb-bg-size:cover;--awb-width-large:100%;--awb-margin-top-large:0px;--awb-spacing-right-large:0px;--awb-margin-bottom-large:0px;--awb-spacing-left-large:0px;--awb-width-medium:100%;--awb-spacing-right-medium:0px;--awb-spacing-left-medium:0px;--awb-width-small:100%;--awb-spacing-right-small:0px;--awb-spacing-left-small:0px;\"><div class=\"fusion-column-wrapper fusion-column-has-shadow fusion-flex-justify-content-flex-start fusion-content-layout-column\"><div class=\"fusion-text fusion-text-1\"><h1><span style=\"font-family: Prata; color: #ffffff;\">\u00bfCu\u00e1l es la diferencia entre una bancarrota del Cap\u00edtulo 7 y una bancarrota del Cap\u00edtulo 13?<\/span><\/h1>\n<p dir=\"ltr\" style=\"text-align: justify;\"><span style=\"font-family: Prata; color: #ffffff; font-size: 20px;\">El cap\u00edtulo 7 es una liquidaci\u00f3n. Los activos no exentos de la persona individual o de la entidad comercial se convierten en parte del patrimonio de bancarrota y se venden para pagar a los acreedores. Las personas reciben una descarga y las entidades comerciales se cierran. Los deudores individuales deber\u00e1n aprobar la Prueba de medios (Means Test) para calificar para el Cap\u00edtulo 7 en funci\u00f3n de los ingresos de su hogar. Un Cap\u00edtulo 13 solo est\u00e1 disponible para individuos. Un Cap\u00edtulo 13 es una reestructuraci\u00f3n en la que el deudor realizar\u00e1 alguna forma de pago para cancelar su deuda. El pago se determina en funci\u00f3n de los ingresos y el valor de los activos no exentos. El per\u00edodo de pago suele ser de tres a cinco a\u00f1os.<\/span><\/p>\n<h2 style=\"text-align: justify;\"><span style=\"font-family: Prata; color: #ffffff; font-size: 20px;\">Si usted est\u00e1 buscando un Miami abogado de bancarrota o quiebra bufete de abogados ofrece servicios de Florida o Puerto Rico, est\u00e1s en el lugar correcto. Haga clic en\u00a0<span style=\"color: #00ccff;\"><a style=\"color: #00ccff;\" href=\"\/es\/services\/\">aqu\u00ed<\/a><\/span>\u00a0Para ver una lista completa de nuestros servicios.<\/span><\/h2>\n<p style=\"text-align: justify;\" class=\"translation-block\"><span style=\"font-family: Prata;color: #ffffff\">Vuelva a la p\u00e1gina\u00a0<a style=\"color: #ffffff\" href=\"\/es\/FAQ\" target=\"_self\"><span style=\"color: #00ccff\">FAQ<\/span>.<\/a><\/span><\/p>\n<\/div><\/div><\/div><\/div><\/div>","protected":false},"excerpt":{"rendered":"","protected":false},"author":3,"featured_media":0,"parent":0,"menu_order":0,"comment_status":"closed","ping_status":"closed","template":"100-width.php","meta":{"footnotes":""},"class_list":["post-3775","page","type-page","status-publish","hentry"],"_links":{"self":[{"href":"https:\/\/roblespa.com\/es\/wp-json\/wp\/v2\/pages\/3775","targetHints":{"allow":["GET"]}}],"collection":[{"href":"https:\/\/roblespa.com\/es\/wp-json\/wp\/v2\/pages"}],"about":[{"href":"https:\/\/roblespa.com\/es\/wp-json\/wp\/v2\/types\/page"}],"author":[{"embeddable":true,"href":"https:\/\/roblespa.com\/es\/wp-json\/wp\/v2\/users\/3"}],"replies":[{"embeddable":true,"href":"https:\/\/roblespa.com\/es\/wp-json\/wp\/v2\/comments?post=3775"}],"version-history":[{"count":0,"href":"https:\/\/roblespa.com\/es\/wp-json\/wp\/v2\/pages\/3775\/revisions"}],"wp:attachment":[{"href":"https:\/\/roblespa.com\/es\/wp-json\/wp\/v2\/media?parent=3775"}],"curies":[{"name":"wp","href":"https:\/\/api.w.org\/{rel}","templated":true}]}}